{"id":8694,"date":"2023-05-09T16:00:02","date_gmt":"2023-05-09T14:00:02","guid":{"rendered":"https:\/\/ceiconsultoria.net\/zerbitzuak\/ingurumena-eta-energia\/ekoetiketa-europearra-ecolabel\/"},"modified":"2023-05-09T16:30:02","modified_gmt":"2023-05-09T14:30:02","slug":"ekoetiketa-europearra-ecolabel","status":"publish","type":"page","link":"https:\/\/ceiconsultoria.net\/eu\/zerbitzuak\/ingurumena-eta-energia\/ekoetiketa-europearra-ecolabel\/","title":{"rendered":"Ekoetiketa Europearra Ecolabel"},"content":{"rendered":"<div class=\"wpb-content-wrapper\"><p>[vc_row css=&#8221;.vc_custom_1655455739438{margin-top: 20px !important;}&#8221;][vc_column]<div class=\"content_section\" style=\"border-color:#e4e4e4;border-style: none;border-top-width: 1px;border-right-width: 0px;border-bottom-width: 1px;border-left-width: 0px;\"><div class=\"hm_no_overlay\" style=\"\"><div class=\"container\">[vc_column_text]Europar Batasuneko 66\/2010 Erregelamenduak arautua: produktu edo zerbitzu bat ekoizpen eta kontsumo iraunkorraren politikaren arabera ekoitzi den jakitea ahalbidetzen du, ekoizpenak eta kontsumoak ingurumenean, osasunean, kliman eta naturan eragin negatiboa murriztuz. baliabideak.<\/p>\n<p>Ingurumen-ondorio kaltegarriak murrizten dituzten produktuak edo zerbitzuak sustatzen ditu, kategoria bereko beste produktu edo zerbitzu batzuekin alderatuta, horrela baliabideen erabilera eraginkorra eta ingurumena babesteko maila altua lortzen lagunduz.[\/vc_column_text]<div class=\"main_title no_line  main_title12\">\n\t\t\t\t<h2 style=\"text-transform: capitalize;color: #444444;\"><b>Abantailak:<\/b><\/h2>\n\t\t\t<\/div><ul class=\"list3 clearfix\"><li>Ingurumen-errendimendua hobetzea dakar ingurumen-kudeaketa eta kontrol-sistema dokumentatuari esker.<\/li><li>Hirugarrenek egiaztatzen dute eta Europako Batzordeak ematen du, bere organo eskudunen bitartez.<\/li><li>Beste enpresen aurrean ingurumen-bereizkuntza suposatzen du.<\/li><li>Ostatuak ingurumen-irizpide zorrotzak betetzen dituela erakusten du, informazio zorrotz eta fidagarriaren eskari gero eta handiagoari erantzunez.<\/li><li>Bizi-zikloaren ikuspegia du, eta horrek erakundearen kudeaketan esparru integrala dakar.<\/li><\/ul>[vc_empty_space height=&#8221;30px&#8221;]<div class=\"main_title no_line  main_title21\">\n\t\t\t\t<h2 style=\"text-transform: capitalize;color: #444444;\"><b>Faseak:<\/b><\/h2>\n\t\t\t<\/div><ul class=\"list3 clearfix\"><li>Produktu edo zerbitzuaren arabera aplikagarriak diren irizpideak zehaztea<\/li><li>Eskakizunak betetzeko neurriak ezartzea<\/li><li>Hirugarrenen eskakizunen ebaluazioa<\/li><li>Etiketa eskatzea organo eskudunari<\/li><\/ul>[vc_empty_space height=&#8221;30px&#8221;]<a class=\"btn_a medium_btn color1 ideal_button1\" target=\"_self\" href=\"https:\/\/ceiconsultoria.net\/eu\/kontaktua\/\" style=\"margin-top:0px;margin-bottom:0px;\">\n\t\t\t\t\t\t<span style=\"background-color:#fd6315;\">\n\t\t\t\t\t\t\t<i class=\"in_left ico-angle-right\"><\/i>\n\t\t\t\t\t\t\t<span>Informazioa eskatu<\/span>\n\t\t\t\t\t\t\t<i class=\"in_right ico-angle-right\"><\/i>\n\t\t\t\t\t\t<\/span>\n\t\t\t\t\t<\/a><style>.ideal_button1{background-color:#fd6315 !important;border-color:#fd6315 !important;color:#fff;}.ideal_button1:hover{background-color:#fd6315 !important;border-color:#fd6315 !important;color:#fff;}<\/style><\/div><\/div><\/div>[vc_empty_space][\/vc_column][\/vc_row][vc_row][vc_column]<div class=\"content_section\" style=\"\"><div class=\"hm_no_overlay\" style=\"\"><div class=\"container\">[vc_empty_space height=&#8221;40px&#8221;]<div class=\"icon_boxes_con style1 circle just_icon_border clearfix just_style3\"><div class=\"col-md-4 animated\" data-animation=\"fadeInLeft\" data-animation-delay=\"300\"><div class=\"service_box\">\n\t\t\t\t\t\t\t<span class=\"icon hm_icon_num1\"><i class=\"ico-recycle2\"><\/i><\/span>\n\t\t\t\t\t\t\t<div class=\"service_box_con centered\">\n\t\t\t\t\t\t\t\t<h3><a href=\"https:\/\/ceiconsultoria.net\/eu\/zerbitzuak\/ingurumena-eta-energia\/ekonomia-zirkularraren-diagnostikoa\" target=\"_self\">Ekonomia Zirkularraren Diagnostikoa<\/a><\/h3>\n\t\t\t\t\t\t\t\t<span class=\"desc\"><\/span>\n\t\t\t\t\t\t\t<\/div>\n\t\t\t\t\t\t<\/div>\n\t\t\t\t\t\t\n\t\t\t\t\t<\/div><div class=\"col-md-4 animated\" data-animation=\"fadeInLeft\" data-animation-delay=\"400\"><div class=\"service_box\">\n\t\t\t\t\t\t\t<span class=\"icon hm_icon_num2\"><i class=\"ico-global\"><\/i><\/span>\n\t\t\t\t\t\t\t<div class=\"service_box_con centered\">\n\t\t\t\t\t\t\t\t<h3><a href=\"https:\/\/ceiconsultoria.net\/eu\/zerbitzuak\/ingurumena-eta-energia\/karbono-aztarna\/\" target=\"_self\">Karbono aztarna<\/a><\/h3>\n\t\t\t\t\t\t\t\t<span class=\"desc\"><\/span>\n\t\t\t\t\t\t\t<\/div>\n\t\t\t\t\t\t<\/div>\n\t\t\t\t\t\t\n\t\t\t\t\t<\/div><div class=\"col-md-4 animated\" data-animation=\"fadeInLeft\" data-animation-delay=\"500\"><div class=\"service_box\">\n\t\t\t\t\t\t\t<span class=\"icon hm_icon_num3\"><i class=\"ico-globe3\"><\/i><\/span>\n\t\t\t\t\t\t\t<div class=\"service_box_con centered\">\n\t\t\t\t\t\t\t\t<h3><a href=\"https:\/\/ceiconsultoria.net\/eu\/zerbitzuak\/ingurumena-eta-energia\/ekodiseinua\/\" target=\"_self\">Ekodiseinua<\/a><\/h3>\n\t\t\t\t\t\t\t\t<span class=\"desc\"><\/span>\n\t\t\t\t\t\t\t<\/div>\n\t\t\t\t\t\t<\/div>\n\t\t\t\t\t\t\n\t\t\t\t\t<\/div><\/div><div class=\"icon_boxes_con style1 circle just_icon_border clearfix just_style3\"><div class=\"col-md-3 animated\" data-animation=\"fadeInLeft\" data-animation-delay=\"300\"><div class=\"service_box\">\n\t\t\t\t\t\t\t<span class=\"icon hm_icon_num4\"><i class=\"ico-trash4\"><\/i><\/span>\n\t\t\t\t\t\t\t<div class=\"service_box_con centered\">\n\t\t\t\t\t\t\t\t<h3><a href=\"https:\/\/ceiconsultoria.net\/eu\/zerbitzuak\/ingurumena-eta-energia\/zero-waste-sistema\/\" target=\"_self\">Zero Waste Sistema<\/a><\/h3>\n\t\t\t\t\t\t\t\t<span class=\"desc\"><\/span>\n\t\t\t\t\t\t\t<\/div>\n\t\t\t\t\t\t<\/div>\n\t\t\t\t\t\t\n\t\t\t\t\t<\/div><div class=\"col-md-3 animated\" data-animation=\"fadeInLeft\" data-animation-delay=\"400\"><div class=\"service_box\">\n\t\t\t\t\t\t\t<span class=\"icon hm_icon_num5\"><i class=\"ico-leaf\"><\/i><\/span>\n\t\t\t\t\t\t\t<div class=\"service_box_con centered\">\n\t\t\t\t\t\t\t\t<h3><a href=\"https:\/\/ceiconsultoria.net\/eu\/zerbitzuak\/ingurumena-eta-energia\/garapen-iraunkorreko-helburuak\/\" target=\"_self\">Garapen Iraunkorreko Helburuak<\/a><\/h3>\n\t\t\t\t\t\t\t\t<span class=\"desc\"><\/span>\n\t\t\t\t\t\t\t<\/div>\n\t\t\t\t\t\t<\/div>\n\t\t\t\t\t\t\n\t\t\t\t\t<\/div><div class=\"col-md-3 animated\" data-animation=\"fadeInLeft\" data-animation-delay=\"500\"><div class=\"service_box\">\n\t\t\t\t\t\t\t<span class=\"icon hm_icon_num6\"><i class=\"ico-earth\"><\/i><\/span>\n\t\t\t\t\t\t\t<div class=\"service_box_con centered\">\n\t\t\t\t\t\t\t\t<h3><a href=\"https:\/\/ceiconsultoria.net\/eu\/zerbitzuak\/ingurumena-eta-energia\/erantzukizun-sozial-korporatiboa\/\" target=\"_self\">Erantzukizun Sozial Korporatiboa<\/a><\/h3>\n\t\t\t\t\t\t\t\t<span class=\"desc\"><\/span>\n\t\t\t\t\t\t\t<\/div>\n\t\t\t\t\t\t<\/div>\n\t\t\t\t\t\t\n\t\t\t\t\t<\/div><div class=\"col-md-3 animated\" data-animation=\"fadeInLeft\" data-animation-delay=\"600\"><div class=\"service_box\">\n\t\t\t\t\t\t\t<span class=\"icon hm_icon_num7\"><i class=\"ico-expand4\"><\/i><\/span>\n\t\t\t\t\t\t\t<div class=\"service_box_con centered\">\n\t\t\t\t\t\t\t\t<h3><a href=\"https:\/\/ceiconsultoria.net\/eu\/zerbitzuak\/ingurumena-eta-energia\/ekoetiketa-europearra-ecolabel\/\" target=\"_self\">Ekoetiketa<\/a><\/h3>\n\t\t\t\t\t\t\t\t<span class=\"desc\"><\/span>\n\t\t\t\t\t\t\t<\/div>\n\t\t\t\t\t\t<\/div>\n\t\t\t\t\t\t\n\t\t\t\t\t<\/div><\/div><\/div><\/div><\/div>[\/vc_column][\/vc_row]<\/p>\n<\/div>","protected":false},"excerpt":{"rendered":"<p>[vc_row css=&#8221;.vc_custom_1655455739438{margin-top: 20px !important;}&#8221;][vc_column][vc_empty_space][\/vc_column][\/vc_row][vc_row][vc_column][\/vc_column][\/vc_row]<\/p>\n","protected":false},"author":2,"featured_media":7958,"parent":8408,"menu_order":0,"comment_status":"closed","ping_status":"closed","template":"","meta":{"footnotes":""},"class_list":["post-8694","page","type-page","status-publish","has-post-thumbnail","hentry"],"yoast_head":"<!-- This site is optimized with the Yoast SEO plugin v25.8 - https:\/\/yoast.com\/wordpress\/plugins\/seo\/ -->\n<title>Ecoetiqueta Europea Ecolabel | Cei Consultor\u00eda<\/title>\n<meta name=\"description\" content=\"Europako Ekoetiketa ekologikoari esker, produktu edo zerbitzu bat ekoizpen eta kontsumo iraunkorraren politikaren arabera ekoitzi den jakitea ahalbidetzen digu.\" \/>\n<meta name=\"robots\" content=\"index, follow, max-snippet:-1, max-image-preview:large, max-video-preview:-1\" \/>\n<link rel=\"canonical\" href=\"https:\/\/ceiconsultoria.net\/eu\/zerbitzuak\/ingurumena-eta-energia\/ekoetiketa-europearra-ecolabel\/\" \/>\n<meta property=\"og:locale\" content=\"eu_ES\" \/>\n<meta property=\"og:type\" content=\"article\" \/>\n<meta property=\"og:title\" content=\"Ecoetiqueta Europea Ecolabel | Cei Consultor\u00eda\" \/>\n<meta property=\"og:description\" content=\"Europako Ekoetiketa ekologikoari esker, produktu edo zerbitzu bat ekoizpen eta kontsumo iraunkorraren politikaren arabera ekoitzi den jakitea ahalbidetzen digu.\" \/>\n<meta property=\"og:url\" content=\"https:\/\/ceiconsultoria.net\/eu\/zerbitzuak\/ingurumena-eta-energia\/ekoetiketa-europearra-ecolabel\/\" \/>\n<meta property=\"og:site_name\" content=\"Cei Consultor\u00eda\" \/>\n<meta property=\"article:publisher\" content=\"https:\/\/www.facebook.com\/GrupoCei\" \/>\n<meta property=\"article:modified_time\" content=\"2023-05-09T14:30:02+00:00\" \/>\n<meta property=\"og:image\" content=\"https:\/\/ceiconsultoria.net\/wp-content\/uploads\/2015\/12\/notgenericherobg.jpg\" \/>\n\t<meta property=\"og:image:width\" content=\"1920\" \/>\n\t<meta property=\"og:image:height\" content=\"1280\" \/>\n\t<meta property=\"og:image:type\" content=\"image\/jpeg\" \/>\n<meta name=\"twitter:card\" content=\"summary_large_image\" \/>\n<meta name=\"twitter:site\" content=\"@GrupoCei\" \/>\n<meta name=\"twitter:label1\" content=\"Est. reading time\" \/>\n\t<meta name=\"twitter:data1\" content=\"2 minutes\" \/>\n<script type=\"application\/ld+json\" class=\"yoast-schema-graph\">{\"@context\":\"https:\/\/schema.org\",\"@graph\":[{\"@type\":\"WebPage\",\"@id\":\"https:\/\/ceiconsultoria.net\/eu\/zerbitzuak\/ingurumena-eta-energia\/ekoetiketa-europearra-ecolabel\/\",\"url\":\"https:\/\/ceiconsultoria.net\/eu\/zerbitzuak\/ingurumena-eta-energia\/ekoetiketa-europearra-ecolabel\/\",\"name\":\"Ecoetiqueta Europea Ecolabel | Cei Consultor\u00eda\",\"isPartOf\":{\"@id\":\"https:\/\/ceiconsultoria.net\/eu\/#website\"},\"primaryImageOfPage\":{\"@id\":\"https:\/\/ceiconsultoria.net\/eu\/zerbitzuak\/ingurumena-eta-energia\/ekoetiketa-europearra-ecolabel\/#primaryimage\"},\"image\":{\"@id\":\"https:\/\/ceiconsultoria.net\/eu\/zerbitzuak\/ingurumena-eta-energia\/ekoetiketa-europearra-ecolabel\/#primaryimage\"},\"thumbnailUrl\":\"https:\/\/ceiconsultoria.net\/wp-content\/uploads\/2015\/12\/notgenericherobg.jpg\",\"datePublished\":\"2023-05-09T14:00:02+00:00\",\"dateModified\":\"2023-05-09T14:30:02+00:00\",\"description\":\"Europako Ekoetiketa ekologikoari esker, produktu edo zerbitzu bat ekoizpen eta kontsumo iraunkorraren politikaren arabera ekoitzi den jakitea ahalbidetzen digu.\",\"breadcrumb\":{\"@id\":\"https:\/\/ceiconsultoria.net\/eu\/zerbitzuak\/ingurumena-eta-energia\/ekoetiketa-europearra-ecolabel\/#breadcrumb\"},\"inLanguage\":\"eu-ES\",\"potentialAction\":[{\"@type\":\"ReadAction\",\"target\":[\"https:\/\/ceiconsultoria.net\/eu\/zerbitzuak\/ingurumena-eta-energia\/ekoetiketa-europearra-ecolabel\/\"]}]},{\"@type\":\"ImageObject\",\"inLanguage\":\"eu-ES\",\"@id\":\"https:\/\/ceiconsultoria.net\/eu\/zerbitzuak\/ingurumena-eta-energia\/ekoetiketa-europearra-ecolabel\/#primaryimage\",\"url\":\"https:\/\/ceiconsultoria.net\/wp-content\/uploads\/2015\/12\/notgenericherobg.jpg\",\"contentUrl\":\"https:\/\/ceiconsultoria.net\/wp-content\/uploads\/2015\/12\/notgenericherobg.jpg\",\"width\":1920,\"height\":1280},{\"@type\":\"BreadcrumbList\",\"@id\":\"https:\/\/ceiconsultoria.net\/eu\/zerbitzuak\/ingurumena-eta-energia\/ekoetiketa-europearra-ecolabel\/#breadcrumb\",\"itemListElement\":[{\"@type\":\"ListItem\",\"position\":1,\"name\":\"Inicio\",\"item\":\"https:\/\/ceiconsultoria.net\/eu\/\"},{\"@type\":\"ListItem\",\"position\":2,\"name\":\"Zerbitzuak\",\"item\":\"https:\/\/ceiconsultoria.net\/eu\/zerbitzuak\/\"},{\"@type\":\"ListItem\",\"position\":3,\"name\":\"Ingurumena eta energia\",\"item\":\"https:\/\/ceiconsultoria.net\/eu\/zerbitzuak\/ingurumena-eta-energia\/\"},{\"@type\":\"ListItem\",\"position\":4,\"name\":\"Ekoetiketa Europearra Ecolabel\"}]},{\"@type\":\"WebSite\",\"@id\":\"https:\/\/ceiconsultoria.net\/eu\/#website\",\"url\":\"https:\/\/ceiconsultoria.net\/eu\/\",\"name\":\"Cei Consultor\u00eda\",\"description\":\"Asesoramiento en gesti\u00f3n empresarial de innovaci\u00f3n y organizaci\u00f3n para adaptarse a los modelos de negocio que permitan a la empresa competir en la mejor posici\u00f3n.\",\"publisher\":{\"@id\":\"https:\/\/ceiconsultoria.net\/eu\/#organization\"},\"potentialAction\":[{\"@type\":\"SearchAction\",\"target\":{\"@type\":\"EntryPoint\",\"urlTemplate\":\"https:\/\/ceiconsultoria.net\/eu\/?s={search_term_string}\"},\"query-input\":{\"@type\":\"PropertyValueSpecification\",\"valueRequired\":true,\"valueName\":\"search_term_string\"}}],\"inLanguage\":\"eu-ES\"},{\"@type\":\"Organization\",\"@id\":\"https:\/\/ceiconsultoria.net\/eu\/#organization\",\"name\":\"Cei Consultor\u00eda\",\"url\":\"https:\/\/ceiconsultoria.net\/eu\/\",\"logo\":{\"@type\":\"ImageObject\",\"inLanguage\":\"eu-ES\",\"@id\":\"https:\/\/ceiconsultoria.net\/eu\/#\/schema\/logo\/image\/\",\"url\":\"https:\/\/ceiconsultoria.net\/wp-content\/uploads\/2020\/12\/cei-consultoria-l.png\",\"contentUrl\":\"https:\/\/ceiconsultoria.net\/wp-content\/uploads\/2020\/12\/cei-consultoria-l.png\",\"width\":208,\"height\":50,\"caption\":\"Cei Consultor\u00eda\"},\"image\":{\"@id\":\"https:\/\/ceiconsultoria.net\/eu\/#\/schema\/logo\/image\/\"},\"sameAs\":[\"https:\/\/www.facebook.com\/GrupoCei\",\"https:\/\/x.com\/GrupoCei\",\"https:\/\/es.linkedin.com\/company\/consultoria-cei\"]}]}<\/script>\n<!-- \/ Yoast SEO plugin. -->","yoast_head_json":{"title":"Ecoetiqueta Europea Ecolabel | Cei Consultor\u00eda","description":"Europako Ekoetiketa ekologikoari esker, produktu edo zerbitzu bat ekoizpen eta kontsumo iraunkorraren politikaren arabera ekoitzi den jakitea ahalbidetzen digu.","robots":{"index":"index","follow":"follow","max-snippet":"max-snippet:-1","max-image-preview":"max-image-preview:large","max-video-preview":"max-video-preview:-1"},"canonical":"https:\/\/ceiconsultoria.net\/eu\/zerbitzuak\/ingurumena-eta-energia\/ekoetiketa-europearra-ecolabel\/","og_locale":"eu_ES","og_type":"article","og_title":"Ecoetiqueta Europea Ecolabel | Cei Consultor\u00eda","og_description":"Europako Ekoetiketa ekologikoari esker, produktu edo zerbitzu bat ekoizpen eta kontsumo iraunkorraren politikaren arabera ekoitzi den jakitea ahalbidetzen digu.","og_url":"https:\/\/ceiconsultoria.net\/eu\/zerbitzuak\/ingurumena-eta-energia\/ekoetiketa-europearra-ecolabel\/","og_site_name":"Cei Consultor\u00eda","article_publisher":"https:\/\/www.facebook.com\/GrupoCei","article_modified_time":"2023-05-09T14:30:02+00:00","og_image":[{"width":1920,"height":1280,"url":"https:\/\/ceiconsultoria.net\/wp-content\/uploads\/2015\/12\/notgenericherobg.jpg","type":"image\/jpeg"}],"twitter_card":"summary_large_image","twitter_site":"@GrupoCei","twitter_misc":{"Est. reading time":"2 minutes"},"schema":{"@context":"https:\/\/schema.org","@graph":[{"@type":"WebPage","@id":"https:\/\/ceiconsultoria.net\/eu\/zerbitzuak\/ingurumena-eta-energia\/ekoetiketa-europearra-ecolabel\/","url":"https:\/\/ceiconsultoria.net\/eu\/zerbitzuak\/ingurumena-eta-energia\/ekoetiketa-europearra-ecolabel\/","name":"Ecoetiqueta Europea Ecolabel | Cei Consultor\u00eda","isPartOf":{"@id":"https:\/\/ceiconsultoria.net\/eu\/#website"},"primaryImageOfPage":{"@id":"https:\/\/ceiconsultoria.net\/eu\/zerbitzuak\/ingurumena-eta-energia\/ekoetiketa-europearra-ecolabel\/#primaryimage"},"image":{"@id":"https:\/\/ceiconsultoria.net\/eu\/zerbitzuak\/ingurumena-eta-energia\/ekoetiketa-europearra-ecolabel\/#primaryimage"},"thumbnailUrl":"https:\/\/ceiconsultoria.net\/wp-content\/uploads\/2015\/12\/notgenericherobg.jpg","datePublished":"2023-05-09T14:00:02+00:00","dateModified":"2023-05-09T14:30:02+00:00","description":"Europako Ekoetiketa ekologikoari esker, produktu edo zerbitzu bat ekoizpen eta kontsumo iraunkorraren politikaren arabera ekoitzi den jakitea ahalbidetzen digu.","breadcrumb":{"@id":"https:\/\/ceiconsultoria.net\/eu\/zerbitzuak\/ingurumena-eta-energia\/ekoetiketa-europearra-ecolabel\/#breadcrumb"},"inLanguage":"eu-ES","potentialAction":[{"@type":"ReadAction","target":["https:\/\/ceiconsultoria.net\/eu\/zerbitzuak\/ingurumena-eta-energia\/ekoetiketa-europearra-ecolabel\/"]}]},{"@type":"ImageObject","inLanguage":"eu-ES","@id":"https:\/\/ceiconsultoria.net\/eu\/zerbitzuak\/ingurumena-eta-energia\/ekoetiketa-europearra-ecolabel\/#primaryimage","url":"https:\/\/ceiconsultoria.net\/wp-content\/uploads\/2015\/12\/notgenericherobg.jpg","contentUrl":"https:\/\/ceiconsultoria.net\/wp-content\/uploads\/2015\/12\/notgenericherobg.jpg","width":1920,"height":1280},{"@type":"BreadcrumbList","@id":"https:\/\/ceiconsultoria.net\/eu\/zerbitzuak\/ingurumena-eta-energia\/ekoetiketa-europearra-ecolabel\/#breadcrumb","itemListElement":[{"@type":"ListItem","position":1,"name":"Inicio","item":"https:\/\/ceiconsultoria.net\/eu\/"},{"@type":"ListItem","position":2,"name":"Zerbitzuak","item":"https:\/\/ceiconsultoria.net\/eu\/zerbitzuak\/"},{"@type":"ListItem","position":3,"name":"Ingurumena eta energia","item":"https:\/\/ceiconsultoria.net\/eu\/zerbitzuak\/ingurumena-eta-energia\/"},{"@type":"ListItem","position":4,"name":"Ekoetiketa Europearra Ecolabel"}]},{"@type":"WebSite","@id":"https:\/\/ceiconsultoria.net\/eu\/#website","url":"https:\/\/ceiconsultoria.net\/eu\/","name":"Cei Consultor\u00eda","description":"Asesoramiento en gesti\u00f3n empresarial de innovaci\u00f3n y organizaci\u00f3n para adaptarse a los modelos de negocio que permitan a la empresa competir en la mejor posici\u00f3n.","publisher":{"@id":"https:\/\/ceiconsultoria.net\/eu\/#organization"},"potentialAction":[{"@type":"SearchAction","target":{"@type":"EntryPoint","urlTemplate":"https:\/\/ceiconsultoria.net\/eu\/?s={search_term_string}"},"query-input":{"@type":"PropertyValueSpecification","valueRequired":true,"valueName":"search_term_string"}}],"inLanguage":"eu-ES"},{"@type":"Organization","@id":"https:\/\/ceiconsultoria.net\/eu\/#organization","name":"Cei Consultor\u00eda","url":"https:\/\/ceiconsultoria.net\/eu\/","logo":{"@type":"ImageObject","inLanguage":"eu-ES","@id":"https:\/\/ceiconsultoria.net\/eu\/#\/schema\/logo\/image\/","url":"https:\/\/ceiconsultoria.net\/wp-content\/uploads\/2020\/12\/cei-consultoria-l.png","contentUrl":"https:\/\/ceiconsultoria.net\/wp-content\/uploads\/2020\/12\/cei-consultoria-l.png","width":208,"height":50,"caption":"Cei Consultor\u00eda"},"image":{"@id":"https:\/\/ceiconsultoria.net\/eu\/#\/schema\/logo\/image\/"},"sameAs":["https:\/\/www.facebook.com\/GrupoCei","https:\/\/x.com\/GrupoCei","https:\/\/es.linkedin.com\/company\/consultoria-cei"]}]}},"_links":{"self":[{"href":"https:\/\/ceiconsultoria.net\/eu\/wp-json\/wp\/v2\/pages\/8694","targetHints":{"allow":["GET"]}}],"collection":[{"href":"https:\/\/ceiconsultoria.net\/eu\/wp-json\/wp\/v2\/pages"}],"about":[{"href":"https:\/\/ceiconsultoria.net\/eu\/wp-json\/wp\/v2\/types\/page"}],"author":[{"embeddable":true,"href":"https:\/\/ceiconsultoria.net\/eu\/wp-json\/wp\/v2\/users\/2"}],"replies":[{"embeddable":true,"href":"https:\/\/ceiconsultoria.net\/eu\/wp-json\/wp\/v2\/comments?post=8694"}],"version-history":[{"count":7,"href":"https:\/\/ceiconsultoria.net\/eu\/wp-json\/wp\/v2\/pages\/8694\/revisions"}],"predecessor-version":[{"id":8703,"href":"https:\/\/ceiconsultoria.net\/eu\/wp-json\/wp\/v2\/pages\/8694\/revisions\/8703"}],"up":[{"embeddable":true,"href":"https:\/\/ceiconsultoria.net\/eu\/wp-json\/wp\/v2\/pages\/8408"}],"wp:featuredmedia":[{"embeddable":true,"href":"https:\/\/ceiconsultoria.net\/eu\/wp-json\/wp\/v2\/media\/7958"}],"wp:attachment":[{"href":"https:\/\/ceiconsultoria.net\/eu\/wp-json\/wp\/v2\/media?parent=8694"}],"curies":[{"name":"wp","href":"https:\/\/api.w.org\/{rel}","templated":true}]}}