{"id":8508,"date":"2019-06-04T11:13:50","date_gmt":"2019-06-04T09:13:50","guid":{"rendered":"https:\/\/ceiconsultoria.net\/zerbitzuak\/eraldaketa-digitala-informazio-sistemak-eta-negozio-adimena\/business-intelligence-analitica-power-bi-eta-big-data\/"},"modified":"2023-04-26T11:08:58","modified_gmt":"2023-04-26T09:08:58","slug":"business-intelligence-analitica-power-bi-eta-big-data","status":"publish","type":"page","link":"https:\/\/ceiconsultoria.net\/eu\/zerbitzuak\/eraldaketa-digitala-informazio-sistemak-eta-negozio-adimena\/business-intelligence-analitica-power-bi-eta-big-data\/","title":{"rendered":"Business Intelligence, Anal\u00edtica, Power BI eta Big Data"},"content":{"rendered":"<div class=\"wpb-content-wrapper\"><p>[vc_row][vc_column]<div class=\"content_section\" style=\"border-color:#e4e4e4;border-style: none;border-top-width: 1px;border-right-width: 0px;border-bottom-width: 1px;border-left-width: 0px;\"><div class=\"hm_no_overlay\" style=\"\"><div class=\"container\"><span class=\" description1\" style=\"text-transform: none;\">Zerbitzu honen helburua enpresari laguntzea da Business Intelligence sistemen ezarpenean negozio-eremu guztietako informazioa denbora errealean kontrolatu eta aztertzeko eta datuak ustiatzeko.&lt;br \/&gt;\nBusiness Intelligence soluzioekin lan egiteak informazio estrategiko guztia antolatzen du erabaki egokiak hartu ahal izateko eta ekintza bakoitza errentagarria izan dadin. Enpresak eta erakundeak informazio maila hobeetara eboluzionatzera eta optimizatzera behartuta daude, hori lortzeko, business intelligence sistemak aliatu handiak dira, enpresaren arlo guztiak aztertzea eta kudeatzea ahalbidetzen baitute.<\/span><\/div><\/div><\/div>[\/vc_column][\/vc_row][vc_row][vc_column]<div class=\"content_section\" style=\"\"><div class=\"hm_no_overlay\" style=\"padding-top:20px;\"><div class=\"container\"><div class=\"main_title no_line  main_title22\">\n\t\t\t\t<h2 style=\"text-transform: capitalize;color: #444444;\"><strong>Onurak:<\/strong><\/h2>\n\t\t\t<\/div><ul class=\"list3 clearfix\"><li>Arazoak, hutsuneak, aukerak identifikatzea antolakuntzan edo arlo\/sail zehatzean, nondik nora jo nahi dugun. Identifikatu KPIak, adierazleak, grafikoak, bilakaera, etab. eta diseinatzeko taulak, panelak, taulak, etab. gure erakundea hobeto kontrolatu, operatu eta kudeatzea errazten digutenak.<\/li><li>Datuen analisia. Aztertu gure egungo datu-iturriak ikusteko non eta nola atera eta nola eraldatu behar ditugun datuak, informazio eta ezagutza bihurtzeko&#8230; Eta, bide batez, gure datu-iturrietan ekintzak identifikatzea, hobeto ustiatzeko optimizatzeko.<\/li><li>Plangintza. Metodologia arinekin proiektuak garatzea, egungo eta etorkizuneko beharrak planifikatu eta fasekatzeko eta eboluzio azkarreko pilotuekin lan egiteko aukera emango diguna, inplementazioa faseka segmentatzea, lehentasunen arabera, enpresan fase bakoitzak duen eragin handienaren arabera, ezarpenaren konplexutasunean eta bere kostuan.<\/li><li>Diseinatutako aginte-panelak, eredu analitikoak, aurreikuspenak, etab. teknologia onenekin, merkatuko BI tresna nagusiekin, oso interaktibo eta intuitiboekin.<\/li><\/ul>[vc_empty_space]<a class=\"btn_a medium_btn color1 ideal_button1\" target=\"_self\" href=\"https:\/\/ceiconsultoria.net\/eu\/kontaktua\/\" style=\"margin-top:0px;margin-bottom:0px;\">\n\t\t\t\t\t\t<span style=\"background-color:#fd6315;\">\n\t\t\t\t\t\t\t<i class=\"in_left ico-angle-right\"><\/i>\n\t\t\t\t\t\t\t<span>Informazioa eskatu<\/span>\n\t\t\t\t\t\t\t<i class=\"in_right ico-angle-right\"><\/i>\n\t\t\t\t\t\t<\/span>\n\t\t\t\t\t<\/a><style>.ideal_button1{background-color:#fd6315 !important;border-color:#fd6315 !important;color:#fff;}.ideal_button1:hover{background-color:#fd6315 !important;border-color:#fd6315 !important;color:#fff;}<\/style><\/div><\/div><\/div>[\/vc_column][\/vc_row][vc_row][vc_column]<div class=\"content_section\" style=\"\"><div class=\"hm_no_overlay\" style=\"\"><div class=\"container\">[vc_empty_space height=&#8221;50px&#8221;]<div class=\"icon_boxes_con style1 circle just_icon_border clearfix just_style3\"><div class=\"col-md-4 animated\" data-animation=\"fadeInLeft\" data-animation-delay=\"300\"><div class=\"service_box\">\n\t\t\t\t\t\t\t<span class=\"icon hm_icon_num1\"><i class=\"ico-desktop-windows\"><\/i><\/span>\n\t\t\t\t\t\t\t<div class=\"service_box_con centered\">\n\t\t\t\t\t\t\t\t<h3><a href=\"https:\/\/ceiconsultoria.net\/eu\/zerbitzuak\/eraldaketa-digitala-informazio-sistemak-eta-negozio-adimena\/eraldaketa-digitalaren-plana\/\" target=\"_self\">Eraldaketa digitalaren plana<\/a><\/h3>\n\t\t\t\t\t\t\t\t<span class=\"desc\"><\/span>\n\t\t\t\t\t\t\t<\/div>\n\t\t\t\t\t\t<\/div>\n\t\t\t\t\t\t\n\t\t\t\t\t<\/div><div class=\"col-md-4 animated\" data-animation=\"fadeInLeft\" data-animation-delay=\"400\"><div class=\"service_box\">\n\t\t\t\t\t\t\t<span class=\"icon hm_icon_num2\"><i class=\"ico-refresh3\"><\/i><\/span>\n\t\t\t\t\t\t\t<div class=\"service_box_con centered\">\n\t\t\t\t\t\t\t\t<h3><a href=\"https:\/\/ceiconsultoria.net\/eu\/zerbitzuak\/eraldaketa-digitala-informazio-sistemak-eta-negozio-adimena\/proiektu-informatikoak-ezartzea\/\" target=\"_self\">Proiektu informatikoak ezartzea<\/a><\/h3>\n\t\t\t\t\t\t\t\t<span class=\"desc\"><\/span>\n\t\t\t\t\t\t\t<\/div>\n\t\t\t\t\t\t<\/div>\n\t\t\t\t\t\t\n\t\t\t\t\t<\/div><div class=\"col-md-4 animated\" data-animation=\"fadeInLeft\" data-animation-delay=\"500\"><div class=\"service_box\">\n\t\t\t\t\t\t\t<span class=\"icon hm_icon_num3\"><i class=\"ico-data\"><\/i><\/span>\n\t\t\t\t\t\t\t<div class=\"service_box_con centered\">\n\t\t\t\t\t\t\t\t<h3><a href=\"https:\/\/ceiconsultoria.net\/eu\/zerbitzuak\/eraldaketa-digitala-informazio-sistemak-eta-negozio-adimena\/business-intelligence-analitica-power-bi-eta-big-data\/\" target=\"_self\">Business Intelligence, Anal\u00edtica, Power BI eta Big Data<\/a><\/h3>\n\t\t\t\t\t\t\t\t<span class=\"desc\"><\/span>\n\t\t\t\t\t\t\t<\/div>\n\t\t\t\t\t\t<\/div>\n\t\t\t\t\t\t\n\t\t\t\t\t<\/div><\/div><div class=\"icon_boxes_con style1 circle just_icon_border clearfix just_style3\"><div class=\"col-md-4 animated\" data-animation=\"fadeInLeft\" data-animation-delay=\"300\"><div class=\"service_box\">\n\t\t\t\t\t\t\t<span class=\"icon hm_icon_num4\"><i class=\"ico-https\"><\/i><\/span>\n\t\t\t\t\t\t\t<div class=\"service_box_con centered\">\n\t\t\t\t\t\t\t\t<h3><a href=\"https:\/\/ceiconsultoria.net\/eu\/zerbitzuak\/eraldaketa-digitala-informazio-sistemak-eta-negozio-adimena\/zibersegurtasuna\/\" target=\"_self\">Zibersegurtasuna<\/a><\/h3>\n\t\t\t\t\t\t\t\t<span class=\"desc\"><\/span>\n\t\t\t\t\t\t\t<\/div>\n\t\t\t\t\t\t<\/div>\n\t\t\t\t\t\t\n\t\t\t\t\t<\/div><div class=\"col-md-4 animated\" data-animation=\"fadeInLeft\" data-animation-delay=\"400\"><div class=\"service_box\">\n\t\t\t\t\t\t\t<span class=\"icon hm_icon_num5\"><i class=\"ico-star-full\"><\/i><\/span>\n\t\t\t\t\t\t\t<div class=\"service_box_con centered\">\n\t\t\t\t\t\t\t\t<h3><a href=\"https:\/\/ceiconsultoria.net\/eu\/zerbitzuak\/eraldaketa-digitala-informazio-sistemak-eta-negozio-adimena\/lopdgdd\/\" target=\"_self\">LOPDGDD<\/a><\/h3>\n\t\t\t\t\t\t\t\t<span class=\"desc\"><\/span>\n\t\t\t\t\t\t\t<\/div>\n\t\t\t\t\t\t<\/div>\n\t\t\t\t\t\t\n\t\t\t\t\t<\/div><div class=\"col-md-4 animated\" data-animation=\"fadeInLeft\" data-animation-delay=\"500\"><div class=\"service_box\">\n\t\t\t\t\t\t\t<span class=\"icon hm_icon_num6\"><i class=\"ico-check-square-o\"><\/i><\/span>\n\t\t\t\t\t\t\t<div class=\"service_box_con centered\">\n\t\t\t\t\t\t\t\t<h3><a href=\"https:\/\/ceiconsultoria.net\/eu\/zerbitzuak\/eraldaketa-digitala-informazio-sistemak-eta-negozio-adimena\/datuak-babesteko-delegatua\/\" target=\"_self\">Datuak Babesteko arduraduna<\/a><\/h3>\n\t\t\t\t\t\t\t\t<span class=\"desc\"><\/span>\n\t\t\t\t\t\t\t<\/div>\n\t\t\t\t\t\t<\/div>\n\t\t\t\t\t\t\n\t\t\t\t\t<\/div><\/div><\/div><\/div><\/div>[\/vc_column][\/vc_row]<\/p>\n<\/div>","protected":false},"excerpt":{"rendered":"<p>[vc_row][vc_column][\/vc_column][\/vc_row][vc_row][vc_column][\/vc_column][\/vc_row][vc_row][vc_column][\/vc_column][\/vc_row]<\/p>\n","protected":false},"author":1,"featured_media":8140,"parent":8496,"menu_order":6,"comment_status":"open","ping_status":"closed","template":"","meta":{"footnotes":""},"class_list":["post-8508","page","type-page","status-publish","has-post-thumbnail","hentry"],"yoast_head":"<!-- This site is optimized with the Yoast SEO plugin v25.8 - https:\/\/yoast.com\/wordpress\/plugins\/seo\/ -->\n<title>Business Intelligence | Cei Consultor\u00eda<\/title>\n<meta name=\"description\" content=\"Enpresari laguntzea negozioaren arlo guztiak aztertzeko business intelligence sistemen ezarpenean.\" \/>\n<meta name=\"robots\" content=\"index, follow, max-snippet:-1, max-image-preview:large, max-video-preview:-1\" \/>\n<link rel=\"canonical\" href=\"https:\/\/ceiconsultoria.net\/eu\/zerbitzuak\/eraldaketa-digitala-informazio-sistemak-eta-negozio-adimena\/business-intelligence-analitica-power-bi-eta-big-data\/\" \/>\n<meta property=\"og:locale\" content=\"eu_ES\" \/>\n<meta property=\"og:type\" content=\"article\" \/>\n<meta property=\"og:title\" content=\"Business Intelligence | Cei Consultor\u00eda\" \/>\n<meta property=\"og:description\" content=\"Enpresari laguntzea negozioaren arlo guztiak aztertzeko business intelligence sistemen ezarpenean.\" \/>\n<meta property=\"og:url\" content=\"https:\/\/ceiconsultoria.net\/eu\/zerbitzuak\/eraldaketa-digitala-informazio-sistemak-eta-negozio-adimena\/business-intelligence-analitica-power-bi-eta-big-data\/\" \/>\n<meta property=\"og:site_name\" content=\"Cei Consultor\u00eda\" \/>\n<meta property=\"article:publisher\" content=\"https:\/\/www.facebook.com\/GrupoCei\" \/>\n<meta property=\"article:modified_time\" content=\"2023-04-26T09:08:58+00:00\" \/>\n<meta property=\"og:image\" content=\"https:\/\/ceiconsultoria.net\/wp-content\/uploads\/2022\/10\/CEI-CONSULTORIA-MAIN-6.png\" \/>\n\t<meta property=\"og:image:width\" content=\"700\" \/>\n\t<meta property=\"og:image:height\" content=\"400\" \/>\n\t<meta property=\"og:image:type\" content=\"image\/png\" \/>\n<meta name=\"twitter:card\" content=\"summary_large_image\" \/>\n<meta name=\"twitter:site\" content=\"@GrupoCei\" \/>\n<meta name=\"twitter:label1\" content=\"Est. reading time\" \/>\n\t<meta name=\"twitter:data1\" content=\"2 minutes\" \/>\n<script type=\"application\/ld+json\" class=\"yoast-schema-graph\">{\"@context\":\"https:\/\/schema.org\",\"@graph\":[{\"@type\":\"WebPage\",\"@id\":\"https:\/\/ceiconsultoria.net\/eu\/zerbitzuak\/eraldaketa-digitala-informazio-sistemak-eta-negozio-adimena\/business-intelligence-analitica-power-bi-eta-big-data\/\",\"url\":\"https:\/\/ceiconsultoria.net\/eu\/zerbitzuak\/eraldaketa-digitala-informazio-sistemak-eta-negozio-adimena\/business-intelligence-analitica-power-bi-eta-big-data\/\",\"name\":\"Business Intelligence | Cei Consultor\u00eda\",\"isPartOf\":{\"@id\":\"https:\/\/ceiconsultoria.net\/eu\/#website\"},\"primaryImageOfPage\":{\"@id\":\"https:\/\/ceiconsultoria.net\/eu\/zerbitzuak\/eraldaketa-digitala-informazio-sistemak-eta-negozio-adimena\/business-intelligence-analitica-power-bi-eta-big-data\/#primaryimage\"},\"image\":{\"@id\":\"https:\/\/ceiconsultoria.net\/eu\/zerbitzuak\/eraldaketa-digitala-informazio-sistemak-eta-negozio-adimena\/business-intelligence-analitica-power-bi-eta-big-data\/#primaryimage\"},\"thumbnailUrl\":\"https:\/\/ceiconsultoria.net\/wp-content\/uploads\/2022\/10\/CEI-CONSULTORIA-MAIN-6.png\",\"datePublished\":\"2019-06-04T09:13:50+00:00\",\"dateModified\":\"2023-04-26T09:08:58+00:00\",\"description\":\"Enpresari laguntzea negozioaren arlo guztiak aztertzeko business intelligence sistemen ezarpenean.\",\"breadcrumb\":{\"@id\":\"https:\/\/ceiconsultoria.net\/eu\/zerbitzuak\/eraldaketa-digitala-informazio-sistemak-eta-negozio-adimena\/business-intelligence-analitica-power-bi-eta-big-data\/#breadcrumb\"},\"inLanguage\":\"eu-ES\",\"potentialAction\":[{\"@type\":\"ReadAction\",\"target\":[\"https:\/\/ceiconsultoria.net\/eu\/zerbitzuak\/eraldaketa-digitala-informazio-sistemak-eta-negozio-adimena\/business-intelligence-analitica-power-bi-eta-big-data\/\"]}]},{\"@type\":\"ImageObject\",\"inLanguage\":\"eu-ES\",\"@id\":\"https:\/\/ceiconsultoria.net\/eu\/zerbitzuak\/eraldaketa-digitala-informazio-sistemak-eta-negozio-adimena\/business-intelligence-analitica-power-bi-eta-big-data\/#primaryimage\",\"url\":\"https:\/\/ceiconsultoria.net\/wp-content\/uploads\/2022\/10\/CEI-CONSULTORIA-MAIN-6.png\",\"contentUrl\":\"https:\/\/ceiconsultoria.net\/wp-content\/uploads\/2022\/10\/CEI-CONSULTORIA-MAIN-6.png\",\"width\":700,\"height\":400},{\"@type\":\"BreadcrumbList\",\"@id\":\"https:\/\/ceiconsultoria.net\/eu\/zerbitzuak\/eraldaketa-digitala-informazio-sistemak-eta-negozio-adimena\/business-intelligence-analitica-power-bi-eta-big-data\/#breadcrumb\",\"itemListElement\":[{\"@type\":\"ListItem\",\"position\":1,\"name\":\"Inicio\",\"item\":\"https:\/\/ceiconsultoria.net\/eu\/\"},{\"@type\":\"ListItem\",\"position\":2,\"name\":\"Zerbitzuak\",\"item\":\"https:\/\/ceiconsultoria.net\/eu\/zerbitzuak\/\"},{\"@type\":\"ListItem\",\"position\":3,\"name\":\"Eraldaketa digitala: informazio sistemak eta negozio-adimena\",\"item\":\"https:\/\/ceiconsultoria.net\/eu\/zerbitzuak\/eraldaketa-digitala-informazio-sistemak-eta-negozio-adimena\/\"},{\"@type\":\"ListItem\",\"position\":4,\"name\":\"Business Intelligence, Anal\u00edtica, Power BI eta Big Data\"}]},{\"@type\":\"WebSite\",\"@id\":\"https:\/\/ceiconsultoria.net\/eu\/#website\",\"url\":\"https:\/\/ceiconsultoria.net\/eu\/\",\"name\":\"Cei Consultor\u00eda\",\"description\":\"Asesoramiento en gesti\u00f3n empresarial de innovaci\u00f3n y organizaci\u00f3n para adaptarse a los modelos de negocio que permitan a la empresa competir en la mejor posici\u00f3n.\",\"publisher\":{\"@id\":\"https:\/\/ceiconsultoria.net\/eu\/#organization\"},\"potentialAction\":[{\"@type\":\"SearchAction\",\"target\":{\"@type\":\"EntryPoint\",\"urlTemplate\":\"https:\/\/ceiconsultoria.net\/eu\/?s={search_term_string}\"},\"query-input\":{\"@type\":\"PropertyValueSpecification\",\"valueRequired\":true,\"valueName\":\"search_term_string\"}}],\"inLanguage\":\"eu-ES\"},{\"@type\":\"Organization\",\"@id\":\"https:\/\/ceiconsultoria.net\/eu\/#organization\",\"name\":\"Cei Consultor\u00eda\",\"url\":\"https:\/\/ceiconsultoria.net\/eu\/\",\"logo\":{\"@type\":\"ImageObject\",\"inLanguage\":\"eu-ES\",\"@id\":\"https:\/\/ceiconsultoria.net\/eu\/#\/schema\/logo\/image\/\",\"url\":\"https:\/\/ceiconsultoria.net\/wp-content\/uploads\/2020\/12\/cei-consultoria-l.png\",\"contentUrl\":\"https:\/\/ceiconsultoria.net\/wp-content\/uploads\/2020\/12\/cei-consultoria-l.png\",\"width\":208,\"height\":50,\"caption\":\"Cei Consultor\u00eda\"},\"image\":{\"@id\":\"https:\/\/ceiconsultoria.net\/eu\/#\/schema\/logo\/image\/\"},\"sameAs\":[\"https:\/\/www.facebook.com\/GrupoCei\",\"https:\/\/x.com\/GrupoCei\",\"https:\/\/es.linkedin.com\/company\/consultoria-cei\"]}]}<\/script>\n<!-- \/ Yoast SEO plugin. -->","yoast_head_json":{"title":"Business Intelligence | Cei Consultor\u00eda","description":"Enpresari laguntzea negozioaren arlo guztiak aztertzeko business intelligence sistemen ezarpenean.","robots":{"index":"index","follow":"follow","max-snippet":"max-snippet:-1","max-image-preview":"max-image-preview:large","max-video-preview":"max-video-preview:-1"},"canonical":"https:\/\/ceiconsultoria.net\/eu\/zerbitzuak\/eraldaketa-digitala-informazio-sistemak-eta-negozio-adimena\/business-intelligence-analitica-power-bi-eta-big-data\/","og_locale":"eu_ES","og_type":"article","og_title":"Business Intelligence | Cei Consultor\u00eda","og_description":"Enpresari laguntzea negozioaren arlo guztiak aztertzeko business intelligence sistemen ezarpenean.","og_url":"https:\/\/ceiconsultoria.net\/eu\/zerbitzuak\/eraldaketa-digitala-informazio-sistemak-eta-negozio-adimena\/business-intelligence-analitica-power-bi-eta-big-data\/","og_site_name":"Cei Consultor\u00eda","article_publisher":"https:\/\/www.facebook.com\/GrupoCei","article_modified_time":"2023-04-26T09:08:58+00:00","og_image":[{"width":700,"height":400,"url":"https:\/\/ceiconsultoria.net\/wp-content\/uploads\/2022\/10\/CEI-CONSULTORIA-MAIN-6.png","type":"image\/png"}],"twitter_card":"summary_large_image","twitter_site":"@GrupoCei","twitter_misc":{"Est. reading time":"2 minutes"},"schema":{"@context":"https:\/\/schema.org","@graph":[{"@type":"WebPage","@id":"https:\/\/ceiconsultoria.net\/eu\/zerbitzuak\/eraldaketa-digitala-informazio-sistemak-eta-negozio-adimena\/business-intelligence-analitica-power-bi-eta-big-data\/","url":"https:\/\/ceiconsultoria.net\/eu\/zerbitzuak\/eraldaketa-digitala-informazio-sistemak-eta-negozio-adimena\/business-intelligence-analitica-power-bi-eta-big-data\/","name":"Business Intelligence | Cei Consultor\u00eda","isPartOf":{"@id":"https:\/\/ceiconsultoria.net\/eu\/#website"},"primaryImageOfPage":{"@id":"https:\/\/ceiconsultoria.net\/eu\/zerbitzuak\/eraldaketa-digitala-informazio-sistemak-eta-negozio-adimena\/business-intelligence-analitica-power-bi-eta-big-data\/#primaryimage"},"image":{"@id":"https:\/\/ceiconsultoria.net\/eu\/zerbitzuak\/eraldaketa-digitala-informazio-sistemak-eta-negozio-adimena\/business-intelligence-analitica-power-bi-eta-big-data\/#primaryimage"},"thumbnailUrl":"https:\/\/ceiconsultoria.net\/wp-content\/uploads\/2022\/10\/CEI-CONSULTORIA-MAIN-6.png","datePublished":"2019-06-04T09:13:50+00:00","dateModified":"2023-04-26T09:08:58+00:00","description":"Enpresari laguntzea negozioaren arlo guztiak aztertzeko business intelligence sistemen ezarpenean.","breadcrumb":{"@id":"https:\/\/ceiconsultoria.net\/eu\/zerbitzuak\/eraldaketa-digitala-informazio-sistemak-eta-negozio-adimena\/business-intelligence-analitica-power-bi-eta-big-data\/#breadcrumb"},"inLanguage":"eu-ES","potentialAction":[{"@type":"ReadAction","target":["https:\/\/ceiconsultoria.net\/eu\/zerbitzuak\/eraldaketa-digitala-informazio-sistemak-eta-negozio-adimena\/business-intelligence-analitica-power-bi-eta-big-data\/"]}]},{"@type":"ImageObject","inLanguage":"eu-ES","@id":"https:\/\/ceiconsultoria.net\/eu\/zerbitzuak\/eraldaketa-digitala-informazio-sistemak-eta-negozio-adimena\/business-intelligence-analitica-power-bi-eta-big-data\/#primaryimage","url":"https:\/\/ceiconsultoria.net\/wp-content\/uploads\/2022\/10\/CEI-CONSULTORIA-MAIN-6.png","contentUrl":"https:\/\/ceiconsultoria.net\/wp-content\/uploads\/2022\/10\/CEI-CONSULTORIA-MAIN-6.png","width":700,"height":400},{"@type":"BreadcrumbList","@id":"https:\/\/ceiconsultoria.net\/eu\/zerbitzuak\/eraldaketa-digitala-informazio-sistemak-eta-negozio-adimena\/business-intelligence-analitica-power-bi-eta-big-data\/#breadcrumb","itemListElement":[{"@type":"ListItem","position":1,"name":"Inicio","item":"https:\/\/ceiconsultoria.net\/eu\/"},{"@type":"ListItem","position":2,"name":"Zerbitzuak","item":"https:\/\/ceiconsultoria.net\/eu\/zerbitzuak\/"},{"@type":"ListItem","position":3,"name":"Eraldaketa digitala: informazio sistemak eta negozio-adimena","item":"https:\/\/ceiconsultoria.net\/eu\/zerbitzuak\/eraldaketa-digitala-informazio-sistemak-eta-negozio-adimena\/"},{"@type":"ListItem","position":4,"name":"Business Intelligence, Anal\u00edtica, Power BI eta Big Data"}]},{"@type":"WebSite","@id":"https:\/\/ceiconsultoria.net\/eu\/#website","url":"https:\/\/ceiconsultoria.net\/eu\/","name":"Cei Consultor\u00eda","description":"Asesoramiento en gesti\u00f3n empresarial de innovaci\u00f3n y organizaci\u00f3n para adaptarse a los modelos de negocio que permitan a la empresa competir en la mejor posici\u00f3n.","publisher":{"@id":"https:\/\/ceiconsultoria.net\/eu\/#organization"},"potentialAction":[{"@type":"SearchAction","target":{"@type":"EntryPoint","urlTemplate":"https:\/\/ceiconsultoria.net\/eu\/?s={search_term_string}"},"query-input":{"@type":"PropertyValueSpecification","valueRequired":true,"valueName":"search_term_string"}}],"inLanguage":"eu-ES"},{"@type":"Organization","@id":"https:\/\/ceiconsultoria.net\/eu\/#organization","name":"Cei Consultor\u00eda","url":"https:\/\/ceiconsultoria.net\/eu\/","logo":{"@type":"ImageObject","inLanguage":"eu-ES","@id":"https:\/\/ceiconsultoria.net\/eu\/#\/schema\/logo\/image\/","url":"https:\/\/ceiconsultoria.net\/wp-content\/uploads\/2020\/12\/cei-consultoria-l.png","contentUrl":"https:\/\/ceiconsultoria.net\/wp-content\/uploads\/2020\/12\/cei-consultoria-l.png","width":208,"height":50,"caption":"Cei Consultor\u00eda"},"image":{"@id":"https:\/\/ceiconsultoria.net\/eu\/#\/schema\/logo\/image\/"},"sameAs":["https:\/\/www.facebook.com\/GrupoCei","https:\/\/x.com\/GrupoCei","https:\/\/es.linkedin.com\/company\/consultoria-cei"]}]}},"_links":{"self":[{"href":"https:\/\/ceiconsultoria.net\/eu\/wp-json\/wp\/v2\/pages\/8508","targetHints":{"allow":["GET"]}}],"collection":[{"href":"https:\/\/ceiconsultoria.net\/eu\/wp-json\/wp\/v2\/pages"}],"about":[{"href":"https:\/\/ceiconsultoria.net\/eu\/wp-json\/wp\/v2\/types\/page"}],"author":[{"embeddable":true,"href":"https:\/\/ceiconsultoria.net\/eu\/wp-json\/wp\/v2\/users\/1"}],"replies":[{"embeddable":true,"href":"https:\/\/ceiconsultoria.net\/eu\/wp-json\/wp\/v2\/comments?post=8508"}],"version-history":[{"count":4,"href":"https:\/\/ceiconsultoria.net\/eu\/wp-json\/wp\/v2\/pages\/8508\/revisions"}],"predecessor-version":[{"id":8580,"href":"https:\/\/ceiconsultoria.net\/eu\/wp-json\/wp\/v2\/pages\/8508\/revisions\/8580"}],"up":[{"embeddable":true,"href":"https:\/\/ceiconsultoria.net\/eu\/wp-json\/wp\/v2\/pages\/8496"}],"wp:featuredmedia":[{"embeddable":true,"href":"https:\/\/ceiconsultoria.net\/eu\/wp-json\/wp\/v2\/media\/8140"}],"wp:attachment":[{"href":"https:\/\/ceiconsultoria.net\/eu\/wp-json\/wp\/v2\/media?parent=8508"}],"curies":[{"name":"wp","href":"https:\/\/api.w.org\/{rel}","templated":true}]}}