{"id":8502,"date":"2019-09-20T08:41:25","date_gmt":"2019-09-20T06:41:25","guid":{"rendered":"https:\/\/ceiconsultoria.net\/zerbitzuak\/eraldaketa-digitala-informazio-sistemak-eta-negozio-adimena\/prevenformetal\/"},"modified":"2023-04-26T11:05:55","modified_gmt":"2023-04-26T09:05:55","slug":"prevenformetal","status":"publish","type":"page","link":"https:\/\/ceiconsultoria.net\/eu\/zerbitzuak\/eraldaketa-digitala-informazio-sistemak-eta-negozio-adimena\/prevenformetal\/","title":{"rendered":"Prevenformetal"},"content":{"rendered":"<div class=\"wpb-content-wrapper\"><p>[vc_row][vc_column]<div class=\"content_section\" style=\"border-color:#e4e4e4;border-style: none;border-top-width: 1px;border-right-width: 0px;border-bottom-width: 1px;border-left-width: 0px;\"><div class=\"hm_no_overlay\" style=\"padding-top:20px;\"><div class=\"container\">[vc_single_image image=&#8221;5159&#8243; img_size=&#8221;full&#8221; alignment=&#8221;center&#8221;][vc_column_text]<\/p>\n<p class=\"description1\">Prevenformetal enpresek beren langileen Lan Arriskuen Prebentziorako Prestakuntza guztia modu eraginkorrean kudeatzeko softwarerik osatuena da, Metal Sektoreko Industria, teknologia eta zerbitzuen Estatuko II Hitzarmen Kolektiboa betez.<\/p>\n<p class=\"description1\">Grupo Cei-k garatutako produktua da eta laneko arriskuen prebentzioko profesionalek diseinatu dute.<\/p>\n<p>[\/vc_column_text]<a class=\"btn_a medium_btn color1 ideal_button1\" target=\"_blank\" href=\"https:\/\/prevenformetal.com\" style=\"margin-top:0px;margin-bottom:0px;\">\n\t\t\t\t\t\t<span style=\"background-color:#fd6315;\">\n\t\t\t\t\t\t\t<i class=\"in_left ico-hyperlink\"><\/i>\n\t\t\t\t\t\t\t<span>Prevenformetal web orrialdea<\/span>\n\t\t\t\t\t\t\t<i class=\"in_right ico-hyperlink\"><\/i>\n\t\t\t\t\t\t<\/span>\n\t\t\t\t\t<\/a><style>.ideal_button1{background-color:#fd6315 !important;border-color:#fd6315 !important;color:#fff;}<\/style><\/div><\/div><\/div>[\/vc_column][\/vc_row]<\/p>\n<\/div>","protected":false},"excerpt":{"rendered":"<p>[vc_row][vc_column][\/vc_column][\/vc_row]<\/p>\n","protected":false},"author":1,"featured_media":7979,"parent":8496,"menu_order":2,"comment_status":"open","ping_status":"closed","template":"","meta":{"footnotes":""},"class_list":["post-8502","page","type-page","status-publish","has-post-thumbnail","hentry"],"yoast_head":"<!-- This site is optimized with the Yoast SEO plugin v25.8 - https:\/\/yoast.com\/wordpress\/plugins\/seo\/ -->\n<title>Prevenformetal | Cei Consultor\u00eda<\/title>\n<meta name=\"description\" content=\"Prevenformetal enpresentzako softwarerik osatuena da langileen PRL Prestakuntza guztiak modu eraginkorrean kudeatzeko.\" \/>\n<meta name=\"robots\" content=\"index, follow, max-snippet:-1, max-image-preview:large, max-video-preview:-1\" \/>\n<link rel=\"canonical\" href=\"https:\/\/ceiconsultoria.net\/eu\/zerbitzuak\/eraldaketa-digitala-informazio-sistemak-eta-negozio-adimena\/prevenformetal\/\" \/>\n<meta property=\"og:locale\" content=\"eu_ES\" \/>\n<meta property=\"og:type\" content=\"article\" \/>\n<meta property=\"og:title\" content=\"Prevenformetal | Cei Consultor\u00eda\" \/>\n<meta property=\"og:description\" content=\"Prevenformetal enpresentzako softwarerik osatuena da langileen PRL Prestakuntza guztiak modu eraginkorrean kudeatzeko.\" \/>\n<meta property=\"og:url\" content=\"https:\/\/ceiconsultoria.net\/eu\/zerbitzuak\/eraldaketa-digitala-informazio-sistemak-eta-negozio-adimena\/prevenformetal\/\" \/>\n<meta property=\"og:site_name\" content=\"Cei Consultor\u00eda\" \/>\n<meta property=\"article:publisher\" content=\"https:\/\/www.facebook.com\/GrupoCei\" \/>\n<meta property=\"article:modified_time\" content=\"2023-04-26T09:05:55+00:00\" \/>\n<meta property=\"og:image\" content=\"https:\/\/ceiconsultoria.net\/wp-content\/uploads\/2019\/07\/servicios-proyectos-digitales.jpg\" \/>\n\t<meta property=\"og:image:width\" content=\"1920\" \/>\n\t<meta property=\"og:image:height\" content=\"1361\" \/>\n\t<meta property=\"og:image:type\" content=\"image\/jpeg\" \/>\n<meta name=\"twitter:card\" content=\"summary_large_image\" \/>\n<meta name=\"twitter:site\" content=\"@GrupoCei\" \/>\n<meta name=\"twitter:label1\" content=\"Est. reading time\" \/>\n\t<meta name=\"twitter:data1\" content=\"1 minute\" \/>\n<script type=\"application\/ld+json\" class=\"yoast-schema-graph\">{\"@context\":\"https:\/\/schema.org\",\"@graph\":[{\"@type\":\"WebPage\",\"@id\":\"https:\/\/ceiconsultoria.net\/eu\/zerbitzuak\/eraldaketa-digitala-informazio-sistemak-eta-negozio-adimena\/prevenformetal\/\",\"url\":\"https:\/\/ceiconsultoria.net\/eu\/zerbitzuak\/eraldaketa-digitala-informazio-sistemak-eta-negozio-adimena\/prevenformetal\/\",\"name\":\"Prevenformetal | Cei Consultor\u00eda\",\"isPartOf\":{\"@id\":\"https:\/\/ceiconsultoria.net\/eu\/#website\"},\"primaryImageOfPage\":{\"@id\":\"https:\/\/ceiconsultoria.net\/eu\/zerbitzuak\/eraldaketa-digitala-informazio-sistemak-eta-negozio-adimena\/prevenformetal\/#primaryimage\"},\"image\":{\"@id\":\"https:\/\/ceiconsultoria.net\/eu\/zerbitzuak\/eraldaketa-digitala-informazio-sistemak-eta-negozio-adimena\/prevenformetal\/#primaryimage\"},\"thumbnailUrl\":\"https:\/\/ceiconsultoria.net\/wp-content\/uploads\/2019\/07\/servicios-proyectos-digitales.jpg\",\"datePublished\":\"2019-09-20T06:41:25+00:00\",\"dateModified\":\"2023-04-26T09:05:55+00:00\",\"description\":\"Prevenformetal enpresentzako softwarerik osatuena da langileen PRL Prestakuntza guztiak modu eraginkorrean kudeatzeko.\",\"breadcrumb\":{\"@id\":\"https:\/\/ceiconsultoria.net\/eu\/zerbitzuak\/eraldaketa-digitala-informazio-sistemak-eta-negozio-adimena\/prevenformetal\/#breadcrumb\"},\"inLanguage\":\"eu-ES\",\"potentialAction\":[{\"@type\":\"ReadAction\",\"target\":[\"https:\/\/ceiconsultoria.net\/eu\/zerbitzuak\/eraldaketa-digitala-informazio-sistemak-eta-negozio-adimena\/prevenformetal\/\"]}]},{\"@type\":\"ImageObject\",\"inLanguage\":\"eu-ES\",\"@id\":\"https:\/\/ceiconsultoria.net\/eu\/zerbitzuak\/eraldaketa-digitala-informazio-sistemak-eta-negozio-adimena\/prevenformetal\/#primaryimage\",\"url\":\"https:\/\/ceiconsultoria.net\/wp-content\/uploads\/2019\/07\/servicios-proyectos-digitales.jpg\",\"contentUrl\":\"https:\/\/ceiconsultoria.net\/wp-content\/uploads\/2019\/07\/servicios-proyectos-digitales.jpg\",\"width\":1920,\"height\":1361,\"caption\":\"Proyectos Digitales_Cei Consultor\u00eda\"},{\"@type\":\"BreadcrumbList\",\"@id\":\"https:\/\/ceiconsultoria.net\/eu\/zerbitzuak\/eraldaketa-digitala-informazio-sistemak-eta-negozio-adimena\/prevenformetal\/#breadcrumb\",\"itemListElement\":[{\"@type\":\"ListItem\",\"position\":1,\"name\":\"Inicio\",\"item\":\"https:\/\/ceiconsultoria.net\/eu\/\"},{\"@type\":\"ListItem\",\"position\":2,\"name\":\"Zerbitzuak\",\"item\":\"https:\/\/ceiconsultoria.net\/eu\/zerbitzuak\/\"},{\"@type\":\"ListItem\",\"position\":3,\"name\":\"Eraldaketa digitala: informazio sistemak eta negozio-adimena\",\"item\":\"https:\/\/ceiconsultoria.net\/eu\/zerbitzuak\/eraldaketa-digitala-informazio-sistemak-eta-negozio-adimena\/\"},{\"@type\":\"ListItem\",\"position\":4,\"name\":\"Prevenformetal\"}]},{\"@type\":\"WebSite\",\"@id\":\"https:\/\/ceiconsultoria.net\/eu\/#website\",\"url\":\"https:\/\/ceiconsultoria.net\/eu\/\",\"name\":\"Cei Consultor\u00eda\",\"description\":\"Asesoramiento en gesti\u00f3n empresarial de innovaci\u00f3n y organizaci\u00f3n para adaptarse a los modelos de negocio que permitan a la empresa competir en la mejor posici\u00f3n.\",\"publisher\":{\"@id\":\"https:\/\/ceiconsultoria.net\/eu\/#organization\"},\"potentialAction\":[{\"@type\":\"SearchAction\",\"target\":{\"@type\":\"EntryPoint\",\"urlTemplate\":\"https:\/\/ceiconsultoria.net\/eu\/?s={search_term_string}\"},\"query-input\":{\"@type\":\"PropertyValueSpecification\",\"valueRequired\":true,\"valueName\":\"search_term_string\"}}],\"inLanguage\":\"eu-ES\"},{\"@type\":\"Organization\",\"@id\":\"https:\/\/ceiconsultoria.net\/eu\/#organization\",\"name\":\"Cei Consultor\u00eda\",\"url\":\"https:\/\/ceiconsultoria.net\/eu\/\",\"logo\":{\"@type\":\"ImageObject\",\"inLanguage\":\"eu-ES\",\"@id\":\"https:\/\/ceiconsultoria.net\/eu\/#\/schema\/logo\/image\/\",\"url\":\"https:\/\/ceiconsultoria.net\/wp-content\/uploads\/2020\/12\/cei-consultoria-l.png\",\"contentUrl\":\"https:\/\/ceiconsultoria.net\/wp-content\/uploads\/2020\/12\/cei-consultoria-l.png\",\"width\":208,\"height\":50,\"caption\":\"Cei Consultor\u00eda\"},\"image\":{\"@id\":\"https:\/\/ceiconsultoria.net\/eu\/#\/schema\/logo\/image\/\"},\"sameAs\":[\"https:\/\/www.facebook.com\/GrupoCei\",\"https:\/\/x.com\/GrupoCei\",\"https:\/\/es.linkedin.com\/company\/consultoria-cei\"]}]}<\/script>\n<!-- \/ Yoast SEO plugin. -->","yoast_head_json":{"title":"Prevenformetal | Cei Consultor\u00eda","description":"Prevenformetal enpresentzako softwarerik osatuena da langileen PRL Prestakuntza guztiak modu eraginkorrean kudeatzeko.","robots":{"index":"index","follow":"follow","max-snippet":"max-snippet:-1","max-image-preview":"max-image-preview:large","max-video-preview":"max-video-preview:-1"},"canonical":"https:\/\/ceiconsultoria.net\/eu\/zerbitzuak\/eraldaketa-digitala-informazio-sistemak-eta-negozio-adimena\/prevenformetal\/","og_locale":"eu_ES","og_type":"article","og_title":"Prevenformetal | Cei Consultor\u00eda","og_description":"Prevenformetal enpresentzako softwarerik osatuena da langileen PRL Prestakuntza guztiak modu eraginkorrean kudeatzeko.","og_url":"https:\/\/ceiconsultoria.net\/eu\/zerbitzuak\/eraldaketa-digitala-informazio-sistemak-eta-negozio-adimena\/prevenformetal\/","og_site_name":"Cei Consultor\u00eda","article_publisher":"https:\/\/www.facebook.com\/GrupoCei","article_modified_time":"2023-04-26T09:05:55+00:00","og_image":[{"width":1920,"height":1361,"url":"https:\/\/ceiconsultoria.net\/wp-content\/uploads\/2019\/07\/servicios-proyectos-digitales.jpg","type":"image\/jpeg"}],"twitter_card":"summary_large_image","twitter_site":"@GrupoCei","twitter_misc":{"Est. reading time":"1 minute"},"schema":{"@context":"https:\/\/schema.org","@graph":[{"@type":"WebPage","@id":"https:\/\/ceiconsultoria.net\/eu\/zerbitzuak\/eraldaketa-digitala-informazio-sistemak-eta-negozio-adimena\/prevenformetal\/","url":"https:\/\/ceiconsultoria.net\/eu\/zerbitzuak\/eraldaketa-digitala-informazio-sistemak-eta-negozio-adimena\/prevenformetal\/","name":"Prevenformetal | Cei Consultor\u00eda","isPartOf":{"@id":"https:\/\/ceiconsultoria.net\/eu\/#website"},"primaryImageOfPage":{"@id":"https:\/\/ceiconsultoria.net\/eu\/zerbitzuak\/eraldaketa-digitala-informazio-sistemak-eta-negozio-adimena\/prevenformetal\/#primaryimage"},"image":{"@id":"https:\/\/ceiconsultoria.net\/eu\/zerbitzuak\/eraldaketa-digitala-informazio-sistemak-eta-negozio-adimena\/prevenformetal\/#primaryimage"},"thumbnailUrl":"https:\/\/ceiconsultoria.net\/wp-content\/uploads\/2019\/07\/servicios-proyectos-digitales.jpg","datePublished":"2019-09-20T06:41:25+00:00","dateModified":"2023-04-26T09:05:55+00:00","description":"Prevenformetal enpresentzako softwarerik osatuena da langileen PRL Prestakuntza guztiak modu eraginkorrean kudeatzeko.","breadcrumb":{"@id":"https:\/\/ceiconsultoria.net\/eu\/zerbitzuak\/eraldaketa-digitala-informazio-sistemak-eta-negozio-adimena\/prevenformetal\/#breadcrumb"},"inLanguage":"eu-ES","potentialAction":[{"@type":"ReadAction","target":["https:\/\/ceiconsultoria.net\/eu\/zerbitzuak\/eraldaketa-digitala-informazio-sistemak-eta-negozio-adimena\/prevenformetal\/"]}]},{"@type":"ImageObject","inLanguage":"eu-ES","@id":"https:\/\/ceiconsultoria.net\/eu\/zerbitzuak\/eraldaketa-digitala-informazio-sistemak-eta-negozio-adimena\/prevenformetal\/#primaryimage","url":"https:\/\/ceiconsultoria.net\/wp-content\/uploads\/2019\/07\/servicios-proyectos-digitales.jpg","contentUrl":"https:\/\/ceiconsultoria.net\/wp-content\/uploads\/2019\/07\/servicios-proyectos-digitales.jpg","width":1920,"height":1361,"caption":"Proyectos Digitales_Cei Consultor\u00eda"},{"@type":"BreadcrumbList","@id":"https:\/\/ceiconsultoria.net\/eu\/zerbitzuak\/eraldaketa-digitala-informazio-sistemak-eta-negozio-adimena\/prevenformetal\/#breadcrumb","itemListElement":[{"@type":"ListItem","position":1,"name":"Inicio","item":"https:\/\/ceiconsultoria.net\/eu\/"},{"@type":"ListItem","position":2,"name":"Zerbitzuak","item":"https:\/\/ceiconsultoria.net\/eu\/zerbitzuak\/"},{"@type":"ListItem","position":3,"name":"Eraldaketa digitala: informazio sistemak eta negozio-adimena","item":"https:\/\/ceiconsultoria.net\/eu\/zerbitzuak\/eraldaketa-digitala-informazio-sistemak-eta-negozio-adimena\/"},{"@type":"ListItem","position":4,"name":"Prevenformetal"}]},{"@type":"WebSite","@id":"https:\/\/ceiconsultoria.net\/eu\/#website","url":"https:\/\/ceiconsultoria.net\/eu\/","name":"Cei Consultor\u00eda","description":"Asesoramiento en gesti\u00f3n empresarial de innovaci\u00f3n y organizaci\u00f3n para adaptarse a los modelos de negocio que permitan a la empresa competir en la mejor posici\u00f3n.","publisher":{"@id":"https:\/\/ceiconsultoria.net\/eu\/#organization"},"potentialAction":[{"@type":"SearchAction","target":{"@type":"EntryPoint","urlTemplate":"https:\/\/ceiconsultoria.net\/eu\/?s={search_term_string}"},"query-input":{"@type":"PropertyValueSpecification","valueRequired":true,"valueName":"search_term_string"}}],"inLanguage":"eu-ES"},{"@type":"Organization","@id":"https:\/\/ceiconsultoria.net\/eu\/#organization","name":"Cei Consultor\u00eda","url":"https:\/\/ceiconsultoria.net\/eu\/","logo":{"@type":"ImageObject","inLanguage":"eu-ES","@id":"https:\/\/ceiconsultoria.net\/eu\/#\/schema\/logo\/image\/","url":"https:\/\/ceiconsultoria.net\/wp-content\/uploads\/2020\/12\/cei-consultoria-l.png","contentUrl":"https:\/\/ceiconsultoria.net\/wp-content\/uploads\/2020\/12\/cei-consultoria-l.png","width":208,"height":50,"caption":"Cei Consultor\u00eda"},"image":{"@id":"https:\/\/ceiconsultoria.net\/eu\/#\/schema\/logo\/image\/"},"sameAs":["https:\/\/www.facebook.com\/GrupoCei","https:\/\/x.com\/GrupoCei","https:\/\/es.linkedin.com\/company\/consultoria-cei"]}]}},"_links":{"self":[{"href":"https:\/\/ceiconsultoria.net\/eu\/wp-json\/wp\/v2\/pages\/8502","targetHints":{"allow":["GET"]}}],"collection":[{"href":"https:\/\/ceiconsultoria.net\/eu\/wp-json\/wp\/v2\/pages"}],"about":[{"href":"https:\/\/ceiconsultoria.net\/eu\/wp-json\/wp\/v2\/types\/page"}],"author":[{"embeddable":true,"href":"https:\/\/ceiconsultoria.net\/eu\/wp-json\/wp\/v2\/users\/1"}],"replies":[{"embeddable":true,"href":"https:\/\/ceiconsultoria.net\/eu\/wp-json\/wp\/v2\/comments?post=8502"}],"version-history":[{"count":4,"href":"https:\/\/ceiconsultoria.net\/eu\/wp-json\/wp\/v2\/pages\/8502\/revisions"}],"predecessor-version":[{"id":8577,"href":"https:\/\/ceiconsultoria.net\/eu\/wp-json\/wp\/v2\/pages\/8502\/revisions\/8577"}],"up":[{"embeddable":true,"href":"https:\/\/ceiconsultoria.net\/eu\/wp-json\/wp\/v2\/pages\/8496"}],"wp:featuredmedia":[{"embeddable":true,"href":"https:\/\/ceiconsultoria.net\/eu\/wp-json\/wp\/v2\/media\/7979"}],"wp:attachment":[{"href":"https:\/\/ceiconsultoria.net\/eu\/wp-json\/wp\/v2\/media?parent=8502"}],"curies":[{"name":"wp","href":"https:\/\/api.w.org\/{rel}","templated":true}]}}