{"id":8499,"date":"2019-05-07T15:51:53","date_gmt":"2019-05-07T13:51:53","guid":{"rendered":"https:\/\/ceiconsultoria.net\/zerbitzuak\/eraldaketa-digitala-informazio-sistemak-eta-negozio-adimena\/eraldaketa-digitalaren-plana\/"},"modified":"2023-04-26T11:04:58","modified_gmt":"2023-04-26T09:04:58","slug":"eraldaketa-digitalaren-plana","status":"publish","type":"page","link":"https:\/\/ceiconsultoria.net\/eu\/zerbitzuak\/eraldaketa-digitala-informazio-sistemak-eta-negozio-adimena\/eraldaketa-digitalaren-plana\/","title":{"rendered":"Eraldaketa digitalaren plana"},"content":{"rendered":"<div class=\"wpb-content-wrapper\"><p>[vc_row][vc_column]<div class=\"content_section\" style=\"border-color:#e4e4e4;border-style: none;border-top-width: 1px;border-right-width: 0px;border-bottom-width: 1px;border-left-width: 0px;\"><div class=\"hm_no_overlay\" style=\"\"><div class=\"container\"><span class=\" description1\" style=\"text-transform: none;\">Zerbitzu honen helburua da enpresaren heldutasun digitalaren indizearen analisia egitea, eraldaketa Digitaleko Plan bat garatzeko, zeinak ekintza-ildo nagusiak eta garatu beharreko proiektu zehatzak definitzen dituena, enpresa batean kokatzeko. Lankidetza-ingurune digitala, bere lehiakortasuna areagotuz gero eta agertoki global eta zorrotzago batean.<\/span><\/div><\/div><\/div>[\/vc_column][\/vc_row][vc_row][vc_column]<div class=\"content_section\" style=\"\"><div class=\"hm_no_overlay\" style=\"padding-top:20px;\"><div class=\"container\"><div class=\"main_title no_line  main_title37\">\n\t\t\t\t<h2 style=\"text-transform: capitalize;color: #444444;\"><\/h2>\n\t\t\t<\/div><ul class=\"list3 clearfix\"><li>Heldutasun digitalaren indizearen ebaluazioa.<\/li><li>Informazio sistemen eraldaketa digitalaren plana\/plan estrategikoa garatzea. Eraldaketa digitalaren estrategia eta bide-orriaren garapena.<\/li><li>Design thinking.<\/li><li>Proiektuaren planaren garapena. Proiektuaren plana, lehentasunak ematea, epe labur, ertain eta luzerako plangintza.<\/li><li>Adopzio eta komunikazio planaren garapena. Komunikazioa, inplikazioa, hezkuntza eta prestakuntza.<\/li><li>Adierazleen diseinua eta planaren aurrerapena kontrolatzeko panela. Neurtu eta hobetu.<\/li><\/ul>[vc_empty_space]<a class=\"btn_a medium_btn color1 ideal_button1\" target=\"_self\" href=\"https:\/\/ceiconsultoria.net\/eu\/kontaktua\/\" style=\"margin-top:0px;margin-bottom:0px;\">\n\t\t\t\t\t\t<span style=\"background-color:#fd6315;\">\n\t\t\t\t\t\t\t<i class=\"in_left ico-angle-right\"><\/i>\n\t\t\t\t\t\t\t<span>Informazioa eskatu<\/span>\n\t\t\t\t\t\t\t<i class=\"in_right ico-angle-right\"><\/i>\n\t\t\t\t\t\t<\/span>\n\t\t\t\t\t<\/a><style>.ideal_button1{background-color:#fd6315 !important;border-color:#fd6315 !important;color:#fff;}.ideal_button1:hover{background-color:#fd6315 !important;border-color:#fd6315 !important;color:#fff;}<\/style><\/div><\/div><\/div>[\/vc_column][\/vc_row][vc_row][vc_column]<div class=\"content_section\" style=\"\"><div class=\"hm_no_overlay\" style=\"\"><div class=\"container\">[vc_empty_space height=&#8221;50px&#8221;]<div class=\"icon_boxes_con style1 circle just_icon_border clearfix just_style3\"><div class=\"col-md-4 animated\" data-animation=\"fadeInLeft\" data-animation-delay=\"300\"><div class=\"service_box\">\n\t\t\t\t\t\t\t<span class=\"icon hm_icon_num1\"><i class=\"ico-desktop-windows\"><\/i><\/span>\n\t\t\t\t\t\t\t<div class=\"service_box_con centered\">\n\t\t\t\t\t\t\t\t<h3><a href=\"https:\/\/ceiconsultoria.net\/eu\/zerbitzuak\/eraldaketa-digitala-informazio-sistemak-eta-negozio-adimena\/eraldaketa-digitalaren-plana\/\" target=\"_self\">Eraldaketa digitalaren plana<\/a><\/h3>\n\t\t\t\t\t\t\t\t<span class=\"desc\"><\/span>\n\t\t\t\t\t\t\t<\/div>\n\t\t\t\t\t\t<\/div>\n\t\t\t\t\t\t\n\t\t\t\t\t<\/div><div class=\"col-md-4 animated\" data-animation=\"fadeInLeft\" data-animation-delay=\"400\"><div class=\"service_box\">\n\t\t\t\t\t\t\t<span class=\"icon hm_icon_num2\"><i class=\"ico-refresh3\"><\/i><\/span>\n\t\t\t\t\t\t\t<div class=\"service_box_con centered\">\n\t\t\t\t\t\t\t\t<h3><a href=\"https:\/\/ceiconsultoria.net\/eu\/zerbitzuak\/eraldaketa-digitala-informazio-sistemak-eta-negozio-adimena\/proiektu-informatikoak-ezartzea\/\" target=\"_self\">Proiektu informatikoak ezartzea<\/a><\/h3>\n\t\t\t\t\t\t\t\t<span class=\"desc\"><\/span>\n\t\t\t\t\t\t\t<\/div>\n\t\t\t\t\t\t<\/div>\n\t\t\t\t\t\t\n\t\t\t\t\t<\/div><div class=\"col-md-4 animated\" data-animation=\"fadeInLeft\" data-animation-delay=\"500\"><div class=\"service_box\">\n\t\t\t\t\t\t\t<span class=\"icon hm_icon_num3\"><i class=\"ico-data\"><\/i><\/span>\n\t\t\t\t\t\t\t<div class=\"service_box_con centered\">\n\t\t\t\t\t\t\t\t<h3><a href=\"https:\/\/ceiconsultoria.net\/eu\/zerbitzuak\/eraldaketa-digitala-informazio-sistemak-eta-negozio-adimena\/business-intelligence-analitica-power-bi-eta-big-data\/\" target=\"_self\">Business Intelligence, Anal\u00edtica, Power BI eta Big Data<\/a><\/h3>\n\t\t\t\t\t\t\t\t<span class=\"desc\"><\/span>\n\t\t\t\t\t\t\t<\/div>\n\t\t\t\t\t\t<\/div>\n\t\t\t\t\t\t\n\t\t\t\t\t<\/div><\/div><div class=\"icon_boxes_con style1 circle just_icon_border clearfix just_style3\"><div class=\"col-md-4 animated\" data-animation=\"fadeInLeft\" data-animation-delay=\"300\"><div class=\"service_box\">\n\t\t\t\t\t\t\t<span class=\"icon hm_icon_num4\"><i class=\"ico-https\"><\/i><\/span>\n\t\t\t\t\t\t\t<div class=\"service_box_con centered\">\n\t\t\t\t\t\t\t\t<h3><a href=\"https:\/\/ceiconsultoria.net\/eu\/zerbitzuak\/eraldaketa-digitala-informazio-sistemak-eta-negozio-adimena\/zibersegurtasuna\/\" target=\"_self\">Zibersegurtasuna<\/a><\/h3>\n\t\t\t\t\t\t\t\t<span class=\"desc\"><\/span>\n\t\t\t\t\t\t\t<\/div>\n\t\t\t\t\t\t<\/div>\n\t\t\t\t\t\t\n\t\t\t\t\t<\/div><div class=\"col-md-4 animated\" data-animation=\"fadeInLeft\" data-animation-delay=\"400\"><div class=\"service_box\">\n\t\t\t\t\t\t\t<span class=\"icon hm_icon_num5\"><i class=\"ico-star-full\"><\/i><\/span>\n\t\t\t\t\t\t\t<div class=\"service_box_con centered\">\n\t\t\t\t\t\t\t\t<h3><a href=\"https:\/\/ceiconsultoria.net\/eu\/zerbitzuak\/eraldaketa-digitala-informazio-sistemak-eta-negozio-adimena\/lopdgdd\/\" target=\"_self\">LOPDGDD<\/a><\/h3>\n\t\t\t\t\t\t\t\t<span class=\"desc\"><\/span>\n\t\t\t\t\t\t\t<\/div>\n\t\t\t\t\t\t<\/div>\n\t\t\t\t\t\t\n\t\t\t\t\t<\/div><div class=\"col-md-4 animated\" data-animation=\"fadeInLeft\" data-animation-delay=\"500\"><div class=\"service_box\">\n\t\t\t\t\t\t\t<span class=\"icon hm_icon_num6\"><i class=\"ico-check-square-o\"><\/i><\/span>\n\t\t\t\t\t\t\t<div class=\"service_box_con centered\">\n\t\t\t\t\t\t\t\t<h3><a href=\"https:\/\/ceiconsultoria.net\/eu\/zerbitzuak\/eraldaketa-digitala-informazio-sistemak-eta-negozio-adimena\/datuak-babesteko-delegatua\/\" target=\"_self\">Datuak Babesteko arduraduna<\/a><\/h3>\n\t\t\t\t\t\t\t\t<span class=\"desc\"><\/span>\n\t\t\t\t\t\t\t<\/div>\n\t\t\t\t\t\t<\/div>\n\t\t\t\t\t\t\n\t\t\t\t\t<\/div><\/div><\/div><\/div><\/div>[\/vc_column][\/vc_row]<\/p>\n<\/div>","protected":false},"excerpt":{"rendered":"<p>[vc_row][vc_column][\/vc_column][\/vc_row][vc_row][vc_column][\/vc_column][\/vc_row][vc_row][vc_column][\/vc_column][\/vc_row]<\/p>\n","protected":false},"author":1,"featured_media":8174,"parent":8496,"menu_order":2,"comment_status":"open","ping_status":"closed","template":"","meta":{"footnotes":""},"class_list":["post-8499","page","type-page","status-publish","has-post-thumbnail","hentry"],"yoast_head":"<!-- This site is optimized with the Yoast SEO plugin v25.8 - https:\/\/yoast.com\/wordpress\/plugins\/seo\/ -->\n<title>Eraldaketa Digitaleko Plana | Cei Consultor\u00eda<\/title>\n<meta name=\"description\" content=\"Eraldaketa Digitaleko Planak jarduera-ildo nagusiak eta garatu beharreko proiektu zehatzak zehazten ditu.\" \/>\n<meta name=\"robots\" content=\"index, follow, max-snippet:-1, max-image-preview:large, max-video-preview:-1\" \/>\n<link rel=\"canonical\" href=\"https:\/\/ceiconsultoria.net\/eu\/zerbitzuak\/eraldaketa-digitala-informazio-sistemak-eta-negozio-adimena\/eraldaketa-digitalaren-plana\/\" \/>\n<meta property=\"og:locale\" content=\"eu_ES\" \/>\n<meta property=\"og:type\" content=\"article\" \/>\n<meta property=\"og:title\" content=\"Eraldaketa Digitaleko Plana | Cei Consultor\u00eda\" \/>\n<meta property=\"og:description\" content=\"Eraldaketa Digitaleko Planak jarduera-ildo nagusiak eta garatu beharreko proiektu zehatzak zehazten ditu.\" \/>\n<meta property=\"og:url\" content=\"https:\/\/ceiconsultoria.net\/eu\/zerbitzuak\/eraldaketa-digitala-informazio-sistemak-eta-negozio-adimena\/eraldaketa-digitalaren-plana\/\" \/>\n<meta property=\"og:site_name\" content=\"Cei Consultor\u00eda\" \/>\n<meta property=\"article:publisher\" content=\"https:\/\/www.facebook.com\/GrupoCei\" \/>\n<meta property=\"article:modified_time\" content=\"2023-04-26T09:04:58+00:00\" \/>\n<meta property=\"og:image\" content=\"https:\/\/ceiconsultoria.net\/wp-content\/uploads\/2023\/02\/POWER-BI-baja.jpg\" \/>\n\t<meta property=\"og:image:width\" content=\"1908\" \/>\n\t<meta property=\"og:image:height\" content=\"1273\" \/>\n\t<meta property=\"og:image:type\" content=\"image\/jpeg\" \/>\n<meta name=\"twitter:card\" content=\"summary_large_image\" \/>\n<meta name=\"twitter:site\" content=\"@GrupoCei\" \/>\n<meta name=\"twitter:label1\" content=\"Est. reading time\" \/>\n\t<meta name=\"twitter:data1\" content=\"1 minute\" \/>\n<script type=\"application\/ld+json\" class=\"yoast-schema-graph\">{\"@context\":\"https:\/\/schema.org\",\"@graph\":[{\"@type\":\"WebPage\",\"@id\":\"https:\/\/ceiconsultoria.net\/eu\/zerbitzuak\/eraldaketa-digitala-informazio-sistemak-eta-negozio-adimena\/eraldaketa-digitalaren-plana\/\",\"url\":\"https:\/\/ceiconsultoria.net\/eu\/zerbitzuak\/eraldaketa-digitala-informazio-sistemak-eta-negozio-adimena\/eraldaketa-digitalaren-plana\/\",\"name\":\"Eraldaketa Digitaleko Plana | Cei Consultor\u00eda\",\"isPartOf\":{\"@id\":\"https:\/\/ceiconsultoria.net\/eu\/#website\"},\"primaryImageOfPage\":{\"@id\":\"https:\/\/ceiconsultoria.net\/eu\/zerbitzuak\/eraldaketa-digitala-informazio-sistemak-eta-negozio-adimena\/eraldaketa-digitalaren-plana\/#primaryimage\"},\"image\":{\"@id\":\"https:\/\/ceiconsultoria.net\/eu\/zerbitzuak\/eraldaketa-digitala-informazio-sistemak-eta-negozio-adimena\/eraldaketa-digitalaren-plana\/#primaryimage\"},\"thumbnailUrl\":\"https:\/\/ceiconsultoria.net\/wp-content\/uploads\/2023\/02\/POWER-BI-baja.jpg\",\"datePublished\":\"2019-05-07T13:51:53+00:00\",\"dateModified\":\"2023-04-26T09:04:58+00:00\",\"description\":\"Eraldaketa Digitaleko Planak jarduera-ildo nagusiak eta garatu beharreko proiektu zehatzak zehazten ditu.\",\"breadcrumb\":{\"@id\":\"https:\/\/ceiconsultoria.net\/eu\/zerbitzuak\/eraldaketa-digitala-informazio-sistemak-eta-negozio-adimena\/eraldaketa-digitalaren-plana\/#breadcrumb\"},\"inLanguage\":\"eu-ES\",\"potentialAction\":[{\"@type\":\"ReadAction\",\"target\":[\"https:\/\/ceiconsultoria.net\/eu\/zerbitzuak\/eraldaketa-digitala-informazio-sistemak-eta-negozio-adimena\/eraldaketa-digitalaren-plana\/\"]}]},{\"@type\":\"ImageObject\",\"inLanguage\":\"eu-ES\",\"@id\":\"https:\/\/ceiconsultoria.net\/eu\/zerbitzuak\/eraldaketa-digitala-informazio-sistemak-eta-negozio-adimena\/eraldaketa-digitalaren-plana\/#primaryimage\",\"url\":\"https:\/\/ceiconsultoria.net\/wp-content\/uploads\/2023\/02\/POWER-BI-baja.jpg\",\"contentUrl\":\"https:\/\/ceiconsultoria.net\/wp-content\/uploads\/2023\/02\/POWER-BI-baja.jpg\",\"width\":1908,\"height\":1273},{\"@type\":\"BreadcrumbList\",\"@id\":\"https:\/\/ceiconsultoria.net\/eu\/zerbitzuak\/eraldaketa-digitala-informazio-sistemak-eta-negozio-adimena\/eraldaketa-digitalaren-plana\/#breadcrumb\",\"itemListElement\":[{\"@type\":\"ListItem\",\"position\":1,\"name\":\"Inicio\",\"item\":\"https:\/\/ceiconsultoria.net\/eu\/\"},{\"@type\":\"ListItem\",\"position\":2,\"name\":\"Zerbitzuak\",\"item\":\"https:\/\/ceiconsultoria.net\/eu\/zerbitzuak\/\"},{\"@type\":\"ListItem\",\"position\":3,\"name\":\"Eraldaketa digitala: informazio sistemak eta negozio-adimena\",\"item\":\"https:\/\/ceiconsultoria.net\/eu\/zerbitzuak\/eraldaketa-digitala-informazio-sistemak-eta-negozio-adimena\/\"},{\"@type\":\"ListItem\",\"position\":4,\"name\":\"Eraldaketa digitalaren plana\"}]},{\"@type\":\"WebSite\",\"@id\":\"https:\/\/ceiconsultoria.net\/eu\/#website\",\"url\":\"https:\/\/ceiconsultoria.net\/eu\/\",\"name\":\"Cei Consultor\u00eda\",\"description\":\"Asesoramiento en gesti\u00f3n empresarial de innovaci\u00f3n y organizaci\u00f3n para adaptarse a los modelos de negocio que permitan a la empresa competir en la mejor posici\u00f3n.\",\"publisher\":{\"@id\":\"https:\/\/ceiconsultoria.net\/eu\/#organization\"},\"potentialAction\":[{\"@type\":\"SearchAction\",\"target\":{\"@type\":\"EntryPoint\",\"urlTemplate\":\"https:\/\/ceiconsultoria.net\/eu\/?s={search_term_string}\"},\"query-input\":{\"@type\":\"PropertyValueSpecification\",\"valueRequired\":true,\"valueName\":\"search_term_string\"}}],\"inLanguage\":\"eu-ES\"},{\"@type\":\"Organization\",\"@id\":\"https:\/\/ceiconsultoria.net\/eu\/#organization\",\"name\":\"Cei Consultor\u00eda\",\"url\":\"https:\/\/ceiconsultoria.net\/eu\/\",\"logo\":{\"@type\":\"ImageObject\",\"inLanguage\":\"eu-ES\",\"@id\":\"https:\/\/ceiconsultoria.net\/eu\/#\/schema\/logo\/image\/\",\"url\":\"https:\/\/ceiconsultoria.net\/wp-content\/uploads\/2020\/12\/cei-consultoria-l.png\",\"contentUrl\":\"https:\/\/ceiconsultoria.net\/wp-content\/uploads\/2020\/12\/cei-consultoria-l.png\",\"width\":208,\"height\":50,\"caption\":\"Cei Consultor\u00eda\"},\"image\":{\"@id\":\"https:\/\/ceiconsultoria.net\/eu\/#\/schema\/logo\/image\/\"},\"sameAs\":[\"https:\/\/www.facebook.com\/GrupoCei\",\"https:\/\/x.com\/GrupoCei\",\"https:\/\/es.linkedin.com\/company\/consultoria-cei\"]}]}<\/script>\n<!-- \/ Yoast SEO plugin. -->","yoast_head_json":{"title":"Eraldaketa Digitaleko Plana | Cei Consultor\u00eda","description":"Eraldaketa Digitaleko Planak jarduera-ildo nagusiak eta garatu beharreko proiektu zehatzak zehazten ditu.","robots":{"index":"index","follow":"follow","max-snippet":"max-snippet:-1","max-image-preview":"max-image-preview:large","max-video-preview":"max-video-preview:-1"},"canonical":"https:\/\/ceiconsultoria.net\/eu\/zerbitzuak\/eraldaketa-digitala-informazio-sistemak-eta-negozio-adimena\/eraldaketa-digitalaren-plana\/","og_locale":"eu_ES","og_type":"article","og_title":"Eraldaketa Digitaleko Plana | Cei Consultor\u00eda","og_description":"Eraldaketa Digitaleko Planak jarduera-ildo nagusiak eta garatu beharreko proiektu zehatzak zehazten ditu.","og_url":"https:\/\/ceiconsultoria.net\/eu\/zerbitzuak\/eraldaketa-digitala-informazio-sistemak-eta-negozio-adimena\/eraldaketa-digitalaren-plana\/","og_site_name":"Cei Consultor\u00eda","article_publisher":"https:\/\/www.facebook.com\/GrupoCei","article_modified_time":"2023-04-26T09:04:58+00:00","og_image":[{"width":1908,"height":1273,"url":"https:\/\/ceiconsultoria.net\/wp-content\/uploads\/2023\/02\/POWER-BI-baja.jpg","type":"image\/jpeg"}],"twitter_card":"summary_large_image","twitter_site":"@GrupoCei","twitter_misc":{"Est. reading time":"1 minute"},"schema":{"@context":"https:\/\/schema.org","@graph":[{"@type":"WebPage","@id":"https:\/\/ceiconsultoria.net\/eu\/zerbitzuak\/eraldaketa-digitala-informazio-sistemak-eta-negozio-adimena\/eraldaketa-digitalaren-plana\/","url":"https:\/\/ceiconsultoria.net\/eu\/zerbitzuak\/eraldaketa-digitala-informazio-sistemak-eta-negozio-adimena\/eraldaketa-digitalaren-plana\/","name":"Eraldaketa Digitaleko Plana | Cei Consultor\u00eda","isPartOf":{"@id":"https:\/\/ceiconsultoria.net\/eu\/#website"},"primaryImageOfPage":{"@id":"https:\/\/ceiconsultoria.net\/eu\/zerbitzuak\/eraldaketa-digitala-informazio-sistemak-eta-negozio-adimena\/eraldaketa-digitalaren-plana\/#primaryimage"},"image":{"@id":"https:\/\/ceiconsultoria.net\/eu\/zerbitzuak\/eraldaketa-digitala-informazio-sistemak-eta-negozio-adimena\/eraldaketa-digitalaren-plana\/#primaryimage"},"thumbnailUrl":"https:\/\/ceiconsultoria.net\/wp-content\/uploads\/2023\/02\/POWER-BI-baja.jpg","datePublished":"2019-05-07T13:51:53+00:00","dateModified":"2023-04-26T09:04:58+00:00","description":"Eraldaketa Digitaleko Planak jarduera-ildo nagusiak eta garatu beharreko proiektu zehatzak zehazten ditu.","breadcrumb":{"@id":"https:\/\/ceiconsultoria.net\/eu\/zerbitzuak\/eraldaketa-digitala-informazio-sistemak-eta-negozio-adimena\/eraldaketa-digitalaren-plana\/#breadcrumb"},"inLanguage":"eu-ES","potentialAction":[{"@type":"ReadAction","target":["https:\/\/ceiconsultoria.net\/eu\/zerbitzuak\/eraldaketa-digitala-informazio-sistemak-eta-negozio-adimena\/eraldaketa-digitalaren-plana\/"]}]},{"@type":"ImageObject","inLanguage":"eu-ES","@id":"https:\/\/ceiconsultoria.net\/eu\/zerbitzuak\/eraldaketa-digitala-informazio-sistemak-eta-negozio-adimena\/eraldaketa-digitalaren-plana\/#primaryimage","url":"https:\/\/ceiconsultoria.net\/wp-content\/uploads\/2023\/02\/POWER-BI-baja.jpg","contentUrl":"https:\/\/ceiconsultoria.net\/wp-content\/uploads\/2023\/02\/POWER-BI-baja.jpg","width":1908,"height":1273},{"@type":"BreadcrumbList","@id":"https:\/\/ceiconsultoria.net\/eu\/zerbitzuak\/eraldaketa-digitala-informazio-sistemak-eta-negozio-adimena\/eraldaketa-digitalaren-plana\/#breadcrumb","itemListElement":[{"@type":"ListItem","position":1,"name":"Inicio","item":"https:\/\/ceiconsultoria.net\/eu\/"},{"@type":"ListItem","position":2,"name":"Zerbitzuak","item":"https:\/\/ceiconsultoria.net\/eu\/zerbitzuak\/"},{"@type":"ListItem","position":3,"name":"Eraldaketa digitala: informazio sistemak eta negozio-adimena","item":"https:\/\/ceiconsultoria.net\/eu\/zerbitzuak\/eraldaketa-digitala-informazio-sistemak-eta-negozio-adimena\/"},{"@type":"ListItem","position":4,"name":"Eraldaketa digitalaren plana"}]},{"@type":"WebSite","@id":"https:\/\/ceiconsultoria.net\/eu\/#website","url":"https:\/\/ceiconsultoria.net\/eu\/","name":"Cei Consultor\u00eda","description":"Asesoramiento en gesti\u00f3n empresarial de innovaci\u00f3n y organizaci\u00f3n para adaptarse a los modelos de negocio que permitan a la empresa competir en la mejor posici\u00f3n.","publisher":{"@id":"https:\/\/ceiconsultoria.net\/eu\/#organization"},"potentialAction":[{"@type":"SearchAction","target":{"@type":"EntryPoint","urlTemplate":"https:\/\/ceiconsultoria.net\/eu\/?s={search_term_string}"},"query-input":{"@type":"PropertyValueSpecification","valueRequired":true,"valueName":"search_term_string"}}],"inLanguage":"eu-ES"},{"@type":"Organization","@id":"https:\/\/ceiconsultoria.net\/eu\/#organization","name":"Cei Consultor\u00eda","url":"https:\/\/ceiconsultoria.net\/eu\/","logo":{"@type":"ImageObject","inLanguage":"eu-ES","@id":"https:\/\/ceiconsultoria.net\/eu\/#\/schema\/logo\/image\/","url":"https:\/\/ceiconsultoria.net\/wp-content\/uploads\/2020\/12\/cei-consultoria-l.png","contentUrl":"https:\/\/ceiconsultoria.net\/wp-content\/uploads\/2020\/12\/cei-consultoria-l.png","width":208,"height":50,"caption":"Cei Consultor\u00eda"},"image":{"@id":"https:\/\/ceiconsultoria.net\/eu\/#\/schema\/logo\/image\/"},"sameAs":["https:\/\/www.facebook.com\/GrupoCei","https:\/\/x.com\/GrupoCei","https:\/\/es.linkedin.com\/company\/consultoria-cei"]}]}},"_links":{"self":[{"href":"https:\/\/ceiconsultoria.net\/eu\/wp-json\/wp\/v2\/pages\/8499","targetHints":{"allow":["GET"]}}],"collection":[{"href":"https:\/\/ceiconsultoria.net\/eu\/wp-json\/wp\/v2\/pages"}],"about":[{"href":"https:\/\/ceiconsultoria.net\/eu\/wp-json\/wp\/v2\/types\/page"}],"author":[{"embeddable":true,"href":"https:\/\/ceiconsultoria.net\/eu\/wp-json\/wp\/v2\/users\/1"}],"replies":[{"embeddable":true,"href":"https:\/\/ceiconsultoria.net\/eu\/wp-json\/wp\/v2\/comments?post=8499"}],"version-history":[{"count":4,"href":"https:\/\/ceiconsultoria.net\/eu\/wp-json\/wp\/v2\/pages\/8499\/revisions"}],"predecessor-version":[{"id":8576,"href":"https:\/\/ceiconsultoria.net\/eu\/wp-json\/wp\/v2\/pages\/8499\/revisions\/8576"}],"up":[{"embeddable":true,"href":"https:\/\/ceiconsultoria.net\/eu\/wp-json\/wp\/v2\/pages\/8496"}],"wp:featuredmedia":[{"embeddable":true,"href":"https:\/\/ceiconsultoria.net\/eu\/wp-json\/wp\/v2\/media\/8174"}],"wp:attachment":[{"href":"https:\/\/ceiconsultoria.net\/eu\/wp-json\/wp\/v2\/media?parent=8499"}],"curies":[{"name":"wp","href":"https:\/\/api.w.org\/{rel}","templated":true}]}}