{"id":8490,"date":"2019-06-04T10:59:53","date_gmt":"2019-06-04T08:59:53","guid":{"rendered":"https:\/\/ceiconsultoria.net\/zerbitzuak\/pertsonak\/prestakuntza-beharren-diagnostikoa\/"},"modified":"2023-04-26T10:53:06","modified_gmt":"2023-04-26T08:53:06","slug":"prestakuntza-beharren-diagnostikoa","status":"publish","type":"page","link":"https:\/\/ceiconsultoria.net\/eu\/zerbitzuak\/pertsonak\/prestakuntza-beharren-diagnostikoa\/","title":{"rendered":"Prestakuntza-beharren diagnostikoa"},"content":{"rendered":"<div class=\"wpb-content-wrapper\"><p>[vc_row][vc_column]<div class=\"content_section\" style=\"border-color:#e4e4e4;border-style: none;border-top-width: 1px;border-right-width: 0px;border-bottom-width: 1px;border-left-width: 0px;\"><div class=\"hm_no_overlay\" style=\"\"><div class=\"container\"><span class=\" description1\" style=\"text-transform: none;\">Prestakuntza planak egituratzeko eta garatzeko gidatzen gaituen prozesua da, zeintzuk diren detektatuz. <\/span><span class=\" description1\" style=\"text-transform: none;\">Enpresaren barruko prestakuntza enpresa-errealitatera egokitu nahi da eta erakundearen diagnostikoarekin hasten da -gaur egungo egoeran eta etorkizun hurbilerako orientazioan- eta inpaktuaren ebaluazioarekin amaitzen da, ikaskuntzak gauzatu ondoren. Erakundean Etengabeko Hobekuntzaren printzipioak aplikatzeko prozesu nagusia da.<\/span><\/div><\/div><\/div>[\/vc_column][\/vc_row][vc_row][vc_column]<div class=\"content_section\" style=\"\"><div class=\"hm_no_overlay\" style=\"padding-top:20px;\"><div class=\"container\"><div class=\"main_title no_line  main_title98\">\n\t\t\t\t<h2 style=\"text-transform: capitalize;color: #444444;\"><b>Prestakuntza-prozesua:<\/b><\/h2>\n\t\t\t<\/div><ul class=\"list3 clearfix\"><li>Prestakuntza-beharren diagnostikoa.<\/li><li>Diseinua eta plangintza.<\/li><li>Prestakuntza-ekintzak gauzatzea.<\/li><li>Lantokian aplikazioa.<\/li><li>Ebaluazioa.<\/li><li>Etengabeko hobekuntza.<\/li><\/ul>[vc_empty_space]<\/div><\/div><\/div>[\/vc_column][\/vc_row][vc_row][vc_column]<div class=\"content_section\" style=\"\"><div class=\"hm_no_overlay\" style=\"padding-top:20px;\"><div class=\"container\"><div class=\"main_title no_line  main_title73\">\n\t\t\t\t<h2 style=\"text-transform: capitalize;color: #444444;\"><b>Prozesuaren faseak:<\/b><\/h2>\n\t\t\t<\/div><ul class=\"list3 clearfix\"><li><b>Sarrera eta plangintza.<\/b><\/li><li>Elkarrizketetarako eta bileretarako pertsonen kontzentrazioa<\/li><li>Biltzeko dokumentazioa zehaztea.<\/li><li>Esku-hartzearen planifikazio zehatza.<\/li><li>Elkarrizketetarako, bilerak eta galdetegietarako gidoiak garatzea.<\/li><li><b>Beharren azterketak: informazio bilketa.<\/b><\/li><li>Elkarrizketak<\/li><li>Topaketak<\/li><li>Zuzeneko behaketa<\/li><li>Galdetegiak<\/li><li><b>Prestakuntza-beharren azterketa eta detekzioa prestatzea.<\/b><\/li><li>Azterketa dokumentala<\/li><li>Bildutako informazioaren sistematizazioa<\/li><li>.\u00abBeharren azterketa eta detekzioa\u00bb Dokumentua prestatzea.<\/li><li><b>Analisiaren baliozkotzea.<\/b><\/li><li>Zuzendaritzarekin lan saioa.<\/li><li><b>Prestakuntza-plana prestatzea.<\/b><\/li><li>Ekintza ezberdinen zehaztapenak.<\/li><li><b>Ekintzak lerro estrategikoekin lerrokatzea.<\/b><\/li><li>Zuzendaritzarekin lan saioa.<\/li><li>Lehentasuna eta behin-behineko plangintza.<\/li><li>Aurrekontuaren aurreikuspena<\/li><li>\u00abPrestakuntza Plana\u00bb dokumentua prestatzea.<\/li><\/ul>[vc_empty_space]<\/div><\/div><\/div>[\/vc_column][\/vc_row][vc_row][vc_column]<div class=\"content_section\" style=\"\"><div class=\"hm_no_overlay\" style=\"padding-top:20px;\"><div class=\"container\"><div class=\"main_title no_line  main_title31\">\n\t\t\t\t<h2 style=\"text-transform: capitalize;color: #444444;\"><strong>Onurak:<\/strong><\/h2>\n\t\t\t<\/div><ul class=\"list3 clearfix\"><li>HR Sailaren deskongestioa<\/li><li>Prestakuntza Planaren ezarpenaren ziurtapena.<\/li><li>Pertsonei autodidakta izatea eta zeregin bakoitzerako behar baino denbora gehiago erabiltzea eragotzi.<\/li><li>Ezagutza eta trebetasun pertsonalak lanpostu bakoitzerako behar diren gaitasunetara egokitzea.<\/li><li>Ekintza bakoitzerako ahalik eta finantzaketarik handiena lortzeko beharrezko dokumentazio guztia eguneratuta edukitzea.<\/li><li>Enpresan ezarritako kalitatea kudeatzeko sistemen prestakuntzarekin lotutako dokumentazio guztia eguneratuta edukitzea. <\/li><li>Prestakuntza erakundearen estrategiarekin bat etortzea.<\/li><li>Saileko eta helburu pertsonalak erakundearen ildo estrategikoekin lerrokatzea.<\/li><li>Etorkizuneko liderrak eta langile espezializatuak garatzea.<\/li><li>Erakundeko pertsonen aldetik konpromiso handiagoa sortzea.<\/li><\/ul>[vc_empty_space]<a class=\"btn_a medium_btn color1 ideal_button1\" target=\"_self\" href=\"https:\/\/ceiconsultoria.net\/eu\/kontaktua\/\" style=\"margin-top:0px;margin-bottom:0px;\">\n\t\t\t\t\t\t<span style=\"background-color:#fd6315;\">\n\t\t\t\t\t\t\t<i class=\"in_left ico-angle-right\"><\/i>\n\t\t\t\t\t\t\t<span>Informazioa eskatu<\/span>\n\t\t\t\t\t\t\t<i class=\"in_right ico-angle-right\"><\/i>\n\t\t\t\t\t\t<\/span>\n\t\t\t\t\t<\/a><style>.ideal_button1{background-color:#fd6315 !important;border-color:#fd6315 !important;color:#fff;}.ideal_button1:hover{background-color:#fd6315 !important;border-color:#fd6315 !important;color:#fff;}<\/style><\/div><\/div><\/div>[\/vc_column][\/vc_row][vc_row][vc_column]<div class=\"content_section\" style=\"border-color:#e4e4e4;border-style: none;border-top-width: 0px;border-right-width: 0px;border-bottom-width: 0px;border-left-width: 0px;\"><div class=\"hm_no_overlay\" style=\"\"><div class=\"container\"><div style=\"height:50px;\"><\/div><div class=\"icon_boxes_con style1 circle just_icon_border clearfix just_style3\"><div class=\"col-md-4 animated\" data-animation=\"fadeInLeft\" data-animation-delay=\"300\"><div class=\"service_box\">\n\t\t\t\t\t\t\t<span class=\"icon hm_icon_num1\"><i class=\"ico-clipboard\"><\/i><\/span>\n\t\t\t\t\t\t\t<div class=\"service_box_con centered\">\n\t\t\t\t\t\t\t\t<h3><a href=\"https:\/\/ceiconsultoria.net\/eu\/zerbitzuak\/pertsonak\/prestakuntza-beharren-diagnostikoa\/\" target=\"_self\">Prestakuntza-beharren diagnostikoa<\/a><\/h3>\n\t\t\t\t\t\t\t\t<span class=\"desc\"><\/span>\n\t\t\t\t\t\t\t<\/div>\n\t\t\t\t\t\t<\/div>\n\t\t\t\t\t\t\n\t\t\t\t\t<\/div><div class=\"col-md-4 animated\" data-animation=\"fadeInLeft\" data-animation-delay=\"400\"><div class=\"service_box\">\n\t\t\t\t\t\t\t<span class=\"icon hm_icon_num2\"><i class=\"ico-man-woman\"><\/i><\/span>\n\t\t\t\t\t\t\t<div class=\"service_box_con centered\">\n\t\t\t\t\t\t\t\t<h3><a href=\"https:\/\/ceiconsultoria.net\/eu\/zerbitzuak\/pertsonak\/berdintasun-plana\/\" target=\"_self\">Berdintasun Plana<\/a><\/h3>\n\t\t\t\t\t\t\t\t<span class=\"desc\"><\/span>\n\t\t\t\t\t\t\t<\/div>\n\t\t\t\t\t\t<\/div>\n\t\t\t\t\t\t\n\t\t\t\t\t<\/div><div class=\"col-md-4 animated\" data-animation=\"fadeInLeft\" data-animation-delay=\"500\"><div class=\"service_box\">\n\t\t\t\t\t\t\t<span class=\"icon hm_icon_num3\"><i class=\"ico-clipboard4\"><\/i><\/span>\n\t\t\t\t\t\t\t<div class=\"service_box_con centered\">\n\t\t\t\t\t\t\t\t<h3><a href=\"https:\/\/ceiconsultoria.net\/eu\/zerbitzuak\/pertsonak\/sexu-edo-genero-jazarpenerako-protokoloa\/\" target=\"_self\">Sexu edo genero-jazarpenerako protokoloa<\/a><\/h3>\n\t\t\t\t\t\t\t\t<span class=\"desc\"><\/span>\n\t\t\t\t\t\t\t<\/div>\n\t\t\t\t\t\t<\/div>\n\t\t\t\t\t\t\n\t\t\t\t\t<\/div><\/div><div style=\"height:30px;\"><\/div><div class=\"icon_boxes_con style1 circle just_icon_border clearfix just_style3\"><div class=\"col-md-4 animated\" data-animation=\"fadeInLeft\" data-animation-delay=\"300\"><div class=\"service_box\">\n\t\t\t\t\t\t\t<span class=\"icon hm_icon_num4\"><i class=\"ico-users2\"><\/i><\/span>\n\t\t\t\t\t\t\t<div class=\"service_box_con centered\">\n\t\t\t\t\t\t\t\t<h3><a href=\"https:\/\/ceiconsultoria.net\/eu\/zerbitzuak\/pertsonak\/talentuaren-kudeaketa\/\" target=\"_self\">Talentuaren kudeaketa<\/a><\/h3>\n\t\t\t\t\t\t\t\t<span class=\"desc\"><\/span>\n\t\t\t\t\t\t\t<\/div>\n\t\t\t\t\t\t<\/div>\n\t\t\t\t\t\t\n\t\t\t\t\t<\/div><div class=\"col-md-4 animated\" data-animation=\"fadeInLeft\" data-animation-delay=\"400\"><div class=\"service_box\">\n\t\t\t\t\t\t\t<span class=\"icon hm_icon_num5\"><i class=\"ico-laptop3\"><\/i><\/span>\n\t\t\t\t\t\t\t<div class=\"service_box_con centered\">\n\t\t\t\t\t\t\t\t<h3><a href=\"https:\/\/ceiconsultoria.net\/eu\/zerbitzuak\/pertsonak\/antolakuntzaren-kultura-eraldaketa\/\" target=\"_self\">Antolakuntzaren Kultura Eraldaketa<\/a><\/h3>\n\t\t\t\t\t\t\t\t<span class=\"desc\"><\/span>\n\t\t\t\t\t\t\t<\/div>\n\t\t\t\t\t\t<\/div>\n\t\t\t\t\t\t\n\t\t\t\t\t<\/div><div class=\"col-md-4 animated\" data-animation=\"fadeInLeft\" data-animation-delay=\"500\"><div class=\"service_box\">\n\t\t\t\t\t\t\t<span class=\"icon hm_icon_num6\"><i class=\"ico-users\"><\/i><\/span>\n\t\t\t\t\t\t\t<div class=\"service_box_con centered\">\n\t\t\t\t\t\t\t\t<h3><a href=\"https:\/\/ceiconsultoria.net\/eu\/zerbitzuak\/pertsonak\/kultur-aniztasunaren-kudeaketa\/\" target=\"_self\">Kultur aniztasunaren kudeaketa<\/a><\/h3>\n\t\t\t\t\t\t\t\t<span class=\"desc\"><\/span>\n\t\t\t\t\t\t\t<\/div>\n\t\t\t\t\t\t<\/div>\n\t\t\t\t\t\t\n\t\t\t\t\t<\/div><\/div><\/div><\/div><\/div>[\/vc_column][\/vc_row]<\/p>\n<\/div>","protected":false},"excerpt":{"rendered":"<p>[vc_row][vc_column][\/vc_column][\/vc_row][vc_row][vc_column][\/vc_column][\/vc_row][vc_row][vc_column][\/vc_column][\/vc_row][vc_row][vc_column][\/vc_column][\/vc_row][vc_row][vc_column][\/vc_column][\/vc_row]<\/p>\n","protected":false},"author":1,"featured_media":8157,"parent":8475,"menu_order":3,"comment_status":"open","ping_status":"closed","template":"","meta":{"footnotes":""},"class_list":["post-8490","page","type-page","status-publish","has-post-thumbnail","hentry"],"yoast_head":"<!-- This site is optimized with the Yoast SEO plugin v25.8 - https:\/\/yoast.com\/wordpress\/plugins\/seo\/ -->\n<title>Prestakuntza-beharren diagnostikoa| Cei Consultor\u00eda<\/title>\n<meta name=\"description\" content=\"Prestakuntza planak egituratzeko eta garatzeko gidatzen gaituen prozesua da, zeintzuk diren detektatuz.\" \/>\n<meta name=\"robots\" content=\"index, follow, max-snippet:-1, max-image-preview:large, max-video-preview:-1\" \/>\n<link rel=\"canonical\" href=\"https:\/\/ceiconsultoria.net\/eu\/zerbitzuak\/pertsonak\/prestakuntza-beharren-diagnostikoa\/\" \/>\n<meta property=\"og:locale\" content=\"eu_ES\" \/>\n<meta property=\"og:type\" content=\"article\" \/>\n<meta property=\"og:title\" content=\"Prestakuntza-beharren diagnostikoa| Cei Consultor\u00eda\" \/>\n<meta property=\"og:description\" content=\"Prestakuntza planak egituratzeko eta garatzeko gidatzen gaituen prozesua da, zeintzuk diren detektatuz.\" \/>\n<meta property=\"og:url\" content=\"https:\/\/ceiconsultoria.net\/eu\/zerbitzuak\/pertsonak\/prestakuntza-beharren-diagnostikoa\/\" \/>\n<meta property=\"og:site_name\" content=\"Cei Consultor\u00eda\" \/>\n<meta property=\"article:publisher\" content=\"https:\/\/www.facebook.com\/GrupoCei\" \/>\n<meta property=\"article:modified_time\" content=\"2023-04-26T08:53:06+00:00\" \/>\n<meta property=\"og:image\" content=\"https:\/\/ceiconsultoria.net\/wp-content\/uploads\/2023\/01\/personas_cei_consultoria.png\" \/>\n\t<meta property=\"og:image:width\" content=\"1446\" \/>\n\t<meta property=\"og:image:height\" content=\"821\" \/>\n\t<meta property=\"og:image:type\" content=\"image\/png\" \/>\n<meta name=\"twitter:card\" content=\"summary_large_image\" \/>\n<meta name=\"twitter:site\" content=\"@GrupoCei\" \/>\n<meta name=\"twitter:label1\" content=\"Est. reading time\" \/>\n\t<meta name=\"twitter:data1\" content=\"2 minutes\" \/>\n<script type=\"application\/ld+json\" class=\"yoast-schema-graph\">{\"@context\":\"https:\/\/schema.org\",\"@graph\":[{\"@type\":\"WebPage\",\"@id\":\"https:\/\/ceiconsultoria.net\/eu\/zerbitzuak\/pertsonak\/prestakuntza-beharren-diagnostikoa\/\",\"url\":\"https:\/\/ceiconsultoria.net\/eu\/zerbitzuak\/pertsonak\/prestakuntza-beharren-diagnostikoa\/\",\"name\":\"Prestakuntza-beharren diagnostikoa| Cei Consultor\u00eda\",\"isPartOf\":{\"@id\":\"https:\/\/ceiconsultoria.net\/eu\/#website\"},\"primaryImageOfPage\":{\"@id\":\"https:\/\/ceiconsultoria.net\/eu\/zerbitzuak\/pertsonak\/prestakuntza-beharren-diagnostikoa\/#primaryimage\"},\"image\":{\"@id\":\"https:\/\/ceiconsultoria.net\/eu\/zerbitzuak\/pertsonak\/prestakuntza-beharren-diagnostikoa\/#primaryimage\"},\"thumbnailUrl\":\"https:\/\/ceiconsultoria.net\/wp-content\/uploads\/2023\/01\/personas_cei_consultoria.png\",\"datePublished\":\"2019-06-04T08:59:53+00:00\",\"dateModified\":\"2023-04-26T08:53:06+00:00\",\"description\":\"Prestakuntza planak egituratzeko eta garatzeko gidatzen gaituen prozesua da, zeintzuk diren detektatuz.\",\"breadcrumb\":{\"@id\":\"https:\/\/ceiconsultoria.net\/eu\/zerbitzuak\/pertsonak\/prestakuntza-beharren-diagnostikoa\/#breadcrumb\"},\"inLanguage\":\"eu-ES\",\"potentialAction\":[{\"@type\":\"ReadAction\",\"target\":[\"https:\/\/ceiconsultoria.net\/eu\/zerbitzuak\/pertsonak\/prestakuntza-beharren-diagnostikoa\/\"]}]},{\"@type\":\"ImageObject\",\"inLanguage\":\"eu-ES\",\"@id\":\"https:\/\/ceiconsultoria.net\/eu\/zerbitzuak\/pertsonak\/prestakuntza-beharren-diagnostikoa\/#primaryimage\",\"url\":\"https:\/\/ceiconsultoria.net\/wp-content\/uploads\/2023\/01\/personas_cei_consultoria.png\",\"contentUrl\":\"https:\/\/ceiconsultoria.net\/wp-content\/uploads\/2023\/01\/personas_cei_consultoria.png\",\"width\":1446,\"height\":821},{\"@type\":\"BreadcrumbList\",\"@id\":\"https:\/\/ceiconsultoria.net\/eu\/zerbitzuak\/pertsonak\/prestakuntza-beharren-diagnostikoa\/#breadcrumb\",\"itemListElement\":[{\"@type\":\"ListItem\",\"position\":1,\"name\":\"Inicio\",\"item\":\"https:\/\/ceiconsultoria.net\/eu\/\"},{\"@type\":\"ListItem\",\"position\":2,\"name\":\"Zerbitzuak\",\"item\":\"https:\/\/ceiconsultoria.net\/eu\/zerbitzuak\/\"},{\"@type\":\"ListItem\",\"position\":3,\"name\":\"Pertsonak\",\"item\":\"https:\/\/ceiconsultoria.net\/eu\/zerbitzuak\/pertsonak\/\"},{\"@type\":\"ListItem\",\"position\":4,\"name\":\"Prestakuntza-beharren diagnostikoa\"}]},{\"@type\":\"WebSite\",\"@id\":\"https:\/\/ceiconsultoria.net\/eu\/#website\",\"url\":\"https:\/\/ceiconsultoria.net\/eu\/\",\"name\":\"Cei Consultor\u00eda\",\"description\":\"Asesoramiento en gesti\u00f3n empresarial de innovaci\u00f3n y organizaci\u00f3n para adaptarse a los modelos de negocio que permitan a la empresa competir en la mejor posici\u00f3n.\",\"publisher\":{\"@id\":\"https:\/\/ceiconsultoria.net\/eu\/#organization\"},\"potentialAction\":[{\"@type\":\"SearchAction\",\"target\":{\"@type\":\"EntryPoint\",\"urlTemplate\":\"https:\/\/ceiconsultoria.net\/eu\/?s={search_term_string}\"},\"query-input\":{\"@type\":\"PropertyValueSpecification\",\"valueRequired\":true,\"valueName\":\"search_term_string\"}}],\"inLanguage\":\"eu-ES\"},{\"@type\":\"Organization\",\"@id\":\"https:\/\/ceiconsultoria.net\/eu\/#organization\",\"name\":\"Cei Consultor\u00eda\",\"url\":\"https:\/\/ceiconsultoria.net\/eu\/\",\"logo\":{\"@type\":\"ImageObject\",\"inLanguage\":\"eu-ES\",\"@id\":\"https:\/\/ceiconsultoria.net\/eu\/#\/schema\/logo\/image\/\",\"url\":\"https:\/\/ceiconsultoria.net\/wp-content\/uploads\/2020\/12\/cei-consultoria-l.png\",\"contentUrl\":\"https:\/\/ceiconsultoria.net\/wp-content\/uploads\/2020\/12\/cei-consultoria-l.png\",\"width\":208,\"height\":50,\"caption\":\"Cei Consultor\u00eda\"},\"image\":{\"@id\":\"https:\/\/ceiconsultoria.net\/eu\/#\/schema\/logo\/image\/\"},\"sameAs\":[\"https:\/\/www.facebook.com\/GrupoCei\",\"https:\/\/x.com\/GrupoCei\",\"https:\/\/es.linkedin.com\/company\/consultoria-cei\"]}]}<\/script>\n<!-- \/ Yoast SEO plugin. -->","yoast_head_json":{"title":"Prestakuntza-beharren diagnostikoa| Cei Consultor\u00eda","description":"Prestakuntza planak egituratzeko eta garatzeko gidatzen gaituen prozesua da, zeintzuk diren detektatuz.","robots":{"index":"index","follow":"follow","max-snippet":"max-snippet:-1","max-image-preview":"max-image-preview:large","max-video-preview":"max-video-preview:-1"},"canonical":"https:\/\/ceiconsultoria.net\/eu\/zerbitzuak\/pertsonak\/prestakuntza-beharren-diagnostikoa\/","og_locale":"eu_ES","og_type":"article","og_title":"Prestakuntza-beharren diagnostikoa| Cei Consultor\u00eda","og_description":"Prestakuntza planak egituratzeko eta garatzeko gidatzen gaituen prozesua da, zeintzuk diren detektatuz.","og_url":"https:\/\/ceiconsultoria.net\/eu\/zerbitzuak\/pertsonak\/prestakuntza-beharren-diagnostikoa\/","og_site_name":"Cei Consultor\u00eda","article_publisher":"https:\/\/www.facebook.com\/GrupoCei","article_modified_time":"2023-04-26T08:53:06+00:00","og_image":[{"width":1446,"height":821,"url":"https:\/\/ceiconsultoria.net\/wp-content\/uploads\/2023\/01\/personas_cei_consultoria.png","type":"image\/png"}],"twitter_card":"summary_large_image","twitter_site":"@GrupoCei","twitter_misc":{"Est. reading time":"2 minutes"},"schema":{"@context":"https:\/\/schema.org","@graph":[{"@type":"WebPage","@id":"https:\/\/ceiconsultoria.net\/eu\/zerbitzuak\/pertsonak\/prestakuntza-beharren-diagnostikoa\/","url":"https:\/\/ceiconsultoria.net\/eu\/zerbitzuak\/pertsonak\/prestakuntza-beharren-diagnostikoa\/","name":"Prestakuntza-beharren diagnostikoa| Cei Consultor\u00eda","isPartOf":{"@id":"https:\/\/ceiconsultoria.net\/eu\/#website"},"primaryImageOfPage":{"@id":"https:\/\/ceiconsultoria.net\/eu\/zerbitzuak\/pertsonak\/prestakuntza-beharren-diagnostikoa\/#primaryimage"},"image":{"@id":"https:\/\/ceiconsultoria.net\/eu\/zerbitzuak\/pertsonak\/prestakuntza-beharren-diagnostikoa\/#primaryimage"},"thumbnailUrl":"https:\/\/ceiconsultoria.net\/wp-content\/uploads\/2023\/01\/personas_cei_consultoria.png","datePublished":"2019-06-04T08:59:53+00:00","dateModified":"2023-04-26T08:53:06+00:00","description":"Prestakuntza planak egituratzeko eta garatzeko gidatzen gaituen prozesua da, zeintzuk diren detektatuz.","breadcrumb":{"@id":"https:\/\/ceiconsultoria.net\/eu\/zerbitzuak\/pertsonak\/prestakuntza-beharren-diagnostikoa\/#breadcrumb"},"inLanguage":"eu-ES","potentialAction":[{"@type":"ReadAction","target":["https:\/\/ceiconsultoria.net\/eu\/zerbitzuak\/pertsonak\/prestakuntza-beharren-diagnostikoa\/"]}]},{"@type":"ImageObject","inLanguage":"eu-ES","@id":"https:\/\/ceiconsultoria.net\/eu\/zerbitzuak\/pertsonak\/prestakuntza-beharren-diagnostikoa\/#primaryimage","url":"https:\/\/ceiconsultoria.net\/wp-content\/uploads\/2023\/01\/personas_cei_consultoria.png","contentUrl":"https:\/\/ceiconsultoria.net\/wp-content\/uploads\/2023\/01\/personas_cei_consultoria.png","width":1446,"height":821},{"@type":"BreadcrumbList","@id":"https:\/\/ceiconsultoria.net\/eu\/zerbitzuak\/pertsonak\/prestakuntza-beharren-diagnostikoa\/#breadcrumb","itemListElement":[{"@type":"ListItem","position":1,"name":"Inicio","item":"https:\/\/ceiconsultoria.net\/eu\/"},{"@type":"ListItem","position":2,"name":"Zerbitzuak","item":"https:\/\/ceiconsultoria.net\/eu\/zerbitzuak\/"},{"@type":"ListItem","position":3,"name":"Pertsonak","item":"https:\/\/ceiconsultoria.net\/eu\/zerbitzuak\/pertsonak\/"},{"@type":"ListItem","position":4,"name":"Prestakuntza-beharren diagnostikoa"}]},{"@type":"WebSite","@id":"https:\/\/ceiconsultoria.net\/eu\/#website","url":"https:\/\/ceiconsultoria.net\/eu\/","name":"Cei Consultor\u00eda","description":"Asesoramiento en gesti\u00f3n empresarial de innovaci\u00f3n y organizaci\u00f3n para adaptarse a los modelos de negocio que permitan a la empresa competir en la mejor posici\u00f3n.","publisher":{"@id":"https:\/\/ceiconsultoria.net\/eu\/#organization"},"potentialAction":[{"@type":"SearchAction","target":{"@type":"EntryPoint","urlTemplate":"https:\/\/ceiconsultoria.net\/eu\/?s={search_term_string}"},"query-input":{"@type":"PropertyValueSpecification","valueRequired":true,"valueName":"search_term_string"}}],"inLanguage":"eu-ES"},{"@type":"Organization","@id":"https:\/\/ceiconsultoria.net\/eu\/#organization","name":"Cei Consultor\u00eda","url":"https:\/\/ceiconsultoria.net\/eu\/","logo":{"@type":"ImageObject","inLanguage":"eu-ES","@id":"https:\/\/ceiconsultoria.net\/eu\/#\/schema\/logo\/image\/","url":"https:\/\/ceiconsultoria.net\/wp-content\/uploads\/2020\/12\/cei-consultoria-l.png","contentUrl":"https:\/\/ceiconsultoria.net\/wp-content\/uploads\/2020\/12\/cei-consultoria-l.png","width":208,"height":50,"caption":"Cei Consultor\u00eda"},"image":{"@id":"https:\/\/ceiconsultoria.net\/eu\/#\/schema\/logo\/image\/"},"sameAs":["https:\/\/www.facebook.com\/GrupoCei","https:\/\/x.com\/GrupoCei","https:\/\/es.linkedin.com\/company\/consultoria-cei"]}]}},"_links":{"self":[{"href":"https:\/\/ceiconsultoria.net\/eu\/wp-json\/wp\/v2\/pages\/8490","targetHints":{"allow":["GET"]}}],"collection":[{"href":"https:\/\/ceiconsultoria.net\/eu\/wp-json\/wp\/v2\/pages"}],"about":[{"href":"https:\/\/ceiconsultoria.net\/eu\/wp-json\/wp\/v2\/types\/page"}],"author":[{"embeddable":true,"href":"https:\/\/ceiconsultoria.net\/eu\/wp-json\/wp\/v2\/users\/1"}],"replies":[{"embeddable":true,"href":"https:\/\/ceiconsultoria.net\/eu\/wp-json\/wp\/v2\/comments?post=8490"}],"version-history":[{"count":4,"href":"https:\/\/ceiconsultoria.net\/eu\/wp-json\/wp\/v2\/pages\/8490\/revisions"}],"predecessor-version":[{"id":8564,"href":"https:\/\/ceiconsultoria.net\/eu\/wp-json\/wp\/v2\/pages\/8490\/revisions\/8564"}],"up":[{"embeddable":true,"href":"https:\/\/ceiconsultoria.net\/eu\/wp-json\/wp\/v2\/pages\/8475"}],"wp:featuredmedia":[{"embeddable":true,"href":"https:\/\/ceiconsultoria.net\/eu\/wp-json\/wp\/v2\/media\/8157"}],"wp:attachment":[{"href":"https:\/\/ceiconsultoria.net\/eu\/wp-json\/wp\/v2\/media?parent=8490"}],"curies":[{"name":"wp","href":"https:\/\/api.w.org\/{rel}","templated":true}]}}