{"id":8484,"date":"2022-06-17T10:54:22","date_gmt":"2022-06-17T08:54:22","guid":{"rendered":"https:\/\/ceiconsultoria.net\/zerbitzuak\/pertsonak\/sexu-edo-genero-jazarpenerako-protokoloa\/"},"modified":"2023-04-26T10:49:34","modified_gmt":"2023-04-26T08:49:34","slug":"sexu-edo-genero-jazarpenerako-protokoloa","status":"publish","type":"page","link":"https:\/\/ceiconsultoria.net\/eu\/zerbitzuak\/pertsonak\/sexu-edo-genero-jazarpenerako-protokoloa\/","title":{"rendered":"Sexu edo genero-jazarpenerako protokoloa"},"content":{"rendered":"<div class=\"wpb-content-wrapper\"><p>[vc_row css=&#8221;.vc_custom_1655455739438{margin-top: 20px !important;}&#8221;][vc_column]<div class=\"content_section\" style=\"border-color:#e4e4e4;border-style: none;border-top-width: 1px;border-right-width: 0px;border-bottom-width: 1px;border-left-width: 0px;\"><div class=\"hm_no_overlay\" style=\"\"><div class=\"container\">[vc_column_text]Emakumeen eta gizonen berdintasun eraginkorra arautzen duen martxoaren 22ko 3\/2007 LOren 48.1 eta 48.2 art.ak nabarmentzen du. <b>Enpresa guztiek duten betebeharra, beren nominan dauden langile kopurua edozein dela ere, sexu- edo genero-jazarpenerako protokoloa izateko.<\/b><\/p>\n<p>Gaurtik aurrera, <b>50 langiletik gorako plantilla<\/b> duten enpresek eta beren betebeharra kontuan hartuta dagoeneko <b>Berdintasun Plana<\/b> badute, ez litzateke beharrezkoa izango jazarpen-protokolo hori ezartzea, Berdintasun Planean integratuta baitago. <b>Berdintasun Planik ez badute,<\/b> sexuaren araberako sexu-jazarpena prebenitzeko eta horren aurka jarduteko prozedura edo protokolo bat hartzeko betebeharra dute.<\/p>\n<p>Berdintasun Ministerioak <b>&#8220;Sexu-jazarpenaren eta sexuan oinarritutako jazarpenaren aurkako prebentzio eta jarduketa-protokoloa&#8221;<\/b> argitaratu berri du, erreferentzia gisa, araudiak ez baitu Protokoloaren Prozedura eta Edukia ez zehazten ez garatzen.<\/p>\n<p><b>Faseak: <\/b><\/p>\n<p>Printzipioen Adierazpena.<\/p>\n<p>Praktika onak. Antolakuntza-kultura.<\/p>\n<p>Terminoen hiztegia. Jokabide motak ezagutzea eta kontzeptuak bereiztea<\/p>\n<p>Erreklamazio Prozedura. Iputazio ikastaroa.<\/p>\n<p style=\"padding-left: 40px;\">\u25e6 Komunikazio formala eta informala.<\/p>\n<p style=\"padding-left: 40px;\">\u25e6 Kexaren hasierako balorazioa<\/p>\n<p style=\"padding-left: 40px;\">\u25e6 Sexu-jazarpenari buruzko ikerketa batzordea<\/p>\n<p style=\"padding-left: 40px;\">\u25e6 Ikerketa prozesua<\/p>\n<p style=\"padding-left: 40px;\">\u25e6 Deklaratzailearen eskubideak<\/p>\n<p style=\"padding-left: 40px;\">\u25e6 Akusatuaren eskubideak<\/p>\n<p style=\"padding-left: 40px;\">\u25e6 Txostena ebaztea eta ematea.<\/p>\n<p>Zigorrak[\/vc_column_text][vc_empty_space height=&#8221;30px&#8221;]<a class=\"btn_a medium_btn color1 ideal_button1\" target=\"_self\" href=\"https:\/\/ceiconsultoria.net\/eu\/kontaktua\/\" style=\"margin-top:0px;margin-bottom:0px;\">\n\t\t\t\t\t\t<span style=\"background-color:#fd6315;\">\n\t\t\t\t\t\t\t<i class=\"in_left ico-angle-right\"><\/i>\n\t\t\t\t\t\t\t<span>Informazioa eskatu<\/span>\n\t\t\t\t\t\t\t<i class=\"in_right ico-angle-right\"><\/i>\n\t\t\t\t\t\t<\/span>\n\t\t\t\t\t<\/a><style>.ideal_button1{background-color:#fd6315 !important;border-color:#fd6315 !important;color:#fff;}.ideal_button1:hover{background-color:#fd6315 !important;border-color:#fd6315 !important;color:#fff;}<\/style><\/div><\/div><\/div>[\/vc_column][\/vc_row][vc_row][vc_column]<div class=\"content_section\" style=\"border-color:#e4e4e4;border-style: none;border-top-width: 0px;border-right-width: 0px;border-bottom-width: 0px;border-left-width: 0px;\"><div class=\"hm_no_overlay\" style=\"\"><div class=\"container\"><div style=\"height:50px;\"><\/div><div class=\"icon_boxes_con style1 circle just_icon_border clearfix just_style3\"><div class=\"col-md-4 animated\" data-animation=\"fadeInLeft\" data-animation-delay=\"300\"><div class=\"service_box\">\n\t\t\t\t\t\t\t<span class=\"icon hm_icon_num1\"><i class=\"ico-clipboard\"><\/i><\/span>\n\t\t\t\t\t\t\t<div class=\"service_box_con centered\">\n\t\t\t\t\t\t\t\t<h3><a href=\"https:\/\/ceiconsultoria.net\/eu\/zerbitzuak\/pertsonak\/prestakuntza-beharren-diagnostikoa\/\" target=\"_self\">Prestakuntza-beharren diagnostikoa<\/a><\/h3>\n\t\t\t\t\t\t\t\t<span class=\"desc\"><\/span>\n\t\t\t\t\t\t\t<\/div>\n\t\t\t\t\t\t<\/div>\n\t\t\t\t\t\t\n\t\t\t\t\t<\/div><div class=\"col-md-4 animated\" data-animation=\"fadeInLeft\" data-animation-delay=\"400\"><div class=\"service_box\">\n\t\t\t\t\t\t\t<span class=\"icon hm_icon_num2\"><i class=\"ico-man-woman\"><\/i><\/span>\n\t\t\t\t\t\t\t<div class=\"service_box_con centered\">\n\t\t\t\t\t\t\t\t<h3><a href=\"https:\/\/ceiconsultoria.net\/eu\/zerbitzuak\/pertsonak\/berdintasun-plana\/\" target=\"_self\">Berdintasun Plana<\/a><\/h3>\n\t\t\t\t\t\t\t\t<span class=\"desc\"><\/span>\n\t\t\t\t\t\t\t<\/div>\n\t\t\t\t\t\t<\/div>\n\t\t\t\t\t\t\n\t\t\t\t\t<\/div><div class=\"col-md-4 animated\" data-animation=\"fadeInLeft\" data-animation-delay=\"500\"><div class=\"service_box\">\n\t\t\t\t\t\t\t<span class=\"icon hm_icon_num3\"><i class=\"ico-clipboard4\"><\/i><\/span>\n\t\t\t\t\t\t\t<div class=\"service_box_con centered\">\n\t\t\t\t\t\t\t\t<h3><a href=\"https:\/\/ceiconsultoria.net\/eu\/zerbitzuak\/pertsonak\/sexu-edo-genero-jazarpenerako-protokoloa\/\" target=\"_self\">Sexu edo genero-jazarpenerako protokoloa<\/a><\/h3>\n\t\t\t\t\t\t\t\t<span class=\"desc\"><\/span>\n\t\t\t\t\t\t\t<\/div>\n\t\t\t\t\t\t<\/div>\n\t\t\t\t\t\t\n\t\t\t\t\t<\/div><\/div><div style=\"height:30px;\"><\/div><div class=\"icon_boxes_con style1 circle just_icon_border clearfix just_style3\"><div class=\"col-md-4 animated\" data-animation=\"fadeInLeft\" data-animation-delay=\"300\"><div class=\"service_box\">\n\t\t\t\t\t\t\t<span class=\"icon hm_icon_num4\"><i class=\"ico-users2\"><\/i><\/span>\n\t\t\t\t\t\t\t<div class=\"service_box_con centered\">\n\t\t\t\t\t\t\t\t<h3><a href=\"https:\/\/ceiconsultoria.net\/eu\/zerbitzuak\/pertsonak\/talentuaren-kudeaketa\/\" target=\"_self\">Talentuaren kudeaketa<\/a><\/h3>\n\t\t\t\t\t\t\t\t<span class=\"desc\"><\/span>\n\t\t\t\t\t\t\t<\/div>\n\t\t\t\t\t\t<\/div>\n\t\t\t\t\t\t\n\t\t\t\t\t<\/div><div class=\"col-md-4 animated\" data-animation=\"fadeInLeft\" data-animation-delay=\"400\"><div class=\"service_box\">\n\t\t\t\t\t\t\t<span class=\"icon hm_icon_num5\"><i class=\"ico-laptop3\"><\/i><\/span>\n\t\t\t\t\t\t\t<div class=\"service_box_con centered\">\n\t\t\t\t\t\t\t\t<h3><a href=\"https:\/\/ceiconsultoria.net\/eu\/zerbitzuak\/pertsonak\/antolakuntzaren-kultura-eraldaketa\/\" target=\"_self\">Antolakuntzaren Kultura Eraldaketa<\/a><\/h3>\n\t\t\t\t\t\t\t\t<span class=\"desc\"><\/span>\n\t\t\t\t\t\t\t<\/div>\n\t\t\t\t\t\t<\/div>\n\t\t\t\t\t\t\n\t\t\t\t\t<\/div><div class=\"col-md-4 animated\" data-animation=\"fadeInLeft\" data-animation-delay=\"500\"><div class=\"service_box\">\n\t\t\t\t\t\t\t<span class=\"icon hm_icon_num6\"><i class=\"ico-users\"><\/i><\/span>\n\t\t\t\t\t\t\t<div class=\"service_box_con centered\">\n\t\t\t\t\t\t\t\t<h3><a href=\"https:\/\/ceiconsultoria.net\/eu\/zerbitzuak\/pertsonak\/kultur-aniztasunaren-kudeaketa\/\" target=\"_self\">Kultur aniztasunaren kudeaketa<\/a><\/h3>\n\t\t\t\t\t\t\t\t<span class=\"desc\"><\/span>\n\t\t\t\t\t\t\t<\/div>\n\t\t\t\t\t\t<\/div>\n\t\t\t\t\t\t\n\t\t\t\t\t<\/div><\/div><\/div><\/div><\/div>[\/vc_column][\/vc_row]<\/p>\n<\/div>","protected":false},"excerpt":{"rendered":"<p>[vc_row css=&#8221;.vc_custom_1655455739438{margin-top: 20px !important;}&#8221;][vc_column][\/vc_column][\/vc_row][vc_row][vc_column][\/vc_column][\/vc_row]<\/p>\n","protected":false},"author":1,"featured_media":8137,"parent":8475,"menu_order":0,"comment_status":"closed","ping_status":"closed","template":"","meta":{"footnotes":""},"class_list":["post-8484","page","type-page","status-publish","has-post-thumbnail","hentry"],"yoast_head":"<!-- This site is optimized with the Yoast SEO plugin v25.8 - https:\/\/yoast.com\/wordpress\/plugins\/seo\/ -->\n<title>Sexu edo genero-jazarpenerako protokoloa | Cei Consultor\u00eda<\/title>\n<meta name=\"description\" content=\"Berdintasun Ministerioak &quot;Sexu-jazarpenaren eta sexuaren araberako jazarpenaren aurkako prebentzio eta ekintzarako protokoloa&quot; argitaratu du.\" \/>\n<meta name=\"robots\" content=\"index, follow, max-snippet:-1, max-image-preview:large, max-video-preview:-1\" \/>\n<link rel=\"canonical\" href=\"https:\/\/ceiconsultoria.net\/eu\/zerbitzuak\/pertsonak\/sexu-edo-genero-jazarpenerako-protokoloa\/\" \/>\n<meta property=\"og:locale\" content=\"eu_ES\" \/>\n<meta property=\"og:type\" content=\"article\" \/>\n<meta property=\"og:title\" content=\"Sexu edo genero-jazarpenerako protokoloa | Cei Consultor\u00eda\" \/>\n<meta property=\"og:description\" content=\"Berdintasun Ministerioak &quot;Sexu-jazarpenaren eta sexuaren araberako jazarpenaren aurkako prebentzio eta ekintzarako protokoloa&quot; argitaratu du.\" \/>\n<meta property=\"og:url\" content=\"https:\/\/ceiconsultoria.net\/eu\/zerbitzuak\/pertsonak\/sexu-edo-genero-jazarpenerako-protokoloa\/\" \/>\n<meta property=\"og:site_name\" content=\"Cei Consultor\u00eda\" \/>\n<meta property=\"article:publisher\" content=\"https:\/\/www.facebook.com\/GrupoCei\" \/>\n<meta property=\"article:modified_time\" content=\"2023-04-26T08:49:34+00:00\" \/>\n<meta property=\"og:image\" content=\"https:\/\/ceiconsultoria.net\/wp-content\/uploads\/2022\/10\/CEI-CONSULTORIA-MAIN-3.png\" \/>\n\t<meta property=\"og:image:width\" content=\"700\" \/>\n\t<meta property=\"og:image:height\" content=\"400\" \/>\n\t<meta property=\"og:image:type\" content=\"image\/png\" \/>\n<meta name=\"twitter:card\" content=\"summary_large_image\" \/>\n<meta name=\"twitter:site\" content=\"@GrupoCei\" \/>\n<meta name=\"twitter:label1\" content=\"Est. reading time\" \/>\n\t<meta name=\"twitter:data1\" content=\"2 minutes\" \/>\n<script type=\"application\/ld+json\" class=\"yoast-schema-graph\">{\"@context\":\"https:\/\/schema.org\",\"@graph\":[{\"@type\":\"WebPage\",\"@id\":\"https:\/\/ceiconsultoria.net\/eu\/zerbitzuak\/pertsonak\/sexu-edo-genero-jazarpenerako-protokoloa\/\",\"url\":\"https:\/\/ceiconsultoria.net\/eu\/zerbitzuak\/pertsonak\/sexu-edo-genero-jazarpenerako-protokoloa\/\",\"name\":\"Sexu edo genero-jazarpenerako protokoloa | Cei Consultor\u00eda\",\"isPartOf\":{\"@id\":\"https:\/\/ceiconsultoria.net\/eu\/#website\"},\"primaryImageOfPage\":{\"@id\":\"https:\/\/ceiconsultoria.net\/eu\/zerbitzuak\/pertsonak\/sexu-edo-genero-jazarpenerako-protokoloa\/#primaryimage\"},\"image\":{\"@id\":\"https:\/\/ceiconsultoria.net\/eu\/zerbitzuak\/pertsonak\/sexu-edo-genero-jazarpenerako-protokoloa\/#primaryimage\"},\"thumbnailUrl\":\"https:\/\/ceiconsultoria.net\/wp-content\/uploads\/2022\/10\/CEI-CONSULTORIA-MAIN-3.png\",\"datePublished\":\"2022-06-17T08:54:22+00:00\",\"dateModified\":\"2023-04-26T08:49:34+00:00\",\"description\":\"Berdintasun Ministerioak \\\"Sexu-jazarpenaren eta sexuaren araberako jazarpenaren aurkako prebentzio eta ekintzarako protokoloa\\\" argitaratu du.\",\"breadcrumb\":{\"@id\":\"https:\/\/ceiconsultoria.net\/eu\/zerbitzuak\/pertsonak\/sexu-edo-genero-jazarpenerako-protokoloa\/#breadcrumb\"},\"inLanguage\":\"eu-ES\",\"potentialAction\":[{\"@type\":\"ReadAction\",\"target\":[\"https:\/\/ceiconsultoria.net\/eu\/zerbitzuak\/pertsonak\/sexu-edo-genero-jazarpenerako-protokoloa\/\"]}]},{\"@type\":\"ImageObject\",\"inLanguage\":\"eu-ES\",\"@id\":\"https:\/\/ceiconsultoria.net\/eu\/zerbitzuak\/pertsonak\/sexu-edo-genero-jazarpenerako-protokoloa\/#primaryimage\",\"url\":\"https:\/\/ceiconsultoria.net\/wp-content\/uploads\/2022\/10\/CEI-CONSULTORIA-MAIN-3.png\",\"contentUrl\":\"https:\/\/ceiconsultoria.net\/wp-content\/uploads\/2022\/10\/CEI-CONSULTORIA-MAIN-3.png\",\"width\":700,\"height\":400},{\"@type\":\"BreadcrumbList\",\"@id\":\"https:\/\/ceiconsultoria.net\/eu\/zerbitzuak\/pertsonak\/sexu-edo-genero-jazarpenerako-protokoloa\/#breadcrumb\",\"itemListElement\":[{\"@type\":\"ListItem\",\"position\":1,\"name\":\"Inicio\",\"item\":\"https:\/\/ceiconsultoria.net\/eu\/\"},{\"@type\":\"ListItem\",\"position\":2,\"name\":\"Zerbitzuak\",\"item\":\"https:\/\/ceiconsultoria.net\/eu\/zerbitzuak\/\"},{\"@type\":\"ListItem\",\"position\":3,\"name\":\"Pertsonak\",\"item\":\"https:\/\/ceiconsultoria.net\/eu\/zerbitzuak\/pertsonak\/\"},{\"@type\":\"ListItem\",\"position\":4,\"name\":\"Sexu edo genero-jazarpenerako protokoloa\"}]},{\"@type\":\"WebSite\",\"@id\":\"https:\/\/ceiconsultoria.net\/eu\/#website\",\"url\":\"https:\/\/ceiconsultoria.net\/eu\/\",\"name\":\"Cei Consultor\u00eda\",\"description\":\"Asesoramiento en gesti\u00f3n empresarial de innovaci\u00f3n y organizaci\u00f3n para adaptarse a los modelos de negocio que permitan a la empresa competir en la mejor posici\u00f3n.\",\"publisher\":{\"@id\":\"https:\/\/ceiconsultoria.net\/eu\/#organization\"},\"potentialAction\":[{\"@type\":\"SearchAction\",\"target\":{\"@type\":\"EntryPoint\",\"urlTemplate\":\"https:\/\/ceiconsultoria.net\/eu\/?s={search_term_string}\"},\"query-input\":{\"@type\":\"PropertyValueSpecification\",\"valueRequired\":true,\"valueName\":\"search_term_string\"}}],\"inLanguage\":\"eu-ES\"},{\"@type\":\"Organization\",\"@id\":\"https:\/\/ceiconsultoria.net\/eu\/#organization\",\"name\":\"Cei Consultor\u00eda\",\"url\":\"https:\/\/ceiconsultoria.net\/eu\/\",\"logo\":{\"@type\":\"ImageObject\",\"inLanguage\":\"eu-ES\",\"@id\":\"https:\/\/ceiconsultoria.net\/eu\/#\/schema\/logo\/image\/\",\"url\":\"https:\/\/ceiconsultoria.net\/wp-content\/uploads\/2020\/12\/cei-consultoria-l.png\",\"contentUrl\":\"https:\/\/ceiconsultoria.net\/wp-content\/uploads\/2020\/12\/cei-consultoria-l.png\",\"width\":208,\"height\":50,\"caption\":\"Cei Consultor\u00eda\"},\"image\":{\"@id\":\"https:\/\/ceiconsultoria.net\/eu\/#\/schema\/logo\/image\/\"},\"sameAs\":[\"https:\/\/www.facebook.com\/GrupoCei\",\"https:\/\/x.com\/GrupoCei\",\"https:\/\/es.linkedin.com\/company\/consultoria-cei\"]}]}<\/script>\n<!-- \/ Yoast SEO plugin. -->","yoast_head_json":{"title":"Sexu edo genero-jazarpenerako protokoloa | Cei Consultor\u00eda","description":"Berdintasun Ministerioak \"Sexu-jazarpenaren eta sexuaren araberako jazarpenaren aurkako prebentzio eta ekintzarako protokoloa\" argitaratu du.","robots":{"index":"index","follow":"follow","max-snippet":"max-snippet:-1","max-image-preview":"max-image-preview:large","max-video-preview":"max-video-preview:-1"},"canonical":"https:\/\/ceiconsultoria.net\/eu\/zerbitzuak\/pertsonak\/sexu-edo-genero-jazarpenerako-protokoloa\/","og_locale":"eu_ES","og_type":"article","og_title":"Sexu edo genero-jazarpenerako protokoloa | Cei Consultor\u00eda","og_description":"Berdintasun Ministerioak \"Sexu-jazarpenaren eta sexuaren araberako jazarpenaren aurkako prebentzio eta ekintzarako protokoloa\" argitaratu du.","og_url":"https:\/\/ceiconsultoria.net\/eu\/zerbitzuak\/pertsonak\/sexu-edo-genero-jazarpenerako-protokoloa\/","og_site_name":"Cei Consultor\u00eda","article_publisher":"https:\/\/www.facebook.com\/GrupoCei","article_modified_time":"2023-04-26T08:49:34+00:00","og_image":[{"width":700,"height":400,"url":"https:\/\/ceiconsultoria.net\/wp-content\/uploads\/2022\/10\/CEI-CONSULTORIA-MAIN-3.png","type":"image\/png"}],"twitter_card":"summary_large_image","twitter_site":"@GrupoCei","twitter_misc":{"Est. reading time":"2 minutes"},"schema":{"@context":"https:\/\/schema.org","@graph":[{"@type":"WebPage","@id":"https:\/\/ceiconsultoria.net\/eu\/zerbitzuak\/pertsonak\/sexu-edo-genero-jazarpenerako-protokoloa\/","url":"https:\/\/ceiconsultoria.net\/eu\/zerbitzuak\/pertsonak\/sexu-edo-genero-jazarpenerako-protokoloa\/","name":"Sexu edo genero-jazarpenerako protokoloa | Cei Consultor\u00eda","isPartOf":{"@id":"https:\/\/ceiconsultoria.net\/eu\/#website"},"primaryImageOfPage":{"@id":"https:\/\/ceiconsultoria.net\/eu\/zerbitzuak\/pertsonak\/sexu-edo-genero-jazarpenerako-protokoloa\/#primaryimage"},"image":{"@id":"https:\/\/ceiconsultoria.net\/eu\/zerbitzuak\/pertsonak\/sexu-edo-genero-jazarpenerako-protokoloa\/#primaryimage"},"thumbnailUrl":"https:\/\/ceiconsultoria.net\/wp-content\/uploads\/2022\/10\/CEI-CONSULTORIA-MAIN-3.png","datePublished":"2022-06-17T08:54:22+00:00","dateModified":"2023-04-26T08:49:34+00:00","description":"Berdintasun Ministerioak \"Sexu-jazarpenaren eta sexuaren araberako jazarpenaren aurkako prebentzio eta ekintzarako protokoloa\" argitaratu du.","breadcrumb":{"@id":"https:\/\/ceiconsultoria.net\/eu\/zerbitzuak\/pertsonak\/sexu-edo-genero-jazarpenerako-protokoloa\/#breadcrumb"},"inLanguage":"eu-ES","potentialAction":[{"@type":"ReadAction","target":["https:\/\/ceiconsultoria.net\/eu\/zerbitzuak\/pertsonak\/sexu-edo-genero-jazarpenerako-protokoloa\/"]}]},{"@type":"ImageObject","inLanguage":"eu-ES","@id":"https:\/\/ceiconsultoria.net\/eu\/zerbitzuak\/pertsonak\/sexu-edo-genero-jazarpenerako-protokoloa\/#primaryimage","url":"https:\/\/ceiconsultoria.net\/wp-content\/uploads\/2022\/10\/CEI-CONSULTORIA-MAIN-3.png","contentUrl":"https:\/\/ceiconsultoria.net\/wp-content\/uploads\/2022\/10\/CEI-CONSULTORIA-MAIN-3.png","width":700,"height":400},{"@type":"BreadcrumbList","@id":"https:\/\/ceiconsultoria.net\/eu\/zerbitzuak\/pertsonak\/sexu-edo-genero-jazarpenerako-protokoloa\/#breadcrumb","itemListElement":[{"@type":"ListItem","position":1,"name":"Inicio","item":"https:\/\/ceiconsultoria.net\/eu\/"},{"@type":"ListItem","position":2,"name":"Zerbitzuak","item":"https:\/\/ceiconsultoria.net\/eu\/zerbitzuak\/"},{"@type":"ListItem","position":3,"name":"Pertsonak","item":"https:\/\/ceiconsultoria.net\/eu\/zerbitzuak\/pertsonak\/"},{"@type":"ListItem","position":4,"name":"Sexu edo genero-jazarpenerako protokoloa"}]},{"@type":"WebSite","@id":"https:\/\/ceiconsultoria.net\/eu\/#website","url":"https:\/\/ceiconsultoria.net\/eu\/","name":"Cei Consultor\u00eda","description":"Asesoramiento en gesti\u00f3n empresarial de innovaci\u00f3n y organizaci\u00f3n para adaptarse a los modelos de negocio que permitan a la empresa competir en la mejor posici\u00f3n.","publisher":{"@id":"https:\/\/ceiconsultoria.net\/eu\/#organization"},"potentialAction":[{"@type":"SearchAction","target":{"@type":"EntryPoint","urlTemplate":"https:\/\/ceiconsultoria.net\/eu\/?s={search_term_string}"},"query-input":{"@type":"PropertyValueSpecification","valueRequired":true,"valueName":"search_term_string"}}],"inLanguage":"eu-ES"},{"@type":"Organization","@id":"https:\/\/ceiconsultoria.net\/eu\/#organization","name":"Cei Consultor\u00eda","url":"https:\/\/ceiconsultoria.net\/eu\/","logo":{"@type":"ImageObject","inLanguage":"eu-ES","@id":"https:\/\/ceiconsultoria.net\/eu\/#\/schema\/logo\/image\/","url":"https:\/\/ceiconsultoria.net\/wp-content\/uploads\/2020\/12\/cei-consultoria-l.png","contentUrl":"https:\/\/ceiconsultoria.net\/wp-content\/uploads\/2020\/12\/cei-consultoria-l.png","width":208,"height":50,"caption":"Cei Consultor\u00eda"},"image":{"@id":"https:\/\/ceiconsultoria.net\/eu\/#\/schema\/logo\/image\/"},"sameAs":["https:\/\/www.facebook.com\/GrupoCei","https:\/\/x.com\/GrupoCei","https:\/\/es.linkedin.com\/company\/consultoria-cei"]}]}},"_links":{"self":[{"href":"https:\/\/ceiconsultoria.net\/eu\/wp-json\/wp\/v2\/pages\/8484","targetHints":{"allow":["GET"]}}],"collection":[{"href":"https:\/\/ceiconsultoria.net\/eu\/wp-json\/wp\/v2\/pages"}],"about":[{"href":"https:\/\/ceiconsultoria.net\/eu\/wp-json\/wp\/v2\/types\/page"}],"author":[{"embeddable":true,"href":"https:\/\/ceiconsultoria.net\/eu\/wp-json\/wp\/v2\/users\/1"}],"replies":[{"embeddable":true,"href":"https:\/\/ceiconsultoria.net\/eu\/wp-json\/wp\/v2\/comments?post=8484"}],"version-history":[{"count":4,"href":"https:\/\/ceiconsultoria.net\/eu\/wp-json\/wp\/v2\/pages\/8484\/revisions"}],"predecessor-version":[{"id":8560,"href":"https:\/\/ceiconsultoria.net\/eu\/wp-json\/wp\/v2\/pages\/8484\/revisions\/8560"}],"up":[{"embeddable":true,"href":"https:\/\/ceiconsultoria.net\/eu\/wp-json\/wp\/v2\/pages\/8475"}],"wp:featuredmedia":[{"embeddable":true,"href":"https:\/\/ceiconsultoria.net\/eu\/wp-json\/wp\/v2\/media\/8137"}],"wp:attachment":[{"href":"https:\/\/ceiconsultoria.net\/eu\/wp-json\/wp\/v2\/media?parent=8484"}],"curies":[{"name":"wp","href":"https:\/\/api.w.org\/{rel}","templated":true}]}}