{"id":8478,"date":"2023-02-16T11:31:11","date_gmt":"2023-02-16T10:31:11","guid":{"rendered":"https:\/\/ceiconsultoria.net\/zerbitzuak\/pertsonak\/kultur-aniztasunaren-kudeaketa\/"},"modified":"2023-04-26T10:48:10","modified_gmt":"2023-04-26T08:48:10","slug":"kultur-aniztasunaren-kudeaketa","status":"publish","type":"page","link":"https:\/\/ceiconsultoria.net\/eu\/zerbitzuak\/pertsonak\/kultur-aniztasunaren-kudeaketa\/","title":{"rendered":"Kultur aniztasunaren kudeaketa"},"content":{"rendered":"<div class=\"wpb-content-wrapper\"><p>[vc_row css=&#8221;.vc_custom_1645169633533{margin-top: 20px !important;}&#8221;][vc_column]<div class=\"content_section\" style=\"border-color:#e4e4e4;border-style: none;border-top-width: 1px;border-right-width: 0px;border-bottom-width: 1px;border-left-width: 0px;\"><div class=\"hm_no_overlay\" style=\"\"><div class=\"container\">[vc_column_text]<\/p>\n<p style=\"text-align: left;\">Gizartea erabat aldatu da azken hamarkadan. Gizateriak dituen pertsonen komunikaziorako eta mugikortasunerako erraztasunek, merkatuen irekierarekin eta herrialdeen artean dauden desberdintasunekin batera, pertsona asko aldatzea eragiten dute, nahitaez nahiz borondatez, bizi behar den herrialdea, gero eta anitzagoa den batean sartuz.<\/p>\n<p>Kultur aniztasuna saihestezina ez ezik, enpresek aprobetxatu dezaketen eta aprobetxatu behar duten aparteko aberastasuna ere ematen du. Horrela, sektore batzuetan lan-eskasia estaltzeaz gain, beste herrialde batzuetako pertsonek mundua ulertzeko, pentsatzeko, egiteko eta baita sentitzeko modu berriak eskaintzen dizkigute, bertakoenekin batera, onurak ekartzen dituztenak, besteak beste. Baina, onura horiek guztiak lortzeko, kulturalki desberdinak diren pertsonak erakartzea eta kontratatzea bezain beharrezkoa da aipatutako kultur aniztasuna ondo kudeatzea (horrek, aldi berean, lan-giroa hobetzen du, enpresarekiko konfiantza areagotzen du, motibazioa eta konpromisoa areagotzen du, mantentzen du. talentua eta lan-istripuak eta gaixotasun psikosozialak murrizten ditu, aniztasunaren kudeaketa onak ekartzen dituen onura askoren artean).[\/vc_column_text]<\/div><\/div><\/div>[\/vc_column][\/vc_row][vc_row][vc_column]<div class=\"content_section\" style=\"\"><div class=\"hm_no_overlay\" style=\"padding-top:20px;padding-bottom:90px;\"><div class=\"container\"><div class=\"main_title no_line  main_title78\">\n\t\t\t\t<h2 style=\"text-transform: none;color: #444444;\"><strong>Aniztasuna Kudeatzeko Planaren onurak:<\/strong><\/h2>\n\t\t\t<\/div><ul class=\"list3 clearfix\"><li>Goian aipatutako onurak lortzeko prozesu sistematizatu bat izatea.<\/li><li>Aniztasuna, kultura transkulturala eta kulturartekotasuna bezalako ikuspegiak zeharka txertatzea enpresaren kulturan.<\/li><li>Enpresako pertsona guztiei tratu eta aukera berdintasuna bermatzea, haien desberdintasunak kontuan hartuta.<\/li><li>Talde gutxiengoak enpresan eta ardura postuetan sartzea eta hori sustatzea.<\/li><li>Balio berdineko lanagatik soldata berdina bermatzea.<\/li><li>Langileria osatzen duten pertsonen bizitza pertsonala, familiarra eta laborala bateratzea erraztea, haien desberdintasunak eta beharrak kontuan hartuta.<\/li><li>Barne aniztasuna-berdintasuna-inklusio-politiken eraginkortasunaren aldizkako ebaluazioa erraztea dagozkien lan-eremuetan.<\/li><li>1., 3., 5., 8., 10. eta 16. GGEak lortzen laguntzea. <\/li><\/ul><\/div><\/div><\/div>[\/vc_column][\/vc_row][vc_row][vc_column]<div class=\"content_section\" style=\"\"><div class=\"hm_no_overlay\" style=\"padding-top:20px;padding-bottom:90px;\"><div class=\"container\"><div class=\"main_title no_line  main_title100\">\n\t\t\t\t<h2 style=\"text-transform: none;color: #444444;\"><strong>Aniztasuna Kudeatzeko Plana garatzeko urratsak:<\/strong><\/h2>\n\t\t\t<\/div><ul class=\"list3 clearfix\"><li>Kultur aniztasunaren inguruko egoeraren diagnostikoa egitea.<\/li><li>Aniztasuna Kudeatzeko Plana bera prestatzea, barne-politika, helburu, neurri eta adierazleen definizioarekin, enpresaren Plan Estrategikoarekin bat etorriz eta enpresaren arlo ezberdinen parte-hartzearekin.<\/li><li>PGDa ezartzeko langileak prestatzea.<\/li><li>Talentuaren hobekuntza eta atxikipena.<\/li><li>PGD \u200b\u200bezartzea.<\/li><li>PGD-a ebaluatu.<\/li><\/ul>[vc_empty_space]<a class=\"btn_a medium_btn color1 ideal_button1\" target=\"_self\" href=\"https:\/\/ceiconsultoria.net\/eu\/kontaktua\/\" style=\"margin-top:0px;margin-bottom:0px;\">\n\t\t\t\t\t\t<span style=\"background-color:#fd6315;\">\n\t\t\t\t\t\t\t<i class=\"in_left ico-angle-right\"><\/i>\n\t\t\t\t\t\t\t<span>Informazioa eskatu<\/span>\n\t\t\t\t\t\t\t<i class=\"in_right ico-angle-right\"><\/i>\n\t\t\t\t\t\t<\/span>\n\t\t\t\t\t<\/a><style>.ideal_button1{background-color:#fd6315 !important;border-color:#fd6315 !important;color:#fff;}.ideal_button1:hover{background-color:#fd6315 !important;border-color:#fd6315 !important;color:#fff;}<\/style><\/div><\/div><\/div>[\/vc_column][\/vc_row][vc_row][vc_column]<div class=\"content_section\" style=\"border-color:#e4e4e4;border-style: none;border-top-width: 0px;border-right-width: 0px;border-bottom-width: 0px;border-left-width: 0px;\"><div class=\"hm_no_overlay\" style=\"\"><div class=\"container\"><div style=\"height:50px;\"><\/div><div class=\"icon_boxes_con style1 circle just_icon_border clearfix just_style3\"><div class=\"col-md-4 animated\" data-animation=\"fadeInLeft\" data-animation-delay=\"300\"><div class=\"service_box\">\n\t\t\t\t\t\t\t<span class=\"icon hm_icon_num1\"><i class=\"ico-clipboard\"><\/i><\/span>\n\t\t\t\t\t\t\t<div class=\"service_box_con centered\">\n\t\t\t\t\t\t\t\t<h3><a href=\"https:\/\/ceiconsultoria.net\/eu\/zerbitzuak\/pertsonak\/prestakuntza-beharren-diagnostikoa\/\" target=\"_self\">Prestakuntza-beharren diagnostikoa<\/a><\/h3>\n\t\t\t\t\t\t\t\t<span class=\"desc\"><\/span>\n\t\t\t\t\t\t\t<\/div>\n\t\t\t\t\t\t<\/div>\n\t\t\t\t\t\t\n\t\t\t\t\t<\/div><div class=\"col-md-4 animated\" data-animation=\"fadeInLeft\" data-animation-delay=\"400\"><div class=\"service_box\">\n\t\t\t\t\t\t\t<span class=\"icon hm_icon_num2\"><i class=\"ico-man-woman\"><\/i><\/span>\n\t\t\t\t\t\t\t<div class=\"service_box_con centered\">\n\t\t\t\t\t\t\t\t<h3><a href=\"https:\/\/ceiconsultoria.net\/eu\/zerbitzuak\/pertsonak\/berdintasun-plana\/\" target=\"_self\">Berdintasun Plana<\/a><\/h3>\n\t\t\t\t\t\t\t\t<span class=\"desc\"><\/span>\n\t\t\t\t\t\t\t<\/div>\n\t\t\t\t\t\t<\/div>\n\t\t\t\t\t\t\n\t\t\t\t\t<\/div><div class=\"col-md-4 animated\" data-animation=\"fadeInLeft\" data-animation-delay=\"500\"><div class=\"service_box\">\n\t\t\t\t\t\t\t<span class=\"icon hm_icon_num3\"><i class=\"ico-clipboard4\"><\/i><\/span>\n\t\t\t\t\t\t\t<div class=\"service_box_con centered\">\n\t\t\t\t\t\t\t\t<h3><a href=\"https:\/\/ceiconsultoria.net\/eu\/zerbitzuak\/pertsonak\/sexu-edo-genero-jazarpenerako-protokoloa\/\" target=\"_self\">Sexu edo genero-jazarpenerako protokoloa<\/a><\/h3>\n\t\t\t\t\t\t\t\t<span class=\"desc\"><\/span>\n\t\t\t\t\t\t\t<\/div>\n\t\t\t\t\t\t<\/div>\n\t\t\t\t\t\t\n\t\t\t\t\t<\/div><\/div><div style=\"height:30px;\"><\/div><div class=\"icon_boxes_con style1 circle just_icon_border clearfix just_style3\"><div class=\"col-md-4 animated\" data-animation=\"fadeInLeft\" data-animation-delay=\"300\"><div class=\"service_box\">\n\t\t\t\t\t\t\t<span class=\"icon hm_icon_num4\"><i class=\"ico-users2\"><\/i><\/span>\n\t\t\t\t\t\t\t<div class=\"service_box_con centered\">\n\t\t\t\t\t\t\t\t<h3><a href=\"https:\/\/ceiconsultoria.net\/eu\/zerbitzuak\/pertsonak\/talentuaren-kudeaketa\/\" target=\"_self\">Talentuaren kudeaketa<\/a><\/h3>\n\t\t\t\t\t\t\t\t<span class=\"desc\"><\/span>\n\t\t\t\t\t\t\t<\/div>\n\t\t\t\t\t\t<\/div>\n\t\t\t\t\t\t\n\t\t\t\t\t<\/div><div class=\"col-md-4 animated\" data-animation=\"fadeInLeft\" data-animation-delay=\"400\"><div class=\"service_box\">\n\t\t\t\t\t\t\t<span class=\"icon hm_icon_num5\"><i class=\"ico-laptop3\"><\/i><\/span>\n\t\t\t\t\t\t\t<div class=\"service_box_con centered\">\n\t\t\t\t\t\t\t\t<h3><a href=\"https:\/\/ceiconsultoria.net\/eu\/zerbitzuak\/pertsonak\/antolakuntzaren-kultura-eraldaketa\/\" target=\"_self\">Antolakuntzaren Kultura Eraldaketa<\/a><\/h3>\n\t\t\t\t\t\t\t\t<span class=\"desc\"><\/span>\n\t\t\t\t\t\t\t<\/div>\n\t\t\t\t\t\t<\/div>\n\t\t\t\t\t\t\n\t\t\t\t\t<\/div><div class=\"col-md-4 animated\" data-animation=\"fadeInLeft\" data-animation-delay=\"500\"><div class=\"service_box\">\n\t\t\t\t\t\t\t<span class=\"icon hm_icon_num6\"><i class=\"ico-users\"><\/i><\/span>\n\t\t\t\t\t\t\t<div class=\"service_box_con centered\">\n\t\t\t\t\t\t\t\t<h3><a href=\"https:\/\/ceiconsultoria.net\/eu\/zerbitzuak\/pertsonak\/kultur-aniztasunaren-kudeaketa\/\" target=\"_self\">Kultur aniztasunaren kudeaketa<\/a><\/h3>\n\t\t\t\t\t\t\t\t<span class=\"desc\"><\/span>\n\t\t\t\t\t\t\t<\/div>\n\t\t\t\t\t\t<\/div>\n\t\t\t\t\t\t\n\t\t\t\t\t<\/div><\/div><\/div><\/div><\/div>[\/vc_column][\/vc_row]<\/p>\n<\/div>","protected":false},"excerpt":{"rendered":"<p>[vc_row css=&#8221;.vc_custom_1645169633533{margin-top: 20px !important;}&#8221;][vc_column][\/vc_column][\/vc_row][vc_row][vc_column][\/vc_column][\/vc_row][vc_row][vc_column][\/vc_column][\/vc_row][vc_row][vc_column][\/vc_column][\/vc_row]<\/p>\n","protected":false},"author":2,"featured_media":8137,"parent":8475,"menu_order":0,"comment_status":"closed","ping_status":"closed","template":"","meta":{"footnotes":""},"class_list":["post-8478","page","type-page","status-publish","has-post-thumbnail","hentry"],"yoast_head":"<!-- This site is optimized with the Yoast SEO plugin v25.8 - https:\/\/yoast.com\/wordpress\/plugins\/seo\/ -->\n<title>Kultur aniztasunaren kudeaketa | Cei Consultor\u00eda<\/title>\n<meta name=\"description\" content=\"Kultur aniztasunaren kudeaketak enpresek aprobetxatu dezaketen eta aprobetxatu behar duten aparteko aberastasuna eskaintzen du.\" \/>\n<meta name=\"robots\" content=\"index, follow, max-snippet:-1, max-image-preview:large, max-video-preview:-1\" \/>\n<link rel=\"canonical\" href=\"https:\/\/ceiconsultoria.net\/eu\/zerbitzuak\/pertsonak\/kultur-aniztasunaren-kudeaketa\/\" \/>\n<meta property=\"og:locale\" content=\"eu_ES\" \/>\n<meta property=\"og:type\" content=\"article\" \/>\n<meta property=\"og:title\" content=\"Kultur aniztasunaren kudeaketa | Cei Consultor\u00eda\" \/>\n<meta property=\"og:description\" content=\"Kultur aniztasunaren kudeaketak enpresek aprobetxatu dezaketen eta aprobetxatu behar duten aparteko aberastasuna eskaintzen du.\" \/>\n<meta property=\"og:url\" content=\"https:\/\/ceiconsultoria.net\/eu\/zerbitzuak\/pertsonak\/kultur-aniztasunaren-kudeaketa\/\" \/>\n<meta property=\"og:site_name\" content=\"Cei Consultor\u00eda\" \/>\n<meta property=\"article:publisher\" content=\"https:\/\/www.facebook.com\/GrupoCei\" \/>\n<meta property=\"article:modified_time\" content=\"2023-04-26T08:48:10+00:00\" \/>\n<meta property=\"og:image\" content=\"https:\/\/ceiconsultoria.net\/wp-content\/uploads\/2022\/10\/CEI-CONSULTORIA-MAIN-3.png\" \/>\n\t<meta property=\"og:image:width\" content=\"700\" \/>\n\t<meta property=\"og:image:height\" content=\"400\" \/>\n\t<meta property=\"og:image:type\" content=\"image\/png\" \/>\n<meta name=\"twitter:card\" content=\"summary_large_image\" \/>\n<meta name=\"twitter:site\" content=\"@GrupoCei\" \/>\n<meta name=\"twitter:label1\" content=\"Est. reading time\" \/>\n\t<meta name=\"twitter:data1\" content=\"2 minutes\" \/>\n<script type=\"application\/ld+json\" class=\"yoast-schema-graph\">{\"@context\":\"https:\/\/schema.org\",\"@graph\":[{\"@type\":\"WebPage\",\"@id\":\"https:\/\/ceiconsultoria.net\/eu\/zerbitzuak\/pertsonak\/kultur-aniztasunaren-kudeaketa\/\",\"url\":\"https:\/\/ceiconsultoria.net\/eu\/zerbitzuak\/pertsonak\/kultur-aniztasunaren-kudeaketa\/\",\"name\":\"Kultur aniztasunaren kudeaketa | Cei Consultor\u00eda\",\"isPartOf\":{\"@id\":\"https:\/\/ceiconsultoria.net\/eu\/#website\"},\"primaryImageOfPage\":{\"@id\":\"https:\/\/ceiconsultoria.net\/eu\/zerbitzuak\/pertsonak\/kultur-aniztasunaren-kudeaketa\/#primaryimage\"},\"image\":{\"@id\":\"https:\/\/ceiconsultoria.net\/eu\/zerbitzuak\/pertsonak\/kultur-aniztasunaren-kudeaketa\/#primaryimage\"},\"thumbnailUrl\":\"https:\/\/ceiconsultoria.net\/wp-content\/uploads\/2022\/10\/CEI-CONSULTORIA-MAIN-3.png\",\"datePublished\":\"2023-02-16T10:31:11+00:00\",\"dateModified\":\"2023-04-26T08:48:10+00:00\",\"description\":\"Kultur aniztasunaren kudeaketak enpresek aprobetxatu dezaketen eta aprobetxatu behar duten aparteko aberastasuna eskaintzen du.\",\"breadcrumb\":{\"@id\":\"https:\/\/ceiconsultoria.net\/eu\/zerbitzuak\/pertsonak\/kultur-aniztasunaren-kudeaketa\/#breadcrumb\"},\"inLanguage\":\"eu-ES\",\"potentialAction\":[{\"@type\":\"ReadAction\",\"target\":[\"https:\/\/ceiconsultoria.net\/eu\/zerbitzuak\/pertsonak\/kultur-aniztasunaren-kudeaketa\/\"]}]},{\"@type\":\"ImageObject\",\"inLanguage\":\"eu-ES\",\"@id\":\"https:\/\/ceiconsultoria.net\/eu\/zerbitzuak\/pertsonak\/kultur-aniztasunaren-kudeaketa\/#primaryimage\",\"url\":\"https:\/\/ceiconsultoria.net\/wp-content\/uploads\/2022\/10\/CEI-CONSULTORIA-MAIN-3.png\",\"contentUrl\":\"https:\/\/ceiconsultoria.net\/wp-content\/uploads\/2022\/10\/CEI-CONSULTORIA-MAIN-3.png\",\"width\":700,\"height\":400},{\"@type\":\"BreadcrumbList\",\"@id\":\"https:\/\/ceiconsultoria.net\/eu\/zerbitzuak\/pertsonak\/kultur-aniztasunaren-kudeaketa\/#breadcrumb\",\"itemListElement\":[{\"@type\":\"ListItem\",\"position\":1,\"name\":\"Inicio\",\"item\":\"https:\/\/ceiconsultoria.net\/eu\/\"},{\"@type\":\"ListItem\",\"position\":2,\"name\":\"Zerbitzuak\",\"item\":\"https:\/\/ceiconsultoria.net\/eu\/zerbitzuak\/\"},{\"@type\":\"ListItem\",\"position\":3,\"name\":\"Pertsonak\",\"item\":\"https:\/\/ceiconsultoria.net\/eu\/zerbitzuak\/pertsonak\/\"},{\"@type\":\"ListItem\",\"position\":4,\"name\":\"Kultur aniztasunaren kudeaketa\"}]},{\"@type\":\"WebSite\",\"@id\":\"https:\/\/ceiconsultoria.net\/eu\/#website\",\"url\":\"https:\/\/ceiconsultoria.net\/eu\/\",\"name\":\"Cei Consultor\u00eda\",\"description\":\"Asesoramiento en gesti\u00f3n empresarial de innovaci\u00f3n y organizaci\u00f3n para adaptarse a los modelos de negocio que permitan a la empresa competir en la mejor posici\u00f3n.\",\"publisher\":{\"@id\":\"https:\/\/ceiconsultoria.net\/eu\/#organization\"},\"potentialAction\":[{\"@type\":\"SearchAction\",\"target\":{\"@type\":\"EntryPoint\",\"urlTemplate\":\"https:\/\/ceiconsultoria.net\/eu\/?s={search_term_string}\"},\"query-input\":{\"@type\":\"PropertyValueSpecification\",\"valueRequired\":true,\"valueName\":\"search_term_string\"}}],\"inLanguage\":\"eu-ES\"},{\"@type\":\"Organization\",\"@id\":\"https:\/\/ceiconsultoria.net\/eu\/#organization\",\"name\":\"Cei Consultor\u00eda\",\"url\":\"https:\/\/ceiconsultoria.net\/eu\/\",\"logo\":{\"@type\":\"ImageObject\",\"inLanguage\":\"eu-ES\",\"@id\":\"https:\/\/ceiconsultoria.net\/eu\/#\/schema\/logo\/image\/\",\"url\":\"https:\/\/ceiconsultoria.net\/wp-content\/uploads\/2020\/12\/cei-consultoria-l.png\",\"contentUrl\":\"https:\/\/ceiconsultoria.net\/wp-content\/uploads\/2020\/12\/cei-consultoria-l.png\",\"width\":208,\"height\":50,\"caption\":\"Cei Consultor\u00eda\"},\"image\":{\"@id\":\"https:\/\/ceiconsultoria.net\/eu\/#\/schema\/logo\/image\/\"},\"sameAs\":[\"https:\/\/www.facebook.com\/GrupoCei\",\"https:\/\/x.com\/GrupoCei\",\"https:\/\/es.linkedin.com\/company\/consultoria-cei\"]}]}<\/script>\n<!-- \/ Yoast SEO plugin. -->","yoast_head_json":{"title":"Kultur aniztasunaren kudeaketa | Cei Consultor\u00eda","description":"Kultur aniztasunaren kudeaketak enpresek aprobetxatu dezaketen eta aprobetxatu behar duten aparteko aberastasuna eskaintzen du.","robots":{"index":"index","follow":"follow","max-snippet":"max-snippet:-1","max-image-preview":"max-image-preview:large","max-video-preview":"max-video-preview:-1"},"canonical":"https:\/\/ceiconsultoria.net\/eu\/zerbitzuak\/pertsonak\/kultur-aniztasunaren-kudeaketa\/","og_locale":"eu_ES","og_type":"article","og_title":"Kultur aniztasunaren kudeaketa | Cei Consultor\u00eda","og_description":"Kultur aniztasunaren kudeaketak enpresek aprobetxatu dezaketen eta aprobetxatu behar duten aparteko aberastasuna eskaintzen du.","og_url":"https:\/\/ceiconsultoria.net\/eu\/zerbitzuak\/pertsonak\/kultur-aniztasunaren-kudeaketa\/","og_site_name":"Cei Consultor\u00eda","article_publisher":"https:\/\/www.facebook.com\/GrupoCei","article_modified_time":"2023-04-26T08:48:10+00:00","og_image":[{"width":700,"height":400,"url":"https:\/\/ceiconsultoria.net\/wp-content\/uploads\/2022\/10\/CEI-CONSULTORIA-MAIN-3.png","type":"image\/png"}],"twitter_card":"summary_large_image","twitter_site":"@GrupoCei","twitter_misc":{"Est. reading time":"2 minutes"},"schema":{"@context":"https:\/\/schema.org","@graph":[{"@type":"WebPage","@id":"https:\/\/ceiconsultoria.net\/eu\/zerbitzuak\/pertsonak\/kultur-aniztasunaren-kudeaketa\/","url":"https:\/\/ceiconsultoria.net\/eu\/zerbitzuak\/pertsonak\/kultur-aniztasunaren-kudeaketa\/","name":"Kultur aniztasunaren kudeaketa | Cei Consultor\u00eda","isPartOf":{"@id":"https:\/\/ceiconsultoria.net\/eu\/#website"},"primaryImageOfPage":{"@id":"https:\/\/ceiconsultoria.net\/eu\/zerbitzuak\/pertsonak\/kultur-aniztasunaren-kudeaketa\/#primaryimage"},"image":{"@id":"https:\/\/ceiconsultoria.net\/eu\/zerbitzuak\/pertsonak\/kultur-aniztasunaren-kudeaketa\/#primaryimage"},"thumbnailUrl":"https:\/\/ceiconsultoria.net\/wp-content\/uploads\/2022\/10\/CEI-CONSULTORIA-MAIN-3.png","datePublished":"2023-02-16T10:31:11+00:00","dateModified":"2023-04-26T08:48:10+00:00","description":"Kultur aniztasunaren kudeaketak enpresek aprobetxatu dezaketen eta aprobetxatu behar duten aparteko aberastasuna eskaintzen du.","breadcrumb":{"@id":"https:\/\/ceiconsultoria.net\/eu\/zerbitzuak\/pertsonak\/kultur-aniztasunaren-kudeaketa\/#breadcrumb"},"inLanguage":"eu-ES","potentialAction":[{"@type":"ReadAction","target":["https:\/\/ceiconsultoria.net\/eu\/zerbitzuak\/pertsonak\/kultur-aniztasunaren-kudeaketa\/"]}]},{"@type":"ImageObject","inLanguage":"eu-ES","@id":"https:\/\/ceiconsultoria.net\/eu\/zerbitzuak\/pertsonak\/kultur-aniztasunaren-kudeaketa\/#primaryimage","url":"https:\/\/ceiconsultoria.net\/wp-content\/uploads\/2022\/10\/CEI-CONSULTORIA-MAIN-3.png","contentUrl":"https:\/\/ceiconsultoria.net\/wp-content\/uploads\/2022\/10\/CEI-CONSULTORIA-MAIN-3.png","width":700,"height":400},{"@type":"BreadcrumbList","@id":"https:\/\/ceiconsultoria.net\/eu\/zerbitzuak\/pertsonak\/kultur-aniztasunaren-kudeaketa\/#breadcrumb","itemListElement":[{"@type":"ListItem","position":1,"name":"Inicio","item":"https:\/\/ceiconsultoria.net\/eu\/"},{"@type":"ListItem","position":2,"name":"Zerbitzuak","item":"https:\/\/ceiconsultoria.net\/eu\/zerbitzuak\/"},{"@type":"ListItem","position":3,"name":"Pertsonak","item":"https:\/\/ceiconsultoria.net\/eu\/zerbitzuak\/pertsonak\/"},{"@type":"ListItem","position":4,"name":"Kultur aniztasunaren kudeaketa"}]},{"@type":"WebSite","@id":"https:\/\/ceiconsultoria.net\/eu\/#website","url":"https:\/\/ceiconsultoria.net\/eu\/","name":"Cei Consultor\u00eda","description":"Asesoramiento en gesti\u00f3n empresarial de innovaci\u00f3n y organizaci\u00f3n para adaptarse a los modelos de negocio que permitan a la empresa competir en la mejor posici\u00f3n.","publisher":{"@id":"https:\/\/ceiconsultoria.net\/eu\/#organization"},"potentialAction":[{"@type":"SearchAction","target":{"@type":"EntryPoint","urlTemplate":"https:\/\/ceiconsultoria.net\/eu\/?s={search_term_string}"},"query-input":{"@type":"PropertyValueSpecification","valueRequired":true,"valueName":"search_term_string"}}],"inLanguage":"eu-ES"},{"@type":"Organization","@id":"https:\/\/ceiconsultoria.net\/eu\/#organization","name":"Cei Consultor\u00eda","url":"https:\/\/ceiconsultoria.net\/eu\/","logo":{"@type":"ImageObject","inLanguage":"eu-ES","@id":"https:\/\/ceiconsultoria.net\/eu\/#\/schema\/logo\/image\/","url":"https:\/\/ceiconsultoria.net\/wp-content\/uploads\/2020\/12\/cei-consultoria-l.png","contentUrl":"https:\/\/ceiconsultoria.net\/wp-content\/uploads\/2020\/12\/cei-consultoria-l.png","width":208,"height":50,"caption":"Cei Consultor\u00eda"},"image":{"@id":"https:\/\/ceiconsultoria.net\/eu\/#\/schema\/logo\/image\/"},"sameAs":["https:\/\/www.facebook.com\/GrupoCei","https:\/\/x.com\/GrupoCei","https:\/\/es.linkedin.com\/company\/consultoria-cei"]}]}},"_links":{"self":[{"href":"https:\/\/ceiconsultoria.net\/eu\/wp-json\/wp\/v2\/pages\/8478","targetHints":{"allow":["GET"]}}],"collection":[{"href":"https:\/\/ceiconsultoria.net\/eu\/wp-json\/wp\/v2\/pages"}],"about":[{"href":"https:\/\/ceiconsultoria.net\/eu\/wp-json\/wp\/v2\/types\/page"}],"author":[{"embeddable":true,"href":"https:\/\/ceiconsultoria.net\/eu\/wp-json\/wp\/v2\/users\/2"}],"replies":[{"embeddable":true,"href":"https:\/\/ceiconsultoria.net\/eu\/wp-json\/wp\/v2\/comments?post=8478"}],"version-history":[{"count":4,"href":"https:\/\/ceiconsultoria.net\/eu\/wp-json\/wp\/v2\/pages\/8478\/revisions"}],"predecessor-version":[{"id":8558,"href":"https:\/\/ceiconsultoria.net\/eu\/wp-json\/wp\/v2\/pages\/8478\/revisions\/8558"}],"up":[{"embeddable":true,"href":"https:\/\/ceiconsultoria.net\/eu\/wp-json\/wp\/v2\/pages\/8475"}],"wp:featuredmedia":[{"embeddable":true,"href":"https:\/\/ceiconsultoria.net\/eu\/wp-json\/wp\/v2\/media\/8137"}],"wp:attachment":[{"href":"https:\/\/ceiconsultoria.net\/eu\/wp-json\/wp\/v2\/media?parent=8478"}],"curies":[{"name":"wp","href":"https:\/\/api.w.org\/{rel}","templated":true}]}}