{"id":8475,"date":"2019-05-07T15:42:14","date_gmt":"2019-05-07T13:42:14","guid":{"rendered":"https:\/\/ceiconsultoria.net\/zerbitzuak\/pertsonak\/"},"modified":"2023-04-25T17:36:46","modified_gmt":"2023-04-25T15:36:46","slug":"pertsonak","status":"publish","type":"page","link":"https:\/\/ceiconsultoria.net\/eu\/zerbitzuak\/pertsonak\/","title":{"rendered":"Pertsonak"},"content":{"rendered":"<div class=\"wpb-content-wrapper\"><p>[vc_row][vc_column]<div class=\"content_section\" style=\"border-color:#e4e4e4;border-style: none;border-top-width: 0px;border-right-width: 0px;border-bottom-width: 0px;border-left-width: 0px;\"><div class=\"hm_no_overlay\" style=\"\"><div class=\"container\"><span class=\" description1 centered\" style=\"text-transform: none;\">Enpresa bakar batek ere ez du ondo funtzionatzen bertan parte hartzen duten pertsonek, hau da, kudeatzaileek eta langileek, taldean lan egiten ez badute. Pertsonak funtsezko aktibo bat dira enpresa eta negozioaren arrakastarentzat. Horregatik, pertsonak zaindu eta bultzatu beharreko baliabide estrategikotzat hartu behar ditugu.<\/span><div style=\"height:50px;\"><\/div><div class=\"icon_boxes_con style1 circle just_icon_border clearfix just_style3\"><div class=\"col-md-4 animated\" data-animation=\"fadeInLeft\" data-animation-delay=\"300\"><div class=\"service_box\">\n\t\t\t\t\t\t\t<span class=\"icon hm_icon_num1\"><i class=\"ico-clipboard\"><\/i><\/span>\n\t\t\t\t\t\t\t<div class=\"service_box_con centered\">\n\t\t\t\t\t\t\t\t<h3><a href=\"https:\/\/ceiconsultoria.net\/eu\/zerbitzuak\/pertsonak\/prestakuntza-beharren-diagnostikoa\/\" target=\"_self\">Prestakuntza-beharren diagnostikoa<\/a><\/h3>\n\t\t\t\t\t\t\t\t<span class=\"desc\"><\/span>\n\t\t\t\t\t\t\t<\/div>\n\t\t\t\t\t\t<\/div>\n\t\t\t\t\t\t\n\t\t\t\t\t<\/div><div class=\"col-md-4 animated\" data-animation=\"fadeInLeft\" data-animation-delay=\"400\"><div class=\"service_box\">\n\t\t\t\t\t\t\t<span class=\"icon hm_icon_num2\"><i class=\"ico-man-woman\"><\/i><\/span>\n\t\t\t\t\t\t\t<div class=\"service_box_con centered\">\n\t\t\t\t\t\t\t\t<h3><a href=\"https:\/\/ceiconsultoria.net\/eu\/zerbitzuak\/pertsonak\/berdintasun-plana\/\" target=\"_self\">Berdintasun Plana<\/a><\/h3>\n\t\t\t\t\t\t\t\t<span class=\"desc\"><\/span>\n\t\t\t\t\t\t\t<\/div>\n\t\t\t\t\t\t<\/div>\n\t\t\t\t\t\t\n\t\t\t\t\t<\/div><div class=\"col-md-4 animated\" data-animation=\"fadeInLeft\" data-animation-delay=\"500\"><div class=\"service_box\">\n\t\t\t\t\t\t\t<span class=\"icon hm_icon_num3\"><i class=\"ico-clipboard4\"><\/i><\/span>\n\t\t\t\t\t\t\t<div class=\"service_box_con centered\">\n\t\t\t\t\t\t\t\t<h3><a href=\"https:\/\/ceiconsultoria.net\/eu\/zerbitzuak\/pertsonak\/sexu-edo-genero-jazarpenerako-protokoloa\/\" target=\"_self\">Sexu edo genero-jazarpenerako protokoloa<\/a><\/h3>\n\t\t\t\t\t\t\t\t<span class=\"desc\"><\/span>\n\t\t\t\t\t\t\t<\/div>\n\t\t\t\t\t\t<\/div>\n\t\t\t\t\t\t\n\t\t\t\t\t<\/div><\/div><div style=\"height:30px;\"><\/div><div class=\"icon_boxes_con style1 circle just_icon_border clearfix just_style3\"><div class=\"col-md-4 animated\" data-animation=\"fadeInLeft\" data-animation-delay=\"300\"><div class=\"service_box\">\n\t\t\t\t\t\t\t<span class=\"icon hm_icon_num4\"><i class=\"ico-users2\"><\/i><\/span>\n\t\t\t\t\t\t\t<div class=\"service_box_con centered\">\n\t\t\t\t\t\t\t\t<h3><a href=\"https:\/\/ceiconsultoria.net\/eu\/zerbitzuak\/pertsonak\/talentuaren-kudeaketa\/\" target=\"_self\">Talentuaren kudeaketa<\/a><\/h3>\n\t\t\t\t\t\t\t\t<span class=\"desc\"><\/span>\n\t\t\t\t\t\t\t<\/div>\n\t\t\t\t\t\t<\/div>\n\t\t\t\t\t\t\n\t\t\t\t\t<\/div><div class=\"col-md-4 animated\" data-animation=\"fadeInLeft\" data-animation-delay=\"400\"><div class=\"service_box\">\n\t\t\t\t\t\t\t<span class=\"icon hm_icon_num5\"><i class=\"ico-laptop3\"><\/i><\/span>\n\t\t\t\t\t\t\t<div class=\"service_box_con centered\">\n\t\t\t\t\t\t\t\t<h3><a href=\"https:\/\/ceiconsultoria.net\/eu\/zerbitzuak\/pertsonak\/antolakuntzaren-kultura-eraldaketa\/\" target=\"_self\">Antolakuntzaren Kultura Eraldaketa<\/a><\/h3>\n\t\t\t\t\t\t\t\t<span class=\"desc\"><\/span>\n\t\t\t\t\t\t\t<\/div>\n\t\t\t\t\t\t<\/div>\n\t\t\t\t\t\t\n\t\t\t\t\t<\/div><div class=\"col-md-4 animated\" data-animation=\"fadeInLeft\" data-animation-delay=\"500\"><div class=\"service_box\">\n\t\t\t\t\t\t\t<span class=\"icon hm_icon_num6\"><i class=\"ico-users\"><\/i><\/span>\n\t\t\t\t\t\t\t<div class=\"service_box_con centered\">\n\t\t\t\t\t\t\t\t<h3><a href=\"https:\/\/ceiconsultoria.net\/eu\/zerbitzuak\/pertsonak\/kultur-aniztasunaren-kudeaketa\/\" target=\"_self\">Kultur aniztasunaren kudeaketa<\/a><\/h3>\n\t\t\t\t\t\t\t\t<span class=\"desc\"><\/span>\n\t\t\t\t\t\t\t<\/div>\n\t\t\t\t\t\t<\/div>\n\t\t\t\t\t\t\n\t\t\t\t\t<\/div><\/div><\/div><\/div><\/div>[\/vc_column][\/vc_row]<\/p>\n<\/div>","protected":false},"excerpt":{"rendered":"<p>[vc_row][vc_column][\/vc_column][\/vc_row]<\/p>\n","protected":false},"author":1,"featured_media":8137,"parent":8224,"menu_order":4,"comment_status":"open","ping_status":"closed","template":"","meta":{"footnotes":""},"class_list":["post-8475","page","type-page","status-publish","has-post-thumbnail","hentry"],"yoast_head":"<!-- This site is optimized with the Yoast SEO plugin v25.8 - https:\/\/yoast.com\/wordpress\/plugins\/seo\/ -->\n<title>Pertsonak | Cei Consultor\u00eda<\/title>\n<meta name=\"description\" content=\"Pertsonak funtsezko aktibo bat dira enpresa eta negozioaren arrakastarentzat.\" \/>\n<meta name=\"robots\" content=\"index, follow, max-snippet:-1, max-image-preview:large, max-video-preview:-1\" \/>\n<link rel=\"canonical\" href=\"https:\/\/ceiconsultoria.net\/eu\/zerbitzuak\/pertsonak\/\" \/>\n<meta property=\"og:locale\" content=\"eu_ES\" \/>\n<meta property=\"og:type\" content=\"article\" \/>\n<meta property=\"og:title\" content=\"Pertsonak | Cei Consultor\u00eda\" \/>\n<meta property=\"og:description\" content=\"Pertsonak funtsezko aktibo bat dira enpresa eta negozioaren arrakastarentzat.\" \/>\n<meta property=\"og:url\" content=\"https:\/\/ceiconsultoria.net\/eu\/zerbitzuak\/pertsonak\/\" \/>\n<meta property=\"og:site_name\" content=\"Cei Consultor\u00eda\" \/>\n<meta property=\"article:publisher\" content=\"https:\/\/www.facebook.com\/GrupoCei\" \/>\n<meta property=\"article:modified_time\" content=\"2023-04-25T15:36:46+00:00\" \/>\n<meta property=\"og:image\" content=\"https:\/\/ceiconsultoria.net\/wp-content\/uploads\/2022\/10\/CEI-CONSULTORIA-MAIN-3.png\" \/>\n\t<meta property=\"og:image:width\" content=\"700\" \/>\n\t<meta property=\"og:image:height\" content=\"400\" \/>\n\t<meta property=\"og:image:type\" content=\"image\/png\" \/>\n<meta name=\"twitter:card\" content=\"summary_large_image\" \/>\n<meta name=\"twitter:site\" content=\"@GrupoCei\" \/>\n<meta name=\"twitter:label1\" content=\"Est. reading time\" \/>\n\t<meta name=\"twitter:data1\" content=\"1 minute\" \/>\n<script type=\"application\/ld+json\" class=\"yoast-schema-graph\">{\"@context\":\"https:\/\/schema.org\",\"@graph\":[{\"@type\":\"WebPage\",\"@id\":\"https:\/\/ceiconsultoria.net\/eu\/zerbitzuak\/pertsonak\/\",\"url\":\"https:\/\/ceiconsultoria.net\/eu\/zerbitzuak\/pertsonak\/\",\"name\":\"Pertsonak | Cei Consultor\u00eda\",\"isPartOf\":{\"@id\":\"https:\/\/ceiconsultoria.net\/eu\/#website\"},\"primaryImageOfPage\":{\"@id\":\"https:\/\/ceiconsultoria.net\/eu\/zerbitzuak\/pertsonak\/#primaryimage\"},\"image\":{\"@id\":\"https:\/\/ceiconsultoria.net\/eu\/zerbitzuak\/pertsonak\/#primaryimage\"},\"thumbnailUrl\":\"https:\/\/ceiconsultoria.net\/wp-content\/uploads\/2022\/10\/CEI-CONSULTORIA-MAIN-3.png\",\"datePublished\":\"2019-05-07T13:42:14+00:00\",\"dateModified\":\"2023-04-25T15:36:46+00:00\",\"description\":\"Pertsonak funtsezko aktibo bat dira enpresa eta negozioaren arrakastarentzat.\",\"breadcrumb\":{\"@id\":\"https:\/\/ceiconsultoria.net\/eu\/zerbitzuak\/pertsonak\/#breadcrumb\"},\"inLanguage\":\"eu-ES\",\"potentialAction\":[{\"@type\":\"ReadAction\",\"target\":[\"https:\/\/ceiconsultoria.net\/eu\/zerbitzuak\/pertsonak\/\"]}]},{\"@type\":\"ImageObject\",\"inLanguage\":\"eu-ES\",\"@id\":\"https:\/\/ceiconsultoria.net\/eu\/zerbitzuak\/pertsonak\/#primaryimage\",\"url\":\"https:\/\/ceiconsultoria.net\/wp-content\/uploads\/2022\/10\/CEI-CONSULTORIA-MAIN-3.png\",\"contentUrl\":\"https:\/\/ceiconsultoria.net\/wp-content\/uploads\/2022\/10\/CEI-CONSULTORIA-MAIN-3.png\",\"width\":700,\"height\":400},{\"@type\":\"BreadcrumbList\",\"@id\":\"https:\/\/ceiconsultoria.net\/eu\/zerbitzuak\/pertsonak\/#breadcrumb\",\"itemListElement\":[{\"@type\":\"ListItem\",\"position\":1,\"name\":\"Inicio\",\"item\":\"https:\/\/ceiconsultoria.net\/eu\/\"},{\"@type\":\"ListItem\",\"position\":2,\"name\":\"Zerbitzuak\",\"item\":\"https:\/\/ceiconsultoria.net\/eu\/zerbitzuak\/\"},{\"@type\":\"ListItem\",\"position\":3,\"name\":\"Pertsonak\"}]},{\"@type\":\"WebSite\",\"@id\":\"https:\/\/ceiconsultoria.net\/eu\/#website\",\"url\":\"https:\/\/ceiconsultoria.net\/eu\/\",\"name\":\"Cei Consultor\u00eda\",\"description\":\"Asesoramiento en gesti\u00f3n empresarial de innovaci\u00f3n y organizaci\u00f3n para adaptarse a los modelos de negocio que permitan a la empresa competir en la mejor posici\u00f3n.\",\"publisher\":{\"@id\":\"https:\/\/ceiconsultoria.net\/eu\/#organization\"},\"potentialAction\":[{\"@type\":\"SearchAction\",\"target\":{\"@type\":\"EntryPoint\",\"urlTemplate\":\"https:\/\/ceiconsultoria.net\/eu\/?s={search_term_string}\"},\"query-input\":{\"@type\":\"PropertyValueSpecification\",\"valueRequired\":true,\"valueName\":\"search_term_string\"}}],\"inLanguage\":\"eu-ES\"},{\"@type\":\"Organization\",\"@id\":\"https:\/\/ceiconsultoria.net\/eu\/#organization\",\"name\":\"Cei Consultor\u00eda\",\"url\":\"https:\/\/ceiconsultoria.net\/eu\/\",\"logo\":{\"@type\":\"ImageObject\",\"inLanguage\":\"eu-ES\",\"@id\":\"https:\/\/ceiconsultoria.net\/eu\/#\/schema\/logo\/image\/\",\"url\":\"https:\/\/ceiconsultoria.net\/wp-content\/uploads\/2020\/12\/cei-consultoria-l.png\",\"contentUrl\":\"https:\/\/ceiconsultoria.net\/wp-content\/uploads\/2020\/12\/cei-consultoria-l.png\",\"width\":208,\"height\":50,\"caption\":\"Cei Consultor\u00eda\"},\"image\":{\"@id\":\"https:\/\/ceiconsultoria.net\/eu\/#\/schema\/logo\/image\/\"},\"sameAs\":[\"https:\/\/www.facebook.com\/GrupoCei\",\"https:\/\/x.com\/GrupoCei\",\"https:\/\/es.linkedin.com\/company\/consultoria-cei\"]}]}<\/script>\n<!-- \/ Yoast SEO plugin. -->","yoast_head_json":{"title":"Pertsonak | Cei Consultor\u00eda","description":"Pertsonak funtsezko aktibo bat dira enpresa eta negozioaren arrakastarentzat.","robots":{"index":"index","follow":"follow","max-snippet":"max-snippet:-1","max-image-preview":"max-image-preview:large","max-video-preview":"max-video-preview:-1"},"canonical":"https:\/\/ceiconsultoria.net\/eu\/zerbitzuak\/pertsonak\/","og_locale":"eu_ES","og_type":"article","og_title":"Pertsonak | Cei Consultor\u00eda","og_description":"Pertsonak funtsezko aktibo bat dira enpresa eta negozioaren arrakastarentzat.","og_url":"https:\/\/ceiconsultoria.net\/eu\/zerbitzuak\/pertsonak\/","og_site_name":"Cei Consultor\u00eda","article_publisher":"https:\/\/www.facebook.com\/GrupoCei","article_modified_time":"2023-04-25T15:36:46+00:00","og_image":[{"width":700,"height":400,"url":"https:\/\/ceiconsultoria.net\/wp-content\/uploads\/2022\/10\/CEI-CONSULTORIA-MAIN-3.png","type":"image\/png"}],"twitter_card":"summary_large_image","twitter_site":"@GrupoCei","twitter_misc":{"Est. reading time":"1 minute"},"schema":{"@context":"https:\/\/schema.org","@graph":[{"@type":"WebPage","@id":"https:\/\/ceiconsultoria.net\/eu\/zerbitzuak\/pertsonak\/","url":"https:\/\/ceiconsultoria.net\/eu\/zerbitzuak\/pertsonak\/","name":"Pertsonak | Cei Consultor\u00eda","isPartOf":{"@id":"https:\/\/ceiconsultoria.net\/eu\/#website"},"primaryImageOfPage":{"@id":"https:\/\/ceiconsultoria.net\/eu\/zerbitzuak\/pertsonak\/#primaryimage"},"image":{"@id":"https:\/\/ceiconsultoria.net\/eu\/zerbitzuak\/pertsonak\/#primaryimage"},"thumbnailUrl":"https:\/\/ceiconsultoria.net\/wp-content\/uploads\/2022\/10\/CEI-CONSULTORIA-MAIN-3.png","datePublished":"2019-05-07T13:42:14+00:00","dateModified":"2023-04-25T15:36:46+00:00","description":"Pertsonak funtsezko aktibo bat dira enpresa eta negozioaren arrakastarentzat.","breadcrumb":{"@id":"https:\/\/ceiconsultoria.net\/eu\/zerbitzuak\/pertsonak\/#breadcrumb"},"inLanguage":"eu-ES","potentialAction":[{"@type":"ReadAction","target":["https:\/\/ceiconsultoria.net\/eu\/zerbitzuak\/pertsonak\/"]}]},{"@type":"ImageObject","inLanguage":"eu-ES","@id":"https:\/\/ceiconsultoria.net\/eu\/zerbitzuak\/pertsonak\/#primaryimage","url":"https:\/\/ceiconsultoria.net\/wp-content\/uploads\/2022\/10\/CEI-CONSULTORIA-MAIN-3.png","contentUrl":"https:\/\/ceiconsultoria.net\/wp-content\/uploads\/2022\/10\/CEI-CONSULTORIA-MAIN-3.png","width":700,"height":400},{"@type":"BreadcrumbList","@id":"https:\/\/ceiconsultoria.net\/eu\/zerbitzuak\/pertsonak\/#breadcrumb","itemListElement":[{"@type":"ListItem","position":1,"name":"Inicio","item":"https:\/\/ceiconsultoria.net\/eu\/"},{"@type":"ListItem","position":2,"name":"Zerbitzuak","item":"https:\/\/ceiconsultoria.net\/eu\/zerbitzuak\/"},{"@type":"ListItem","position":3,"name":"Pertsonak"}]},{"@type":"WebSite","@id":"https:\/\/ceiconsultoria.net\/eu\/#website","url":"https:\/\/ceiconsultoria.net\/eu\/","name":"Cei Consultor\u00eda","description":"Asesoramiento en gesti\u00f3n empresarial de innovaci\u00f3n y organizaci\u00f3n para adaptarse a los modelos de negocio que permitan a la empresa competir en la mejor posici\u00f3n.","publisher":{"@id":"https:\/\/ceiconsultoria.net\/eu\/#organization"},"potentialAction":[{"@type":"SearchAction","target":{"@type":"EntryPoint","urlTemplate":"https:\/\/ceiconsultoria.net\/eu\/?s={search_term_string}"},"query-input":{"@type":"PropertyValueSpecification","valueRequired":true,"valueName":"search_term_string"}}],"inLanguage":"eu-ES"},{"@type":"Organization","@id":"https:\/\/ceiconsultoria.net\/eu\/#organization","name":"Cei Consultor\u00eda","url":"https:\/\/ceiconsultoria.net\/eu\/","logo":{"@type":"ImageObject","inLanguage":"eu-ES","@id":"https:\/\/ceiconsultoria.net\/eu\/#\/schema\/logo\/image\/","url":"https:\/\/ceiconsultoria.net\/wp-content\/uploads\/2020\/12\/cei-consultoria-l.png","contentUrl":"https:\/\/ceiconsultoria.net\/wp-content\/uploads\/2020\/12\/cei-consultoria-l.png","width":208,"height":50,"caption":"Cei Consultor\u00eda"},"image":{"@id":"https:\/\/ceiconsultoria.net\/eu\/#\/schema\/logo\/image\/"},"sameAs":["https:\/\/www.facebook.com\/GrupoCei","https:\/\/x.com\/GrupoCei","https:\/\/es.linkedin.com\/company\/consultoria-cei"]}]}},"_links":{"self":[{"href":"https:\/\/ceiconsultoria.net\/eu\/wp-json\/wp\/v2\/pages\/8475","targetHints":{"allow":["GET"]}}],"collection":[{"href":"https:\/\/ceiconsultoria.net\/eu\/wp-json\/wp\/v2\/pages"}],"about":[{"href":"https:\/\/ceiconsultoria.net\/eu\/wp-json\/wp\/v2\/types\/page"}],"author":[{"embeddable":true,"href":"https:\/\/ceiconsultoria.net\/eu\/wp-json\/wp\/v2\/users\/1"}],"replies":[{"embeddable":true,"href":"https:\/\/ceiconsultoria.net\/eu\/wp-json\/wp\/v2\/comments?post=8475"}],"version-history":[{"count":4,"href":"https:\/\/ceiconsultoria.net\/eu\/wp-json\/wp\/v2\/pages\/8475\/revisions"}],"predecessor-version":[{"id":8538,"href":"https:\/\/ceiconsultoria.net\/eu\/wp-json\/wp\/v2\/pages\/8475\/revisions\/8538"}],"up":[{"embeddable":true,"href":"https:\/\/ceiconsultoria.net\/eu\/wp-json\/wp\/v2\/pages\/8224"}],"wp:featuredmedia":[{"embeddable":true,"href":"https:\/\/ceiconsultoria.net\/eu\/wp-json\/wp\/v2\/media\/8137"}],"wp:attachment":[{"href":"https:\/\/ceiconsultoria.net\/eu\/wp-json\/wp\/v2\/media?parent=8475"}],"curies":[{"name":"wp","href":"https:\/\/api.w.org\/{rel}","templated":true}]}}