{"id":8460,"date":"2023-01-04T12:54:15","date_gmt":"2023-01-04T11:54:15","guid":{"rendered":"https:\/\/ceiconsultoria.net\/zerbitzuak\/estrategia-prozesuen-hobekuntza-eta-eraginkortasun-operatiboa\/antolakuntzako-adimena-eta-berrikuntza-gaitasuna\/"},"modified":"2023-04-26T10:30:17","modified_gmt":"2023-04-26T08:30:17","slug":"antolakuntzako-adimena-eta-berrikuntza-gaitasuna","status":"publish","type":"page","link":"https:\/\/ceiconsultoria.net\/eu\/zerbitzuak\/estrategia-prozesuen-hobekuntza-eta-eraginkortasun-operatiboa\/antolakuntzako-adimena-eta-berrikuntza-gaitasuna\/","title":{"rendered":"Antolakuntzako adimena eta berrikuntza gaitasuna"},"content":{"rendered":"<div class=\"wpb-content-wrapper\"><p>[vc_row css=&#8221;.vc_custom_1655455739438{margin-top: 20px !important;}&#8221;][vc_column]<div class=\"content_section\" style=\"border-color:#e4e4e4;border-style: none;border-top-width: 1px;border-right-width: 0px;border-bottom-width: 1px;border-left-width: 0px;\"><div class=\"hm_no_overlay\" style=\"\"><div class=\"container\">[vc_column_text]Erakundearen berrikuntza gaitasunaren diagnostikoa egitea. Aztertu zure gaitasuna, nahia eta boterea. Puntu ahulak eta puntu sendoak identifikatzea, erakundea hobetzeko eta berritzeko eszenatoki hobe batera eboluzionatuz.[\/vc_column_text]<div class=\"main_title no_line  main_title60\">\n\t\t\t\t<h2 style=\"text-transform: capitalize;color: #444444;\"><\/p>\n<h6>Balioa sortzeko eredua aztertu:<\/h6>\n<p><\/h2>\n\t\t\t<\/div><ul class=\"list3 clearfix\"><li>Konturatzeko gaitasuna<\/li><li>Ikasteko gaitasuna.<\/li><li>Sortzeko gaitasuna.<\/li><li>Ikasitakoa ustiatzeko gaitasuna.<\/li><li>Erantzunaren gaitasuna.<\/li><li>Arazoak konpontzeko gaitasuna.<\/li><li>Memoria<\/li><li>Kultura, jarrerak eta jokabideak.<\/li><\/ul><div class=\"main_title no_line  main_title89\">\n\t\t\t\t<h2 style=\"text-transform: capitalize;color: #444444;\"><\/p>\n<h6>Trukearen eta ezagutzaren sorreraren azterketari dagokionez:<\/h6>\n<p><\/h2>\n\t\t\t<\/div><ul class=\"list3 clearfix\"><li>Merkatuak.<\/li><li>Lehiakideak.<\/li><li>Bezeroak.<\/li><li>Hornitzaileak.<\/li><li>Kolaboratzaileak.<\/li><li>Prozesuak.<\/li><li>Produktuak.<\/li><li>Pertsonak.<\/li><\/ul>[vc_empty_space height=&#8221;30px&#8221;]<a class=\"btn_a medium_btn color1 ideal_button1\" target=\"_self\" href=\"https:\/\/ceiconsultoria.net\/eu\/kontaktua\/\" style=\"margin-top:0px;margin-bottom:0px;\">\n\t\t\t\t\t\t<span style=\"background-color:#fd6315;\">\n\t\t\t\t\t\t\t<i class=\"in_left ico-angle-right\"><\/i>\n\t\t\t\t\t\t\t<span>Informazioa eskatu<\/span>\n\t\t\t\t\t\t\t<i class=\"in_right ico-angle-right\"><\/i>\n\t\t\t\t\t\t<\/span>\n\t\t\t\t\t<\/a><style>.ideal_button1{background-color:#fd6315 !important;border-color:#fd6315 !important;color:#fff;}.ideal_button1:hover{background-color:#fd6315 !important;border-color:#fd6315 !important;color:#fff;}<\/style><\/div><\/div><\/div>[vc_empty_space][\/vc_column][\/vc_row][vc_row][vc_column]<div class=\"content_section\" style=\"border-color:#e4e4e4;border-style: solid;border-top-width: 0px;border-right-width: 0px;border-bottom-width: 0px;border-left-width: 0px;\"><div class=\"hm_no_overlay\" style=\"\"><div class=\"container\">[vc_empty_space height=&#8221;50px&#8221;]<div class=\"icon_boxes_con style1 circle just_icon_border clearfix just_style3\"><div class=\"col-md-3 animated\" data-animation=\"fadeInLeft\" data-animation-delay=\"300\"><div class=\"service_box\">\n\t\t\t\t\t\t\t<span class=\"icon hm_icon_num1\"><i class=\"ico-sort\"><\/i><\/span>\n\t\t\t\t\t\t\t<div class=\"service_box_con centered\">\n\t\t\t\t\t\t\t\t<h3><a href=\"https:\/\/ceiconsultoria.net\/eu\/zerbitzuak\/estrategia-prozesuen-hobekuntza-eta-eraginkortasun-operatiboa\/hausnarketa-eta-hedapen-estrategikoa\/\" target=\"_self\">Hausnarketa eta hedapen estrategikoa<\/a><\/h3>\n\t\t\t\t\t\t\t\t<span class=\"desc\"><\/span>\n\t\t\t\t\t\t\t<\/div>\n\t\t\t\t\t\t<\/div>\n\t\t\t\t\t\t\n\t\t\t\t\t<\/div><div class=\"col-md-3 animated\" data-animation=\"fadeInLeft\" data-animation-delay=\"400\"><div class=\"service_box\">\n\t\t\t\t\t\t\t<span class=\"icon hm_icon_num2\"><i class=\"ico-sitemap\"><\/i><\/span>\n\t\t\t\t\t\t\t<div class=\"service_box_con centered\">\n\t\t\t\t\t\t\t\t<h3><a href=\"https:\/\/ceiconsultoria.net\/eu\/zerbitzuak\/estrategia-prozesuen-hobekuntza-eta-eraginkortasun-operatiboa\/antolakuntza-diagnostikoa\/\" target=\"_self\">Antolakuntza-diagnostikoa<\/a><\/h3>\n\t\t\t\t\t\t\t\t<span class=\"desc\"><\/span>\n\t\t\t\t\t\t\t<\/div>\n\t\t\t\t\t\t<\/div>\n\t\t\t\t\t\t\n\t\t\t\t\t<\/div><div class=\"col-md-3 animated\" data-animation=\"fadeInLeft\" data-animation-delay=\"500\"><div class=\"service_box\">\n\t\t\t\t\t\t\t<span class=\"icon hm_icon_num3\"><i class=\"ico-tasks\"><\/i><\/span>\n\t\t\t\t\t\t\t<div class=\"service_box_con centered\">\n\t\t\t\t\t\t\t\t<h3><a href=\"https:\/\/ceiconsultoria.net\/eu\/zerbitzuak\/estrategia-prozesuen-hobekuntza-eta-eraginkortasun-operatiboa\/kudeaketa-metodologia-eta-tekniken-analisia-eta-aldaketa\/\" target=\"_self\">Kudeaketa-metodologia eta tekniken analisia eta ezarpena<\/a><\/h3>\n\t\t\t\t\t\t\t\t<span class=\"desc\"><\/span>\n\t\t\t\t\t\t\t<\/div>\n\t\t\t\t\t\t<\/div>\n\t\t\t\t\t\t\n\t\t\t\t\t<\/div><div class=\"col-md-3 animated\" data-animation=\"fadeInLeft\" data-animation-delay=\"600\"><div class=\"service_box\">\n\t\t\t\t\t\t\t<span class=\"icon hm_icon_num4\"><i class=\"ico-briefcase2\"><\/i><\/span>\n\t\t\t\t\t\t\t<div class=\"service_box_con centered\">\n\t\t\t\t\t\t\t\t<h3><a href=\"https:\/\/ceiconsultoria.net\/eu\/zerbitzuak\/estrategia-prozesuen-hobekuntza-eta-eraginkortasun-operatiboa\/prozesuen-aholkularitza\/\" target=\"_self\">Prozesuen aholkularitza<\/a><\/h3>\n\t\t\t\t\t\t\t\t<span class=\"desc\"><\/span>\n\t\t\t\t\t\t\t<\/div>\n\t\t\t\t\t\t<\/div>\n\t\t\t\t\t\t\n\t\t\t\t\t<\/div><\/div><div class=\"icon_boxes_con style1 circle just_icon_border clearfix just_style3\"><div class=\"col-md-3 animated\" data-animation=\"fadeInLeft\" data-animation-delay=\"300\"><div class=\"service_box\">\n\t\t\t\t\t\t\t<span class=\"icon hm_icon_num5\"><i class=\"ico-briefcase2\"><\/i><\/span>\n\t\t\t\t\t\t\t<div class=\"service_box_con centered\">\n\t\t\t\t\t\t\t\t<h3><a href=\"https:\/\/ceiconsultoria.net\/eu\/zerbitzuak\/estrategia-prozesuen-hobekuntza-eta-eraginkortasun-operatiboa\/antolaketa-aholkularitza\/\" target=\"_self\">Antolaketa aholkularitza<\/a><\/h3>\n\t\t\t\t\t\t\t\t<span class=\"desc\"><\/span>\n\t\t\t\t\t\t\t<\/div>\n\t\t\t\t\t\t<\/div>\n\t\t\t\t\t\t\n\t\t\t\t\t<\/div><div class=\"col-md-3 animated\" data-animation=\"fadeInLeft\" data-animation-delay=\"400\"><div class=\"service_box\">\n\t\t\t\t\t\t\t<span class=\"icon hm_icon_num6\"><i class=\"ico-tachometer\"><\/i><\/span>\n\t\t\t\t\t\t\t<div class=\"service_box_con centered\">\n\t\t\t\t\t\t\t\t<h3><a href=\"https:\/\/ceiconsultoria.net\/eu\/zerbitzuak\/estrategia-prozesuen-hobekuntza-eta-eraginkortasun-operatiboa\/antolakuntzako-adimena-eta-berrikuntza-gaitasuna\/\" target=\"_self\">Antolakuntzako adimena eta berrikuntza gaitasuna<\/a><\/h3>\n\t\t\t\t\t\t\t\t<span class=\"desc\"><\/span>\n\t\t\t\t\t\t\t<\/div>\n\t\t\t\t\t\t<\/div>\n\t\t\t\t\t\t\n\t\t\t\t\t<\/div><div class=\"col-md-3 animated\" data-animation=\"fadeInLeft\" data-animation-delay=\"500\"><div class=\"service_box\">\n\t\t\t\t\t\t\t<span class=\"icon hm_icon_num7\"><i class=\"ico-paste2\"><\/i><\/span>\n\t\t\t\t\t\t\t<div class=\"service_box_con centered\">\n\t\t\t\t\t\t\t\t<h3><a href=\"https:\/\/ceiconsultoria.net\/eu\/zerbitzuak\/estrategia-prozesuen-hobekuntza-eta-eraginkortasun-operatiboa\/interim-management\/\" target=\"_self\">Interim Management<\/a><\/h3>\n\t\t\t\t\t\t\t\t<span class=\"desc\"><\/span>\n\t\t\t\t\t\t\t<\/div>\n\t\t\t\t\t\t<\/div>\n\t\t\t\t\t\t\n\t\t\t\t\t<\/div><\/div><\/div><\/div><\/div>[\/vc_column][\/vc_row]<\/p>\n<\/div>","protected":false},"excerpt":{"rendered":"<p>[vc_row css=&#8221;.vc_custom_1655455739438{margin-top: 20px !important;}&#8221;][vc_column][vc_empty_space][\/vc_column][\/vc_row][vc_row][vc_column][\/vc_column][\/vc_row]<\/p>\n","protected":false},"author":2,"featured_media":8175,"parent":8451,"menu_order":0,"comment_status":"closed","ping_status":"closed","template":"","meta":{"footnotes":""},"class_list":["post-8460","page","type-page","status-publish","has-post-thumbnail","hentry"],"yoast_head":"<!-- This site is optimized with the Yoast SEO plugin v25.8 - https:\/\/yoast.com\/wordpress\/plugins\/seo\/ -->\n<title>Antolakuntzako adimena | Cei Consultor\u00eda<\/title>\n<meta name=\"description\" content=\"Erakundearen berrikuntza gaitasunaren diagnostikoa egitea. Aztertu zure gaitasuna, nahia eta boterea.\" \/>\n<meta name=\"robots\" content=\"index, follow, max-snippet:-1, max-image-preview:large, max-video-preview:-1\" \/>\n<link rel=\"canonical\" href=\"https:\/\/ceiconsultoria.net\/eu\/zerbitzuak\/estrategia-prozesuen-hobekuntza-eta-eraginkortasun-operatiboa\/antolakuntzako-adimena-eta-berrikuntza-gaitasuna\/\" \/>\n<meta property=\"og:locale\" content=\"eu_ES\" \/>\n<meta property=\"og:type\" content=\"article\" \/>\n<meta property=\"og:title\" content=\"Antolakuntzako adimena | Cei Consultor\u00eda\" \/>\n<meta property=\"og:description\" content=\"Erakundearen berrikuntza gaitasunaren diagnostikoa egitea. Aztertu zure gaitasuna, nahia eta boterea.\" \/>\n<meta property=\"og:url\" content=\"https:\/\/ceiconsultoria.net\/eu\/zerbitzuak\/estrategia-prozesuen-hobekuntza-eta-eraginkortasun-operatiboa\/antolakuntzako-adimena-eta-berrikuntza-gaitasuna\/\" \/>\n<meta property=\"og:site_name\" content=\"Cei Consultor\u00eda\" \/>\n<meta property=\"article:publisher\" content=\"https:\/\/www.facebook.com\/GrupoCei\" \/>\n<meta property=\"article:modified_time\" content=\"2023-04-26T08:30:17+00:00\" \/>\n<meta property=\"og:image\" content=\"https:\/\/ceiconsultoria.net\/wp-content\/uploads\/2023\/02\/PROCESOS-BAJA.jpg\" \/>\n\t<meta property=\"og:image:width\" content=\"720\" \/>\n\t<meta property=\"og:image:height\" content=\"480\" \/>\n\t<meta property=\"og:image:type\" content=\"image\/jpeg\" \/>\n<meta name=\"twitter:card\" content=\"summary_large_image\" \/>\n<meta name=\"twitter:site\" content=\"@GrupoCei\" \/>\n<meta name=\"twitter:label1\" content=\"Est. reading time\" \/>\n\t<meta name=\"twitter:data1\" content=\"1 minute\" \/>\n<script type=\"application\/ld+json\" class=\"yoast-schema-graph\">{\"@context\":\"https:\/\/schema.org\",\"@graph\":[{\"@type\":\"WebPage\",\"@id\":\"https:\/\/ceiconsultoria.net\/eu\/zerbitzuak\/estrategia-prozesuen-hobekuntza-eta-eraginkortasun-operatiboa\/antolakuntzako-adimena-eta-berrikuntza-gaitasuna\/\",\"url\":\"https:\/\/ceiconsultoria.net\/eu\/zerbitzuak\/estrategia-prozesuen-hobekuntza-eta-eraginkortasun-operatiboa\/antolakuntzako-adimena-eta-berrikuntza-gaitasuna\/\",\"name\":\"Antolakuntzako adimena | Cei Consultor\u00eda\",\"isPartOf\":{\"@id\":\"https:\/\/ceiconsultoria.net\/eu\/#website\"},\"primaryImageOfPage\":{\"@id\":\"https:\/\/ceiconsultoria.net\/eu\/zerbitzuak\/estrategia-prozesuen-hobekuntza-eta-eraginkortasun-operatiboa\/antolakuntzako-adimena-eta-berrikuntza-gaitasuna\/#primaryimage\"},\"image\":{\"@id\":\"https:\/\/ceiconsultoria.net\/eu\/zerbitzuak\/estrategia-prozesuen-hobekuntza-eta-eraginkortasun-operatiboa\/antolakuntzako-adimena-eta-berrikuntza-gaitasuna\/#primaryimage\"},\"thumbnailUrl\":\"https:\/\/ceiconsultoria.net\/wp-content\/uploads\/2023\/02\/PROCESOS-BAJA.jpg\",\"datePublished\":\"2023-01-04T11:54:15+00:00\",\"dateModified\":\"2023-04-26T08:30:17+00:00\",\"description\":\"Erakundearen berrikuntza gaitasunaren diagnostikoa egitea. Aztertu zure gaitasuna, nahia eta boterea.\",\"breadcrumb\":{\"@id\":\"https:\/\/ceiconsultoria.net\/eu\/zerbitzuak\/estrategia-prozesuen-hobekuntza-eta-eraginkortasun-operatiboa\/antolakuntzako-adimena-eta-berrikuntza-gaitasuna\/#breadcrumb\"},\"inLanguage\":\"eu-ES\",\"potentialAction\":[{\"@type\":\"ReadAction\",\"target\":[\"https:\/\/ceiconsultoria.net\/eu\/zerbitzuak\/estrategia-prozesuen-hobekuntza-eta-eraginkortasun-operatiboa\/antolakuntzako-adimena-eta-berrikuntza-gaitasuna\/\"]}]},{\"@type\":\"ImageObject\",\"inLanguage\":\"eu-ES\",\"@id\":\"https:\/\/ceiconsultoria.net\/eu\/zerbitzuak\/estrategia-prozesuen-hobekuntza-eta-eraginkortasun-operatiboa\/antolakuntzako-adimena-eta-berrikuntza-gaitasuna\/#primaryimage\",\"url\":\"https:\/\/ceiconsultoria.net\/wp-content\/uploads\/2023\/02\/PROCESOS-BAJA.jpg\",\"contentUrl\":\"https:\/\/ceiconsultoria.net\/wp-content\/uploads\/2023\/02\/PROCESOS-BAJA.jpg\",\"width\":720,\"height\":480},{\"@type\":\"BreadcrumbList\",\"@id\":\"https:\/\/ceiconsultoria.net\/eu\/zerbitzuak\/estrategia-prozesuen-hobekuntza-eta-eraginkortasun-operatiboa\/antolakuntzako-adimena-eta-berrikuntza-gaitasuna\/#breadcrumb\",\"itemListElement\":[{\"@type\":\"ListItem\",\"position\":1,\"name\":\"Inicio\",\"item\":\"https:\/\/ceiconsultoria.net\/eu\/\"},{\"@type\":\"ListItem\",\"position\":2,\"name\":\"Zerbitzuak\",\"item\":\"https:\/\/ceiconsultoria.net\/eu\/zerbitzuak\/\"},{\"@type\":\"ListItem\",\"position\":3,\"name\":\"Estrategia, prozesuen hobekuntza eta eraginkortasun operatiboa\",\"item\":\"https:\/\/ceiconsultoria.net\/eu\/zerbitzuak\/estrategia-prozesuen-hobekuntza-eta-eraginkortasun-operatiboa\/\"},{\"@type\":\"ListItem\",\"position\":4,\"name\":\"Antolakuntzako adimena eta berrikuntza gaitasuna\"}]},{\"@type\":\"WebSite\",\"@id\":\"https:\/\/ceiconsultoria.net\/eu\/#website\",\"url\":\"https:\/\/ceiconsultoria.net\/eu\/\",\"name\":\"Cei Consultor\u00eda\",\"description\":\"Asesoramiento en gesti\u00f3n empresarial de innovaci\u00f3n y organizaci\u00f3n para adaptarse a los modelos de negocio que permitan a la empresa competir en la mejor posici\u00f3n.\",\"publisher\":{\"@id\":\"https:\/\/ceiconsultoria.net\/eu\/#organization\"},\"potentialAction\":[{\"@type\":\"SearchAction\",\"target\":{\"@type\":\"EntryPoint\",\"urlTemplate\":\"https:\/\/ceiconsultoria.net\/eu\/?s={search_term_string}\"},\"query-input\":{\"@type\":\"PropertyValueSpecification\",\"valueRequired\":true,\"valueName\":\"search_term_string\"}}],\"inLanguage\":\"eu-ES\"},{\"@type\":\"Organization\",\"@id\":\"https:\/\/ceiconsultoria.net\/eu\/#organization\",\"name\":\"Cei Consultor\u00eda\",\"url\":\"https:\/\/ceiconsultoria.net\/eu\/\",\"logo\":{\"@type\":\"ImageObject\",\"inLanguage\":\"eu-ES\",\"@id\":\"https:\/\/ceiconsultoria.net\/eu\/#\/schema\/logo\/image\/\",\"url\":\"https:\/\/ceiconsultoria.net\/wp-content\/uploads\/2020\/12\/cei-consultoria-l.png\",\"contentUrl\":\"https:\/\/ceiconsultoria.net\/wp-content\/uploads\/2020\/12\/cei-consultoria-l.png\",\"width\":208,\"height\":50,\"caption\":\"Cei Consultor\u00eda\"},\"image\":{\"@id\":\"https:\/\/ceiconsultoria.net\/eu\/#\/schema\/logo\/image\/\"},\"sameAs\":[\"https:\/\/www.facebook.com\/GrupoCei\",\"https:\/\/x.com\/GrupoCei\",\"https:\/\/es.linkedin.com\/company\/consultoria-cei\"]}]}<\/script>\n<!-- \/ Yoast SEO plugin. -->","yoast_head_json":{"title":"Antolakuntzako adimena | Cei Consultor\u00eda","description":"Erakundearen berrikuntza gaitasunaren diagnostikoa egitea. Aztertu zure gaitasuna, nahia eta boterea.","robots":{"index":"index","follow":"follow","max-snippet":"max-snippet:-1","max-image-preview":"max-image-preview:large","max-video-preview":"max-video-preview:-1"},"canonical":"https:\/\/ceiconsultoria.net\/eu\/zerbitzuak\/estrategia-prozesuen-hobekuntza-eta-eraginkortasun-operatiboa\/antolakuntzako-adimena-eta-berrikuntza-gaitasuna\/","og_locale":"eu_ES","og_type":"article","og_title":"Antolakuntzako adimena | Cei Consultor\u00eda","og_description":"Erakundearen berrikuntza gaitasunaren diagnostikoa egitea. Aztertu zure gaitasuna, nahia eta boterea.","og_url":"https:\/\/ceiconsultoria.net\/eu\/zerbitzuak\/estrategia-prozesuen-hobekuntza-eta-eraginkortasun-operatiboa\/antolakuntzako-adimena-eta-berrikuntza-gaitasuna\/","og_site_name":"Cei Consultor\u00eda","article_publisher":"https:\/\/www.facebook.com\/GrupoCei","article_modified_time":"2023-04-26T08:30:17+00:00","og_image":[{"width":720,"height":480,"url":"https:\/\/ceiconsultoria.net\/wp-content\/uploads\/2023\/02\/PROCESOS-BAJA.jpg","type":"image\/jpeg"}],"twitter_card":"summary_large_image","twitter_site":"@GrupoCei","twitter_misc":{"Est. reading time":"1 minute"},"schema":{"@context":"https:\/\/schema.org","@graph":[{"@type":"WebPage","@id":"https:\/\/ceiconsultoria.net\/eu\/zerbitzuak\/estrategia-prozesuen-hobekuntza-eta-eraginkortasun-operatiboa\/antolakuntzako-adimena-eta-berrikuntza-gaitasuna\/","url":"https:\/\/ceiconsultoria.net\/eu\/zerbitzuak\/estrategia-prozesuen-hobekuntza-eta-eraginkortasun-operatiboa\/antolakuntzako-adimena-eta-berrikuntza-gaitasuna\/","name":"Antolakuntzako adimena | Cei Consultor\u00eda","isPartOf":{"@id":"https:\/\/ceiconsultoria.net\/eu\/#website"},"primaryImageOfPage":{"@id":"https:\/\/ceiconsultoria.net\/eu\/zerbitzuak\/estrategia-prozesuen-hobekuntza-eta-eraginkortasun-operatiboa\/antolakuntzako-adimena-eta-berrikuntza-gaitasuna\/#primaryimage"},"image":{"@id":"https:\/\/ceiconsultoria.net\/eu\/zerbitzuak\/estrategia-prozesuen-hobekuntza-eta-eraginkortasun-operatiboa\/antolakuntzako-adimena-eta-berrikuntza-gaitasuna\/#primaryimage"},"thumbnailUrl":"https:\/\/ceiconsultoria.net\/wp-content\/uploads\/2023\/02\/PROCESOS-BAJA.jpg","datePublished":"2023-01-04T11:54:15+00:00","dateModified":"2023-04-26T08:30:17+00:00","description":"Erakundearen berrikuntza gaitasunaren diagnostikoa egitea. Aztertu zure gaitasuna, nahia eta boterea.","breadcrumb":{"@id":"https:\/\/ceiconsultoria.net\/eu\/zerbitzuak\/estrategia-prozesuen-hobekuntza-eta-eraginkortasun-operatiboa\/antolakuntzako-adimena-eta-berrikuntza-gaitasuna\/#breadcrumb"},"inLanguage":"eu-ES","potentialAction":[{"@type":"ReadAction","target":["https:\/\/ceiconsultoria.net\/eu\/zerbitzuak\/estrategia-prozesuen-hobekuntza-eta-eraginkortasun-operatiboa\/antolakuntzako-adimena-eta-berrikuntza-gaitasuna\/"]}]},{"@type":"ImageObject","inLanguage":"eu-ES","@id":"https:\/\/ceiconsultoria.net\/eu\/zerbitzuak\/estrategia-prozesuen-hobekuntza-eta-eraginkortasun-operatiboa\/antolakuntzako-adimena-eta-berrikuntza-gaitasuna\/#primaryimage","url":"https:\/\/ceiconsultoria.net\/wp-content\/uploads\/2023\/02\/PROCESOS-BAJA.jpg","contentUrl":"https:\/\/ceiconsultoria.net\/wp-content\/uploads\/2023\/02\/PROCESOS-BAJA.jpg","width":720,"height":480},{"@type":"BreadcrumbList","@id":"https:\/\/ceiconsultoria.net\/eu\/zerbitzuak\/estrategia-prozesuen-hobekuntza-eta-eraginkortasun-operatiboa\/antolakuntzako-adimena-eta-berrikuntza-gaitasuna\/#breadcrumb","itemListElement":[{"@type":"ListItem","position":1,"name":"Inicio","item":"https:\/\/ceiconsultoria.net\/eu\/"},{"@type":"ListItem","position":2,"name":"Zerbitzuak","item":"https:\/\/ceiconsultoria.net\/eu\/zerbitzuak\/"},{"@type":"ListItem","position":3,"name":"Estrategia, prozesuen hobekuntza eta eraginkortasun operatiboa","item":"https:\/\/ceiconsultoria.net\/eu\/zerbitzuak\/estrategia-prozesuen-hobekuntza-eta-eraginkortasun-operatiboa\/"},{"@type":"ListItem","position":4,"name":"Antolakuntzako adimena eta berrikuntza gaitasuna"}]},{"@type":"WebSite","@id":"https:\/\/ceiconsultoria.net\/eu\/#website","url":"https:\/\/ceiconsultoria.net\/eu\/","name":"Cei Consultor\u00eda","description":"Asesoramiento en gesti\u00f3n empresarial de innovaci\u00f3n y organizaci\u00f3n para adaptarse a los modelos de negocio que permitan a la empresa competir en la mejor posici\u00f3n.","publisher":{"@id":"https:\/\/ceiconsultoria.net\/eu\/#organization"},"potentialAction":[{"@type":"SearchAction","target":{"@type":"EntryPoint","urlTemplate":"https:\/\/ceiconsultoria.net\/eu\/?s={search_term_string}"},"query-input":{"@type":"PropertyValueSpecification","valueRequired":true,"valueName":"search_term_string"}}],"inLanguage":"eu-ES"},{"@type":"Organization","@id":"https:\/\/ceiconsultoria.net\/eu\/#organization","name":"Cei Consultor\u00eda","url":"https:\/\/ceiconsultoria.net\/eu\/","logo":{"@type":"ImageObject","inLanguage":"eu-ES","@id":"https:\/\/ceiconsultoria.net\/eu\/#\/schema\/logo\/image\/","url":"https:\/\/ceiconsultoria.net\/wp-content\/uploads\/2020\/12\/cei-consultoria-l.png","contentUrl":"https:\/\/ceiconsultoria.net\/wp-content\/uploads\/2020\/12\/cei-consultoria-l.png","width":208,"height":50,"caption":"Cei Consultor\u00eda"},"image":{"@id":"https:\/\/ceiconsultoria.net\/eu\/#\/schema\/logo\/image\/"},"sameAs":["https:\/\/www.facebook.com\/GrupoCei","https:\/\/x.com\/GrupoCei","https:\/\/es.linkedin.com\/company\/consultoria-cei"]}]}},"_links":{"self":[{"href":"https:\/\/ceiconsultoria.net\/eu\/wp-json\/wp\/v2\/pages\/8460","targetHints":{"allow":["GET"]}}],"collection":[{"href":"https:\/\/ceiconsultoria.net\/eu\/wp-json\/wp\/v2\/pages"}],"about":[{"href":"https:\/\/ceiconsultoria.net\/eu\/wp-json\/wp\/v2\/types\/page"}],"author":[{"embeddable":true,"href":"https:\/\/ceiconsultoria.net\/eu\/wp-json\/wp\/v2\/users\/2"}],"replies":[{"embeddable":true,"href":"https:\/\/ceiconsultoria.net\/eu\/wp-json\/wp\/v2\/comments?post=8460"}],"version-history":[{"count":5,"href":"https:\/\/ceiconsultoria.net\/eu\/wp-json\/wp\/v2\/pages\/8460\/revisions"}],"predecessor-version":[{"id":8544,"href":"https:\/\/ceiconsultoria.net\/eu\/wp-json\/wp\/v2\/pages\/8460\/revisions\/8544"}],"up":[{"embeddable":true,"href":"https:\/\/ceiconsultoria.net\/eu\/wp-json\/wp\/v2\/pages\/8451"}],"wp:featuredmedia":[{"embeddable":true,"href":"https:\/\/ceiconsultoria.net\/eu\/wp-json\/wp\/v2\/media\/8175"}],"wp:attachment":[{"href":"https:\/\/ceiconsultoria.net\/eu\/wp-json\/wp\/v2\/media?parent=8460"}],"curies":[{"name":"wp","href":"https:\/\/api.w.org\/{rel}","templated":true}]}}