{"id":8454,"date":"2021-04-29T08:41:02","date_gmt":"2021-04-29T06:41:02","guid":{"rendered":"https:\/\/ceiconsultoria.net\/zerbitzuak\/estrategia-prozesuen-hobekuntza-eta-eraginkortasun-operatiboa\/prozesuen-aholkularitza\/"},"modified":"2023-04-26T10:32:57","modified_gmt":"2023-04-26T08:32:57","slug":"prozesuen-aholkularitza","status":"publish","type":"page","link":"https:\/\/ceiconsultoria.net\/eu\/zerbitzuak\/estrategia-prozesuen-hobekuntza-eta-eraginkortasun-operatiboa\/prozesuen-aholkularitza\/","title":{"rendered":"Prozesuen aholkularitza"},"content":{"rendered":"<div class=\"wpb-content-wrapper\"><p>[vc_row][vc_column]<div class=\"content_section\" style=\"border-color:#e4e4e4;border-style: none;border-top-width: 1px;border-right-width: 0px;border-bottom-width: 1px;border-left-width: 0px;\"><div class=\"hm_no_overlay\" style=\"\"><div class=\"container\"><span class=\" description1\" style=\"text-transform: none;\">Zerbitzu honen oinarrizko helburua negozioaren eta\/edo industria-prozesuen azterketa eta optimizazioa da, enpresaren kudeaketa eta eraginkortasun operatiboa lortzeko. Proiektuaren ikuspegia globala izan daiteke, erakundearen prozesu guztien analisi orokor batean oinarrituta eta, horiek lehenetsi ondoren, haien optimizazioak ekar diezazkigun abantailarik kritikoenetan edo handienetan arreta jarriz, edo enpresak zuzendutako ikuspegi batekin.<\/span><\/div><\/div><\/div>[\/vc_column][\/vc_row][vc_row][vc_column]<div class=\"content_section\" style=\"\"><div class=\"hm_no_overlay\" style=\"padding-top:20px;padding-bottom:90px;\"><div class=\"container\"><ul class=\"list3 clearfix\"><li>Prozesuaren mapa prestatzea.<\/li><li>AS IS prozesuen diseinua. Prozesuen definizioa, dokumentazioa eta katalogazioa.<\/li><li>Prozesuei lehentasuna ematea irizpide operatiboen eta negozioaren arabera.<\/li><li>Prozesu amaierako analisia. BPM \/ BPR.<\/li><li>TO BE prozesuaren diseinua. Definizioa, dokumentazioa, RASCI, PEPSU\/SIPOC, etab.<\/li><li>TO BE eredua lortzeko ekintza plana.<\/li><li>Adierazleak\/metrikoak ezartzea, jarraipen-sistemak, jarraipena eta bilakaera, ardurak, etab.<\/li><li>Inplikatutako pertsona guztien ekintzak identifikatzea eta normalizatzea.<\/li><li>Eraginkortasunik eza, atzerapenak, eskuzko lanak, zereginak bikoiztea, etab sor ditzaketen arrazoiak ezabatu. arau\/ohitura desegokiak sinplifikatzea edo\/eta desagerraraztea sustatzea.<\/li><li>Dauden baliabideak, giza zein materialak (kudeaketa tresnak, IKTak&#8230;) aprobetxatzea eta sor daitezkeen behar berriak baloratzea (prestakuntza, prozesuaren automatizazioa edota zenbait zeregin, etab.).<\/li><li>Eraginkortasun ekonomikoa. Faseak birdefinitzeak, horietako batzuk paraleloki prestatzea erraztuz, geldialdi-denborak ezabatzeak, eskuzko eta\/edo errepikatutako zereginak ezabatzeak eta zereginen automatizazioak, akatsak egiteko aukera gutxitzen dute eta exekuzio denbora orokorra nabarmen murrizten dute. negozio-prozesuak. Modelatu eta metrikak emanez, beharrezkoak ez diren zereginak identifikatzea ahalbidetzen du prozesuak desagerrarazteko eta kuantifikatzeko terminoen eta baliabideen kontsumoaren arabera.<\/li><\/ul>[vc_empty_space]<a class=\"btn_a medium_btn color1 ideal_button1\" target=\"_self\" href=\"https:\/\/ceiconsultoria.net\/eu\/kontaktua\/\" style=\"margin-top:0px;margin-bottom:0px;\">\n\t\t\t\t\t\t<span style=\"background-color:#fd6315;\">\n\t\t\t\t\t\t\t<i class=\"in_left ico-angle-right\"><\/i>\n\t\t\t\t\t\t\t<span>Informazioa eskatu<\/span>\n\t\t\t\t\t\t\t<i class=\"in_right ico-angle-right\"><\/i>\n\t\t\t\t\t\t<\/span>\n\t\t\t\t\t<\/a><style>.ideal_button1{background-color:#fd6315 !important;border-color:#fd6315 !important;color:#fff;}.ideal_button1:hover{background-color:#fd6315 !important;border-color:#fd6315 !important;color:#fff;}<\/style><\/div><\/div><\/div>[\/vc_column][\/vc_row][vc_row][vc_column]<div class=\"content_section\" style=\"border-color:#e4e4e4;border-style: solid;border-top-width: 0px;border-right-width: 0px;border-bottom-width: 0px;border-left-width: 0px;\"><div class=\"hm_no_overlay\" style=\"\"><div class=\"container\">[vc_empty_space height=&#8221;50px&#8221;]<div class=\"icon_boxes_con style1 circle just_icon_border clearfix just_style3\"><div class=\"col-md-3 animated\" data-animation=\"fadeInLeft\" data-animation-delay=\"300\"><div class=\"service_box\">\n\t\t\t\t\t\t\t<span class=\"icon hm_icon_num1\"><i class=\"ico-sort\"><\/i><\/span>\n\t\t\t\t\t\t\t<div class=\"service_box_con centered\">\n\t\t\t\t\t\t\t\t<h3><a href=\"https:\/\/ceiconsultoria.net\/eu\/zerbitzuak\/estrategia-prozesuen-hobekuntza-eta-eraginkortasun-operatiboa\/hausnarketa-eta-hedapen-estrategikoa\/\" target=\"_self\">Hausnarketa eta hedapen estrategikoa<\/a><\/h3>\n\t\t\t\t\t\t\t\t<span class=\"desc\"><\/span>\n\t\t\t\t\t\t\t<\/div>\n\t\t\t\t\t\t<\/div>\n\t\t\t\t\t\t\n\t\t\t\t\t<\/div><div class=\"col-md-3 animated\" data-animation=\"fadeInLeft\" data-animation-delay=\"400\"><div class=\"service_box\">\n\t\t\t\t\t\t\t<span class=\"icon hm_icon_num2\"><i class=\"ico-sitemap\"><\/i><\/span>\n\t\t\t\t\t\t\t<div class=\"service_box_con centered\">\n\t\t\t\t\t\t\t\t<h3><a href=\"https:\/\/ceiconsultoria.net\/eu\/zerbitzuak\/estrategia-prozesuen-hobekuntza-eta-eraginkortasun-operatiboa\/antolakuntza-diagnostikoa\/\" target=\"_self\">Antolakuntza-diagnostikoa<\/a><\/h3>\n\t\t\t\t\t\t\t\t<span class=\"desc\"><\/span>\n\t\t\t\t\t\t\t<\/div>\n\t\t\t\t\t\t<\/div>\n\t\t\t\t\t\t\n\t\t\t\t\t<\/div><div class=\"col-md-3 animated\" data-animation=\"fadeInLeft\" data-animation-delay=\"500\"><div class=\"service_box\">\n\t\t\t\t\t\t\t<span class=\"icon hm_icon_num3\"><i class=\"ico-tasks\"><\/i><\/span>\n\t\t\t\t\t\t\t<div class=\"service_box_con centered\">\n\t\t\t\t\t\t\t\t<h3><a href=\"https:\/\/ceiconsultoria.net\/eu\/zerbitzuak\/estrategia-prozesuen-hobekuntza-eta-eraginkortasun-operatiboa\/kudeaketa-metodologia-eta-tekniken-analisia-eta-aldaketa\/\" target=\"_self\">Kudeaketa-metodologia eta tekniken analisia eta ezarpena<\/a><\/h3>\n\t\t\t\t\t\t\t\t<span class=\"desc\"><\/span>\n\t\t\t\t\t\t\t<\/div>\n\t\t\t\t\t\t<\/div>\n\t\t\t\t\t\t\n\t\t\t\t\t<\/div><div class=\"col-md-3 animated\" data-animation=\"fadeInLeft\" data-animation-delay=\"600\"><div class=\"service_box\">\n\t\t\t\t\t\t\t<span class=\"icon hm_icon_num4\"><i class=\"ico-briefcase2\"><\/i><\/span>\n\t\t\t\t\t\t\t<div class=\"service_box_con centered\">\n\t\t\t\t\t\t\t\t<h3><a href=\"https:\/\/ceiconsultoria.net\/eu\/zerbitzuak\/estrategia-prozesuen-hobekuntza-eta-eraginkortasun-operatiboa\/prozesuen-aholkularitza\/\" target=\"_self\">Prozesuen aholkularitza<\/a><\/h3>\n\t\t\t\t\t\t\t\t<span class=\"desc\"><\/span>\n\t\t\t\t\t\t\t<\/div>\n\t\t\t\t\t\t<\/div>\n\t\t\t\t\t\t\n\t\t\t\t\t<\/div><\/div><div class=\"icon_boxes_con style1 circle just_icon_border clearfix just_style3\"><div class=\"col-md-3 animated\" data-animation=\"fadeInLeft\" data-animation-delay=\"300\"><div class=\"service_box\">\n\t\t\t\t\t\t\t<span class=\"icon hm_icon_num5\"><i class=\"ico-briefcase2\"><\/i><\/span>\n\t\t\t\t\t\t\t<div class=\"service_box_con centered\">\n\t\t\t\t\t\t\t\t<h3><a href=\"https:\/\/ceiconsultoria.net\/eu\/zerbitzuak\/estrategia-prozesuen-hobekuntza-eta-eraginkortasun-operatiboa\/antolaketa-aholkularitza\/\" target=\"_self\">Antolaketa aholkularitza<\/a><\/h3>\n\t\t\t\t\t\t\t\t<span class=\"desc\"><\/span>\n\t\t\t\t\t\t\t<\/div>\n\t\t\t\t\t\t<\/div>\n\t\t\t\t\t\t\n\t\t\t\t\t<\/div><div class=\"col-md-3 animated\" data-animation=\"fadeInLeft\" data-animation-delay=\"400\"><div class=\"service_box\">\n\t\t\t\t\t\t\t<span class=\"icon hm_icon_num6\"><i class=\"ico-tachometer\"><\/i><\/span>\n\t\t\t\t\t\t\t<div class=\"service_box_con centered\">\n\t\t\t\t\t\t\t\t<h3><a href=\"https:\/\/ceiconsultoria.net\/eu\/zerbitzuak\/estrategia-prozesuen-hobekuntza-eta-eraginkortasun-operatiboa\/antolakuntzako-adimena-eta-berrikuntza-gaitasuna\/\" target=\"_self\">Antolakuntzako adimena eta berrikuntza gaitasuna<\/a><\/h3>\n\t\t\t\t\t\t\t\t<span class=\"desc\"><\/span>\n\t\t\t\t\t\t\t<\/div>\n\t\t\t\t\t\t<\/div>\n\t\t\t\t\t\t\n\t\t\t\t\t<\/div><div class=\"col-md-3 animated\" data-animation=\"fadeInLeft\" data-animation-delay=\"500\"><div class=\"service_box\">\n\t\t\t\t\t\t\t<span class=\"icon hm_icon_num7\"><i class=\"ico-paste2\"><\/i><\/span>\n\t\t\t\t\t\t\t<div class=\"service_box_con centered\">\n\t\t\t\t\t\t\t\t<h3><a href=\"https:\/\/ceiconsultoria.net\/eu\/zerbitzuak\/estrategia-prozesuen-hobekuntza-eta-eraginkortasun-operatiboa\/interim-management\/\" target=\"_self\">Interim Management<\/a><\/h3>\n\t\t\t\t\t\t\t\t<span class=\"desc\"><\/span>\n\t\t\t\t\t\t\t<\/div>\n\t\t\t\t\t\t<\/div>\n\t\t\t\t\t\t\n\t\t\t\t\t<\/div><\/div><\/div><\/div><\/div>[\/vc_column][\/vc_row]<\/p>\n<\/div>","protected":false},"excerpt":{"rendered":"<p>[vc_row][vc_column][\/vc_column][\/vc_row][vc_row][vc_column][\/vc_column][\/vc_row][vc_row][vc_column][\/vc_column][\/vc_row]<\/p>\n","protected":false},"author":1,"featured_media":8175,"parent":8451,"menu_order":0,"comment_status":"closed","ping_status":"closed","template":"","meta":{"footnotes":""},"class_list":["post-8454","page","type-page","status-publish","has-post-thumbnail","hentry"],"yoast_head":"<!-- This site is optimized with the Yoast SEO plugin v25.8 - https:\/\/yoast.com\/wordpress\/plugins\/seo\/ -->\n<title>Prozesuen aholkularitza | Cei Consultor\u00eda<\/title>\n<meta name=\"description\" content=\"Cei Consultoria-tik enpresen zorra berregituratzeko eta birfinantzatzeko aholkularitza eta laguntza eskaintzen dugu.\" \/>\n<meta name=\"robots\" content=\"index, follow, max-snippet:-1, max-image-preview:large, max-video-preview:-1\" \/>\n<link rel=\"canonical\" href=\"https:\/\/ceiconsultoria.net\/eu\/zerbitzuak\/estrategia-prozesuen-hobekuntza-eta-eraginkortasun-operatiboa\/prozesuen-aholkularitza\/\" \/>\n<meta property=\"og:locale\" content=\"eu_ES\" \/>\n<meta property=\"og:type\" content=\"article\" \/>\n<meta property=\"og:title\" content=\"Prozesuen aholkularitza | Cei Consultor\u00eda\" \/>\n<meta property=\"og:description\" content=\"Cei Consultoria-tik enpresen zorra berregituratzeko eta birfinantzatzeko aholkularitza eta laguntza eskaintzen dugu.\" \/>\n<meta property=\"og:url\" content=\"https:\/\/ceiconsultoria.net\/eu\/zerbitzuak\/estrategia-prozesuen-hobekuntza-eta-eraginkortasun-operatiboa\/prozesuen-aholkularitza\/\" \/>\n<meta property=\"og:site_name\" content=\"Cei Consultor\u00eda\" \/>\n<meta property=\"article:publisher\" content=\"https:\/\/www.facebook.com\/GrupoCei\" \/>\n<meta property=\"article:modified_time\" content=\"2023-04-26T08:32:57+00:00\" \/>\n<meta property=\"og:image\" content=\"https:\/\/ceiconsultoria.net\/wp-content\/uploads\/2023\/02\/PROCESOS-BAJA.jpg\" \/>\n\t<meta property=\"og:image:width\" content=\"720\" \/>\n\t<meta property=\"og:image:height\" content=\"480\" \/>\n\t<meta property=\"og:image:type\" content=\"image\/jpeg\" \/>\n<meta name=\"twitter:card\" content=\"summary_large_image\" \/>\n<meta name=\"twitter:site\" content=\"@GrupoCei\" \/>\n<meta name=\"twitter:label1\" content=\"Est. reading time\" \/>\n\t<meta name=\"twitter:data1\" content=\"2 minutes\" \/>\n<script type=\"application\/ld+json\" class=\"yoast-schema-graph\">{\"@context\":\"https:\/\/schema.org\",\"@graph\":[{\"@type\":\"WebPage\",\"@id\":\"https:\/\/ceiconsultoria.net\/eu\/zerbitzuak\/estrategia-prozesuen-hobekuntza-eta-eraginkortasun-operatiboa\/prozesuen-aholkularitza\/\",\"url\":\"https:\/\/ceiconsultoria.net\/eu\/zerbitzuak\/estrategia-prozesuen-hobekuntza-eta-eraginkortasun-operatiboa\/prozesuen-aholkularitza\/\",\"name\":\"Prozesuen aholkularitza | Cei Consultor\u00eda\",\"isPartOf\":{\"@id\":\"https:\/\/ceiconsultoria.net\/eu\/#website\"},\"primaryImageOfPage\":{\"@id\":\"https:\/\/ceiconsultoria.net\/eu\/zerbitzuak\/estrategia-prozesuen-hobekuntza-eta-eraginkortasun-operatiboa\/prozesuen-aholkularitza\/#primaryimage\"},\"image\":{\"@id\":\"https:\/\/ceiconsultoria.net\/eu\/zerbitzuak\/estrategia-prozesuen-hobekuntza-eta-eraginkortasun-operatiboa\/prozesuen-aholkularitza\/#primaryimage\"},\"thumbnailUrl\":\"https:\/\/ceiconsultoria.net\/wp-content\/uploads\/2023\/02\/PROCESOS-BAJA.jpg\",\"datePublished\":\"2021-04-29T06:41:02+00:00\",\"dateModified\":\"2023-04-26T08:32:57+00:00\",\"description\":\"Cei Consultoria-tik enpresen zorra berregituratzeko eta birfinantzatzeko aholkularitza eta laguntza eskaintzen dugu.\",\"breadcrumb\":{\"@id\":\"https:\/\/ceiconsultoria.net\/eu\/zerbitzuak\/estrategia-prozesuen-hobekuntza-eta-eraginkortasun-operatiboa\/prozesuen-aholkularitza\/#breadcrumb\"},\"inLanguage\":\"eu-ES\",\"potentialAction\":[{\"@type\":\"ReadAction\",\"target\":[\"https:\/\/ceiconsultoria.net\/eu\/zerbitzuak\/estrategia-prozesuen-hobekuntza-eta-eraginkortasun-operatiboa\/prozesuen-aholkularitza\/\"]}]},{\"@type\":\"ImageObject\",\"inLanguage\":\"eu-ES\",\"@id\":\"https:\/\/ceiconsultoria.net\/eu\/zerbitzuak\/estrategia-prozesuen-hobekuntza-eta-eraginkortasun-operatiboa\/prozesuen-aholkularitza\/#primaryimage\",\"url\":\"https:\/\/ceiconsultoria.net\/wp-content\/uploads\/2023\/02\/PROCESOS-BAJA.jpg\",\"contentUrl\":\"https:\/\/ceiconsultoria.net\/wp-content\/uploads\/2023\/02\/PROCESOS-BAJA.jpg\",\"width\":720,\"height\":480},{\"@type\":\"BreadcrumbList\",\"@id\":\"https:\/\/ceiconsultoria.net\/eu\/zerbitzuak\/estrategia-prozesuen-hobekuntza-eta-eraginkortasun-operatiboa\/prozesuen-aholkularitza\/#breadcrumb\",\"itemListElement\":[{\"@type\":\"ListItem\",\"position\":1,\"name\":\"Inicio\",\"item\":\"https:\/\/ceiconsultoria.net\/eu\/\"},{\"@type\":\"ListItem\",\"position\":2,\"name\":\"Zerbitzuak\",\"item\":\"https:\/\/ceiconsultoria.net\/eu\/zerbitzuak\/\"},{\"@type\":\"ListItem\",\"position\":3,\"name\":\"Estrategia, prozesuen hobekuntza eta eraginkortasun operatiboa\",\"item\":\"https:\/\/ceiconsultoria.net\/eu\/zerbitzuak\/estrategia-prozesuen-hobekuntza-eta-eraginkortasun-operatiboa\/\"},{\"@type\":\"ListItem\",\"position\":4,\"name\":\"Prozesuen aholkularitza\"}]},{\"@type\":\"WebSite\",\"@id\":\"https:\/\/ceiconsultoria.net\/eu\/#website\",\"url\":\"https:\/\/ceiconsultoria.net\/eu\/\",\"name\":\"Cei Consultor\u00eda\",\"description\":\"Asesoramiento en gesti\u00f3n empresarial de innovaci\u00f3n y organizaci\u00f3n para adaptarse a los modelos de negocio que permitan a la empresa competir en la mejor posici\u00f3n.\",\"publisher\":{\"@id\":\"https:\/\/ceiconsultoria.net\/eu\/#organization\"},\"potentialAction\":[{\"@type\":\"SearchAction\",\"target\":{\"@type\":\"EntryPoint\",\"urlTemplate\":\"https:\/\/ceiconsultoria.net\/eu\/?s={search_term_string}\"},\"query-input\":{\"@type\":\"PropertyValueSpecification\",\"valueRequired\":true,\"valueName\":\"search_term_string\"}}],\"inLanguage\":\"eu-ES\"},{\"@type\":\"Organization\",\"@id\":\"https:\/\/ceiconsultoria.net\/eu\/#organization\",\"name\":\"Cei Consultor\u00eda\",\"url\":\"https:\/\/ceiconsultoria.net\/eu\/\",\"logo\":{\"@type\":\"ImageObject\",\"inLanguage\":\"eu-ES\",\"@id\":\"https:\/\/ceiconsultoria.net\/eu\/#\/schema\/logo\/image\/\",\"url\":\"https:\/\/ceiconsultoria.net\/wp-content\/uploads\/2020\/12\/cei-consultoria-l.png\",\"contentUrl\":\"https:\/\/ceiconsultoria.net\/wp-content\/uploads\/2020\/12\/cei-consultoria-l.png\",\"width\":208,\"height\":50,\"caption\":\"Cei Consultor\u00eda\"},\"image\":{\"@id\":\"https:\/\/ceiconsultoria.net\/eu\/#\/schema\/logo\/image\/\"},\"sameAs\":[\"https:\/\/www.facebook.com\/GrupoCei\",\"https:\/\/x.com\/GrupoCei\",\"https:\/\/es.linkedin.com\/company\/consultoria-cei\"]}]}<\/script>\n<!-- \/ Yoast SEO plugin. -->","yoast_head_json":{"title":"Prozesuen aholkularitza | Cei Consultor\u00eda","description":"Cei Consultoria-tik enpresen zorra berregituratzeko eta birfinantzatzeko aholkularitza eta laguntza eskaintzen dugu.","robots":{"index":"index","follow":"follow","max-snippet":"max-snippet:-1","max-image-preview":"max-image-preview:large","max-video-preview":"max-video-preview:-1"},"canonical":"https:\/\/ceiconsultoria.net\/eu\/zerbitzuak\/estrategia-prozesuen-hobekuntza-eta-eraginkortasun-operatiboa\/prozesuen-aholkularitza\/","og_locale":"eu_ES","og_type":"article","og_title":"Prozesuen aholkularitza | Cei Consultor\u00eda","og_description":"Cei Consultoria-tik enpresen zorra berregituratzeko eta birfinantzatzeko aholkularitza eta laguntza eskaintzen dugu.","og_url":"https:\/\/ceiconsultoria.net\/eu\/zerbitzuak\/estrategia-prozesuen-hobekuntza-eta-eraginkortasun-operatiboa\/prozesuen-aholkularitza\/","og_site_name":"Cei Consultor\u00eda","article_publisher":"https:\/\/www.facebook.com\/GrupoCei","article_modified_time":"2023-04-26T08:32:57+00:00","og_image":[{"width":720,"height":480,"url":"https:\/\/ceiconsultoria.net\/wp-content\/uploads\/2023\/02\/PROCESOS-BAJA.jpg","type":"image\/jpeg"}],"twitter_card":"summary_large_image","twitter_site":"@GrupoCei","twitter_misc":{"Est. reading time":"2 minutes"},"schema":{"@context":"https:\/\/schema.org","@graph":[{"@type":"WebPage","@id":"https:\/\/ceiconsultoria.net\/eu\/zerbitzuak\/estrategia-prozesuen-hobekuntza-eta-eraginkortasun-operatiboa\/prozesuen-aholkularitza\/","url":"https:\/\/ceiconsultoria.net\/eu\/zerbitzuak\/estrategia-prozesuen-hobekuntza-eta-eraginkortasun-operatiboa\/prozesuen-aholkularitza\/","name":"Prozesuen aholkularitza | Cei Consultor\u00eda","isPartOf":{"@id":"https:\/\/ceiconsultoria.net\/eu\/#website"},"primaryImageOfPage":{"@id":"https:\/\/ceiconsultoria.net\/eu\/zerbitzuak\/estrategia-prozesuen-hobekuntza-eta-eraginkortasun-operatiboa\/prozesuen-aholkularitza\/#primaryimage"},"image":{"@id":"https:\/\/ceiconsultoria.net\/eu\/zerbitzuak\/estrategia-prozesuen-hobekuntza-eta-eraginkortasun-operatiboa\/prozesuen-aholkularitza\/#primaryimage"},"thumbnailUrl":"https:\/\/ceiconsultoria.net\/wp-content\/uploads\/2023\/02\/PROCESOS-BAJA.jpg","datePublished":"2021-04-29T06:41:02+00:00","dateModified":"2023-04-26T08:32:57+00:00","description":"Cei Consultoria-tik enpresen zorra berregituratzeko eta birfinantzatzeko aholkularitza eta laguntza eskaintzen dugu.","breadcrumb":{"@id":"https:\/\/ceiconsultoria.net\/eu\/zerbitzuak\/estrategia-prozesuen-hobekuntza-eta-eraginkortasun-operatiboa\/prozesuen-aholkularitza\/#breadcrumb"},"inLanguage":"eu-ES","potentialAction":[{"@type":"ReadAction","target":["https:\/\/ceiconsultoria.net\/eu\/zerbitzuak\/estrategia-prozesuen-hobekuntza-eta-eraginkortasun-operatiboa\/prozesuen-aholkularitza\/"]}]},{"@type":"ImageObject","inLanguage":"eu-ES","@id":"https:\/\/ceiconsultoria.net\/eu\/zerbitzuak\/estrategia-prozesuen-hobekuntza-eta-eraginkortasun-operatiboa\/prozesuen-aholkularitza\/#primaryimage","url":"https:\/\/ceiconsultoria.net\/wp-content\/uploads\/2023\/02\/PROCESOS-BAJA.jpg","contentUrl":"https:\/\/ceiconsultoria.net\/wp-content\/uploads\/2023\/02\/PROCESOS-BAJA.jpg","width":720,"height":480},{"@type":"BreadcrumbList","@id":"https:\/\/ceiconsultoria.net\/eu\/zerbitzuak\/estrategia-prozesuen-hobekuntza-eta-eraginkortasun-operatiboa\/prozesuen-aholkularitza\/#breadcrumb","itemListElement":[{"@type":"ListItem","position":1,"name":"Inicio","item":"https:\/\/ceiconsultoria.net\/eu\/"},{"@type":"ListItem","position":2,"name":"Zerbitzuak","item":"https:\/\/ceiconsultoria.net\/eu\/zerbitzuak\/"},{"@type":"ListItem","position":3,"name":"Estrategia, prozesuen hobekuntza eta eraginkortasun operatiboa","item":"https:\/\/ceiconsultoria.net\/eu\/zerbitzuak\/estrategia-prozesuen-hobekuntza-eta-eraginkortasun-operatiboa\/"},{"@type":"ListItem","position":4,"name":"Prozesuen aholkularitza"}]},{"@type":"WebSite","@id":"https:\/\/ceiconsultoria.net\/eu\/#website","url":"https:\/\/ceiconsultoria.net\/eu\/","name":"Cei Consultor\u00eda","description":"Asesoramiento en gesti\u00f3n empresarial de innovaci\u00f3n y organizaci\u00f3n para adaptarse a los modelos de negocio que permitan a la empresa competir en la mejor posici\u00f3n.","publisher":{"@id":"https:\/\/ceiconsultoria.net\/eu\/#organization"},"potentialAction":[{"@type":"SearchAction","target":{"@type":"EntryPoint","urlTemplate":"https:\/\/ceiconsultoria.net\/eu\/?s={search_term_string}"},"query-input":{"@type":"PropertyValueSpecification","valueRequired":true,"valueName":"search_term_string"}}],"inLanguage":"eu-ES"},{"@type":"Organization","@id":"https:\/\/ceiconsultoria.net\/eu\/#organization","name":"Cei Consultor\u00eda","url":"https:\/\/ceiconsultoria.net\/eu\/","logo":{"@type":"ImageObject","inLanguage":"eu-ES","@id":"https:\/\/ceiconsultoria.net\/eu\/#\/schema\/logo\/image\/","url":"https:\/\/ceiconsultoria.net\/wp-content\/uploads\/2020\/12\/cei-consultoria-l.png","contentUrl":"https:\/\/ceiconsultoria.net\/wp-content\/uploads\/2020\/12\/cei-consultoria-l.png","width":208,"height":50,"caption":"Cei Consultor\u00eda"},"image":{"@id":"https:\/\/ceiconsultoria.net\/eu\/#\/schema\/logo\/image\/"},"sameAs":["https:\/\/www.facebook.com\/GrupoCei","https:\/\/x.com\/GrupoCei","https:\/\/es.linkedin.com\/company\/consultoria-cei"]}]}},"_links":{"self":[{"href":"https:\/\/ceiconsultoria.net\/eu\/wp-json\/wp\/v2\/pages\/8454","targetHints":{"allow":["GET"]}}],"collection":[{"href":"https:\/\/ceiconsultoria.net\/eu\/wp-json\/wp\/v2\/pages"}],"about":[{"href":"https:\/\/ceiconsultoria.net\/eu\/wp-json\/wp\/v2\/types\/page"}],"author":[{"embeddable":true,"href":"https:\/\/ceiconsultoria.net\/eu\/wp-json\/wp\/v2\/users\/1"}],"replies":[{"embeddable":true,"href":"https:\/\/ceiconsultoria.net\/eu\/wp-json\/wp\/v2\/comments?post=8454"}],"version-history":[{"count":4,"href":"https:\/\/ceiconsultoria.net\/eu\/wp-json\/wp\/v2\/pages\/8454\/revisions"}],"predecessor-version":[{"id":8546,"href":"https:\/\/ceiconsultoria.net\/eu\/wp-json\/wp\/v2\/pages\/8454\/revisions\/8546"}],"up":[{"embeddable":true,"href":"https:\/\/ceiconsultoria.net\/eu\/wp-json\/wp\/v2\/pages\/8451"}],"wp:featuredmedia":[{"embeddable":true,"href":"https:\/\/ceiconsultoria.net\/eu\/wp-json\/wp\/v2\/media\/8175"}],"wp:attachment":[{"href":"https:\/\/ceiconsultoria.net\/eu\/wp-json\/wp\/v2\/media?parent=8454"}],"curies":[{"name":"wp","href":"https:\/\/api.w.org\/{rel}","templated":true}]}}