{"id":8237,"date":"2019-05-07T09:46:41","date_gmt":"2019-05-07T07:46:41","guid":{"rendered":"https:\/\/ceiconsultoria.net\/zerbitzuak\/kudeaketa-sistemak\/"},"modified":"2023-03-17T10:42:23","modified_gmt":"2023-03-17T09:42:23","slug":"kudeaketa-sistemak","status":"publish","type":"page","link":"https:\/\/ceiconsultoria.net\/eu\/zerbitzuak\/kudeaketa-sistemak\/","title":{"rendered":"Kudeaketa-sistemak"},"content":{"rendered":"<div class=\"wpb-content-wrapper\"><p>[vc_row][vc_column]<div class=\"content_section\" style=\"border-color:#e4e4e4;border-style: solid;border-top-width: 0px;border-right-width: 0px;border-bottom-width: 0px;border-left-width: 0px;\"><div class=\"hm_no_overlay\" style=\"\"><div class=\"container\">[vc_column_text]CEIk zerbitzu integrala ematen du <b>kudeaketa-sistemak<\/b> <b>ezartzeko<\/b>, hasieratik dagokion sistema ziurtatu arte. Prozesu osoan parte hartzen dugu, enpresak ezarritako helbururantz bultzatuz, gure ezagupenen eta enpresa-aholkularitzan esperientzia zabalaren bidez. Gainera, gure teknikariek kudeaketa-sistemei <b>eutsiz<\/b> bermatzen dute prozesuak baldintza berrietara eguneratuko direla.<\/p>\n<p>Beste kudeaketa-arlo batzuetan ere espezializatuta gaude:[\/vc_column_text][vc_empty_space height=&#8221;40px&#8221;]<div class=\"icon_boxes_con style1 circle just_icon_border clearfix just_style3\"><div class=\"col-md-3 animated\" data-animation=\"fadeInLeft\" data-animation-delay=\"300\"><div class=\"service_box\">\n\t\t\t\t\t\t\t<span class=\"icon hm_icon_num1\"><i class=\"ico-users\"><\/i><\/span>\n\t\t\t\t\t\t\t<div class=\"service_box_con centered\">\n\t\t\t\t\t\t\t\t<h3><a href=\"\/eu\/zerbitzuak\/kudeaketa-sistemak\/fsc\/\" target=\"_self\"> FSC Araua - Baso Kudeaketaren Ziurtagiriaren Trazabilitatea<\/a><\/h3>\n\t\t\t\t\t\t\t\t<span class=\"desc\"><\/span>\n\t\t\t\t\t\t\t<\/div>\n\t\t\t\t\t\t<\/div>\n\t\t\t\t\t\t\n\t\t\t\t\t<\/div><div class=\"col-md-3 animated\" data-animation=\"fadeInLeft\" data-animation-delay=\"400\"><div class=\"service_box\">\n\t\t\t\t\t\t\t<span class=\"icon hm_icon_num2\"><i class=\"ico-gears2\"><\/i><\/span>\n\t\t\t\t\t\t\t<div class=\"service_box_con centered\">\n\t\t\t\t\t\t\t\t<h3><a href=\"iso-9001\" target=\"_self\">ISO 9001<\/a><\/h3>\n\t\t\t\t\t\t\t\t<span class=\"desc\"><\/span>\n\t\t\t\t\t\t\t<\/div>\n\t\t\t\t\t\t<\/div>\n\t\t\t\t\t\t\n\t\t\t\t\t<\/div><div class=\"col-md-3 animated\" data-animation=\"fadeInLeft\" data-animation-delay=\"500\"><div class=\"service_box\">\n\t\t\t\t\t\t\t<span class=\"icon hm_icon_num3\"><i class=\"ico-leaf\"><\/i><\/span>\n\t\t\t\t\t\t\t<div class=\"service_box_con centered\">\n\t\t\t\t\t\t\t\t<h3><a href=\"iso-14001\/\" target=\"_self\">ISO 14001<\/a><\/h3>\n\t\t\t\t\t\t\t\t<span class=\"desc\"><\/span>\n\t\t\t\t\t\t\t<\/div>\n\t\t\t\t\t\t<\/div>\n\t\t\t\t\t\t\n\t\t\t\t\t<\/div><div class=\"col-md-3 animated\" data-animation=\"fadeInLeft\" data-animation-delay=\"600\"><div class=\"service_box\">\n\t\t\t\t\t\t\t<span class=\"icon hm_icon_num4\"><i class=\"ico-trophy4\"><\/i><\/span>\n\t\t\t\t\t\t\t<div class=\"service_box_con centered\">\n\t\t\t\t\t\t\t\t<h3><a href=\"iso-14006\/\" target=\"_self\">ISO 14006<\/a><\/h3>\n\t\t\t\t\t\t\t\t<span class=\"desc\"><\/span>\n\t\t\t\t\t\t\t<\/div>\n\t\t\t\t\t\t<\/div>\n\t\t\t\t\t\t\n\t\t\t\t\t<\/div><\/div><div class=\"icon_boxes_con style1 circle just_icon_border clearfix just_style3\"><div class=\"col-md-3 animated\" data-animation=\"fadeInLeft\" data-animation-delay=\"300\"><div class=\"service_box\">\n\t\t\t\t\t\t\t<span class=\"icon hm_icon_num5\"><i class=\"ico-food\"><\/i><\/span>\n\t\t\t\t\t\t\t<div class=\"service_box_con centered\">\n\t\t\t\t\t\t\t\t<h3><a href=\"iso-22000\/\" target=\"_self\">ISO 22000<\/a><\/h3>\n\t\t\t\t\t\t\t\t<span class=\"desc\"><\/span>\n\t\t\t\t\t\t\t<\/div>\n\t\t\t\t\t\t<\/div>\n\t\t\t\t\t\t\n\t\t\t\t\t<\/div><div class=\"col-md-3 animated\" data-animation=\"fadeInLeft\" data-animation-delay=\"400\"><div class=\"service_box\">\n\t\t\t\t\t\t\t<span class=\"icon hm_icon_num6\"><i class=\"ico-lock2\"><\/i><\/span>\n\t\t\t\t\t\t\t<div class=\"service_box_con centered\">\n\t\t\t\t\t\t\t\t<h3><a href=\"iso-27001\/\" target=\"_self\">ISO 27001<\/a><\/h3>\n\t\t\t\t\t\t\t\t<span class=\"desc\"><\/span>\n\t\t\t\t\t\t\t<\/div>\n\t\t\t\t\t\t<\/div>\n\t\t\t\t\t\t\n\t\t\t\t\t<\/div><div class=\"col-md-3 animated\" data-animation=\"fadeInLeft\" data-animation-delay=\"500\"><div class=\"service_box\">\n\t\t\t\t\t\t\t<span class=\"icon hm_icon_num7\"><i class=\"ico-hammer\"><\/i><\/span>\n\t\t\t\t\t\t\t<div class=\"service_box_con centered\">\n\t\t\t\t\t\t\t\t<h3><a href=\"iso-45001\/\" target=\"_self\">ISO 45001<\/a><\/h3>\n\t\t\t\t\t\t\t\t<span class=\"desc\"><\/span>\n\t\t\t\t\t\t\t<\/div>\n\t\t\t\t\t\t<\/div>\n\t\t\t\t\t\t\n\t\t\t\t\t<\/div><div class=\"col-md-3 animated\" data-animation=\"fadeInLeft\" data-animation-delay=\"600\"><div class=\"service_box\">\n\t\t\t\t\t\t\t<span class=\"icon hm_icon_num8\"><i class=\"ico-earth\"><\/i><\/span>\n\t\t\t\t\t\t\t<div class=\"service_box_con centered\">\n\t\t\t\t\t\t\t\t<h3><a href=\"iso-50001\/\" target=\"_self\">ISO 50001<\/a><\/h3>\n\t\t\t\t\t\t\t\t<span class=\"desc\"><\/span>\n\t\t\t\t\t\t\t<\/div>\n\t\t\t\t\t\t<\/div>\n\t\t\t\t\t\t\n\t\t\t\t\t<\/div><\/div><div class=\"icon_boxes_con style1 circle just_icon_border clearfix just_style3\"><div class=\"col-md-3 animated\" data-animation=\"fadeInLeft\" data-animation-delay=\"300\"><div class=\"service_box\">\n\t\t\t\t\t\t\t<span class=\"icon hm_icon_num9\"><i class=\"ico-automobile\"><\/i><\/span>\n\t\t\t\t\t\t\t<div class=\"service_box_con centered\">\n\t\t\t\t\t\t\t\t<h3><a href=\"iatf-16949\/\" target=\"_self\">IATF 16949<\/a><\/h3>\n\t\t\t\t\t\t\t\t<span class=\"desc\"><\/span>\n\t\t\t\t\t\t\t<\/div>\n\t\t\t\t\t\t<\/div>\n\t\t\t\t\t\t\n\t\t\t\t\t<\/div><\/div><\/div><\/div><\/div>[\/vc_column][\/vc_row]<\/p>\n<\/div>","protected":false},"excerpt":{"rendered":"<p>[vc_row][vc_column][\/vc_column][\/vc_row]<\/p>\n","protected":false},"author":1,"featured_media":8173,"parent":8224,"menu_order":1,"comment_status":"open","ping_status":"closed","template":"","meta":{"footnotes":""},"class_list":["post-8237","page","type-page","status-publish","has-post-thumbnail","hentry"],"yoast_head":"<!-- This site is optimized with the Yoast SEO plugin v25.8 - https:\/\/yoast.com\/wordpress\/plugins\/seo\/ -->\n<title>Kudeaketa | Cei Consultor\u00eda<\/title>\n<meta name=\"description\" content=\"Cei-k zerbitzu integrala eskaintzen du kudeaketa-sistemak ezartzeko, hasieratik sistemen ziurtapenera arte.\" \/>\n<meta name=\"robots\" content=\"index, follow, max-snippet:-1, max-image-preview:large, max-video-preview:-1\" \/>\n<link rel=\"canonical\" href=\"https:\/\/ceiconsultoria.net\/eu\/zerbitzuak\/kudeaketa-sistemak\/\" \/>\n<meta property=\"og:locale\" content=\"eu_ES\" \/>\n<meta property=\"og:type\" content=\"article\" \/>\n<meta property=\"og:title\" content=\"Kudeaketa | Cei Consultor\u00eda\" \/>\n<meta property=\"og:description\" content=\"Cei-k zerbitzu integrala eskaintzen du kudeaketa-sistemak ezartzeko, hasieratik sistemen ziurtapenera arte.\" \/>\n<meta property=\"og:url\" content=\"https:\/\/ceiconsultoria.net\/eu\/zerbitzuak\/kudeaketa-sistemak\/\" \/>\n<meta property=\"og:site_name\" content=\"Cei Consultor\u00eda\" \/>\n<meta property=\"article:publisher\" content=\"https:\/\/www.facebook.com\/GrupoCei\" \/>\n<meta property=\"article:modified_time\" content=\"2023-03-17T09:42:23+00:00\" \/>\n<meta property=\"og:image\" content=\"https:\/\/ceiconsultoria.net\/wp-content\/uploads\/2023\/02\/ISO-BAJA.jpg\" \/>\n\t<meta property=\"og:image:width\" content=\"1104\" \/>\n\t<meta property=\"og:image:height\" content=\"707\" \/>\n\t<meta property=\"og:image:type\" content=\"image\/jpeg\" \/>\n<meta name=\"twitter:card\" content=\"summary_large_image\" \/>\n<meta name=\"twitter:site\" content=\"@GrupoCei\" \/>\n<meta name=\"twitter:label1\" content=\"Est. reading time\" \/>\n\t<meta name=\"twitter:data1\" content=\"1 minute\" \/>\n<script type=\"application\/ld+json\" class=\"yoast-schema-graph\">{\"@context\":\"https:\/\/schema.org\",\"@graph\":[{\"@type\":\"WebPage\",\"@id\":\"https:\/\/ceiconsultoria.net\/eu\/zerbitzuak\/kudeaketa-sistemak\/\",\"url\":\"https:\/\/ceiconsultoria.net\/eu\/zerbitzuak\/kudeaketa-sistemak\/\",\"name\":\"Kudeaketa | Cei Consultor\u00eda\",\"isPartOf\":{\"@id\":\"https:\/\/ceiconsultoria.net\/eu\/#website\"},\"primaryImageOfPage\":{\"@id\":\"https:\/\/ceiconsultoria.net\/eu\/zerbitzuak\/kudeaketa-sistemak\/#primaryimage\"},\"image\":{\"@id\":\"https:\/\/ceiconsultoria.net\/eu\/zerbitzuak\/kudeaketa-sistemak\/#primaryimage\"},\"thumbnailUrl\":\"https:\/\/ceiconsultoria.net\/wp-content\/uploads\/2023\/02\/ISO-BAJA.jpg\",\"datePublished\":\"2019-05-07T07:46:41+00:00\",\"dateModified\":\"2023-03-17T09:42:23+00:00\",\"description\":\"Cei-k zerbitzu integrala eskaintzen du kudeaketa-sistemak ezartzeko, hasieratik sistemen ziurtapenera arte.\",\"breadcrumb\":{\"@id\":\"https:\/\/ceiconsultoria.net\/eu\/zerbitzuak\/kudeaketa-sistemak\/#breadcrumb\"},\"inLanguage\":\"eu-ES\",\"potentialAction\":[{\"@type\":\"ReadAction\",\"target\":[\"https:\/\/ceiconsultoria.net\/eu\/zerbitzuak\/kudeaketa-sistemak\/\"]}]},{\"@type\":\"ImageObject\",\"inLanguage\":\"eu-ES\",\"@id\":\"https:\/\/ceiconsultoria.net\/eu\/zerbitzuak\/kudeaketa-sistemak\/#primaryimage\",\"url\":\"https:\/\/ceiconsultoria.net\/wp-content\/uploads\/2023\/02\/ISO-BAJA.jpg\",\"contentUrl\":\"https:\/\/ceiconsultoria.net\/wp-content\/uploads\/2023\/02\/ISO-BAJA.jpg\",\"width\":1104,\"height\":707},{\"@type\":\"BreadcrumbList\",\"@id\":\"https:\/\/ceiconsultoria.net\/eu\/zerbitzuak\/kudeaketa-sistemak\/#breadcrumb\",\"itemListElement\":[{\"@type\":\"ListItem\",\"position\":1,\"name\":\"Inicio\",\"item\":\"https:\/\/ceiconsultoria.net\/eu\/\"},{\"@type\":\"ListItem\",\"position\":2,\"name\":\"Zerbitzuak\",\"item\":\"https:\/\/ceiconsultoria.net\/eu\/zerbitzuak\/\"},{\"@type\":\"ListItem\",\"position\":3,\"name\":\"Kudeaketa-sistemak\"}]},{\"@type\":\"WebSite\",\"@id\":\"https:\/\/ceiconsultoria.net\/eu\/#website\",\"url\":\"https:\/\/ceiconsultoria.net\/eu\/\",\"name\":\"Cei Consultor\u00eda\",\"description\":\"Asesoramiento en gesti\u00f3n empresarial de innovaci\u00f3n y organizaci\u00f3n para adaptarse a los modelos de negocio que permitan a la empresa competir en la mejor posici\u00f3n.\",\"publisher\":{\"@id\":\"https:\/\/ceiconsultoria.net\/eu\/#organization\"},\"potentialAction\":[{\"@type\":\"SearchAction\",\"target\":{\"@type\":\"EntryPoint\",\"urlTemplate\":\"https:\/\/ceiconsultoria.net\/eu\/?s={search_term_string}\"},\"query-input\":{\"@type\":\"PropertyValueSpecification\",\"valueRequired\":true,\"valueName\":\"search_term_string\"}}],\"inLanguage\":\"eu-ES\"},{\"@type\":\"Organization\",\"@id\":\"https:\/\/ceiconsultoria.net\/eu\/#organization\",\"name\":\"Cei Consultor\u00eda\",\"url\":\"https:\/\/ceiconsultoria.net\/eu\/\",\"logo\":{\"@type\":\"ImageObject\",\"inLanguage\":\"eu-ES\",\"@id\":\"https:\/\/ceiconsultoria.net\/eu\/#\/schema\/logo\/image\/\",\"url\":\"https:\/\/ceiconsultoria.net\/wp-content\/uploads\/2020\/12\/cei-consultoria-l.png\",\"contentUrl\":\"https:\/\/ceiconsultoria.net\/wp-content\/uploads\/2020\/12\/cei-consultoria-l.png\",\"width\":208,\"height\":50,\"caption\":\"Cei Consultor\u00eda\"},\"image\":{\"@id\":\"https:\/\/ceiconsultoria.net\/eu\/#\/schema\/logo\/image\/\"},\"sameAs\":[\"https:\/\/www.facebook.com\/GrupoCei\",\"https:\/\/x.com\/GrupoCei\",\"https:\/\/es.linkedin.com\/company\/consultoria-cei\"]}]}<\/script>\n<!-- \/ Yoast SEO plugin. -->","yoast_head_json":{"title":"Kudeaketa | Cei Consultor\u00eda","description":"Cei-k zerbitzu integrala eskaintzen du kudeaketa-sistemak ezartzeko, hasieratik sistemen ziurtapenera arte.","robots":{"index":"index","follow":"follow","max-snippet":"max-snippet:-1","max-image-preview":"max-image-preview:large","max-video-preview":"max-video-preview:-1"},"canonical":"https:\/\/ceiconsultoria.net\/eu\/zerbitzuak\/kudeaketa-sistemak\/","og_locale":"eu_ES","og_type":"article","og_title":"Kudeaketa | Cei Consultor\u00eda","og_description":"Cei-k zerbitzu integrala eskaintzen du kudeaketa-sistemak ezartzeko, hasieratik sistemen ziurtapenera arte.","og_url":"https:\/\/ceiconsultoria.net\/eu\/zerbitzuak\/kudeaketa-sistemak\/","og_site_name":"Cei Consultor\u00eda","article_publisher":"https:\/\/www.facebook.com\/GrupoCei","article_modified_time":"2023-03-17T09:42:23+00:00","og_image":[{"width":1104,"height":707,"url":"https:\/\/ceiconsultoria.net\/wp-content\/uploads\/2023\/02\/ISO-BAJA.jpg","type":"image\/jpeg"}],"twitter_card":"summary_large_image","twitter_site":"@GrupoCei","twitter_misc":{"Est. reading time":"1 minute"},"schema":{"@context":"https:\/\/schema.org","@graph":[{"@type":"WebPage","@id":"https:\/\/ceiconsultoria.net\/eu\/zerbitzuak\/kudeaketa-sistemak\/","url":"https:\/\/ceiconsultoria.net\/eu\/zerbitzuak\/kudeaketa-sistemak\/","name":"Kudeaketa | Cei Consultor\u00eda","isPartOf":{"@id":"https:\/\/ceiconsultoria.net\/eu\/#website"},"primaryImageOfPage":{"@id":"https:\/\/ceiconsultoria.net\/eu\/zerbitzuak\/kudeaketa-sistemak\/#primaryimage"},"image":{"@id":"https:\/\/ceiconsultoria.net\/eu\/zerbitzuak\/kudeaketa-sistemak\/#primaryimage"},"thumbnailUrl":"https:\/\/ceiconsultoria.net\/wp-content\/uploads\/2023\/02\/ISO-BAJA.jpg","datePublished":"2019-05-07T07:46:41+00:00","dateModified":"2023-03-17T09:42:23+00:00","description":"Cei-k zerbitzu integrala eskaintzen du kudeaketa-sistemak ezartzeko, hasieratik sistemen ziurtapenera arte.","breadcrumb":{"@id":"https:\/\/ceiconsultoria.net\/eu\/zerbitzuak\/kudeaketa-sistemak\/#breadcrumb"},"inLanguage":"eu-ES","potentialAction":[{"@type":"ReadAction","target":["https:\/\/ceiconsultoria.net\/eu\/zerbitzuak\/kudeaketa-sistemak\/"]}]},{"@type":"ImageObject","inLanguage":"eu-ES","@id":"https:\/\/ceiconsultoria.net\/eu\/zerbitzuak\/kudeaketa-sistemak\/#primaryimage","url":"https:\/\/ceiconsultoria.net\/wp-content\/uploads\/2023\/02\/ISO-BAJA.jpg","contentUrl":"https:\/\/ceiconsultoria.net\/wp-content\/uploads\/2023\/02\/ISO-BAJA.jpg","width":1104,"height":707},{"@type":"BreadcrumbList","@id":"https:\/\/ceiconsultoria.net\/eu\/zerbitzuak\/kudeaketa-sistemak\/#breadcrumb","itemListElement":[{"@type":"ListItem","position":1,"name":"Inicio","item":"https:\/\/ceiconsultoria.net\/eu\/"},{"@type":"ListItem","position":2,"name":"Zerbitzuak","item":"https:\/\/ceiconsultoria.net\/eu\/zerbitzuak\/"},{"@type":"ListItem","position":3,"name":"Kudeaketa-sistemak"}]},{"@type":"WebSite","@id":"https:\/\/ceiconsultoria.net\/eu\/#website","url":"https:\/\/ceiconsultoria.net\/eu\/","name":"Cei Consultor\u00eda","description":"Asesoramiento en gesti\u00f3n empresarial de innovaci\u00f3n y organizaci\u00f3n para adaptarse a los modelos de negocio que permitan a la empresa competir en la mejor posici\u00f3n.","publisher":{"@id":"https:\/\/ceiconsultoria.net\/eu\/#organization"},"potentialAction":[{"@type":"SearchAction","target":{"@type":"EntryPoint","urlTemplate":"https:\/\/ceiconsultoria.net\/eu\/?s={search_term_string}"},"query-input":{"@type":"PropertyValueSpecification","valueRequired":true,"valueName":"search_term_string"}}],"inLanguage":"eu-ES"},{"@type":"Organization","@id":"https:\/\/ceiconsultoria.net\/eu\/#organization","name":"Cei Consultor\u00eda","url":"https:\/\/ceiconsultoria.net\/eu\/","logo":{"@type":"ImageObject","inLanguage":"eu-ES","@id":"https:\/\/ceiconsultoria.net\/eu\/#\/schema\/logo\/image\/","url":"https:\/\/ceiconsultoria.net\/wp-content\/uploads\/2020\/12\/cei-consultoria-l.png","contentUrl":"https:\/\/ceiconsultoria.net\/wp-content\/uploads\/2020\/12\/cei-consultoria-l.png","width":208,"height":50,"caption":"Cei Consultor\u00eda"},"image":{"@id":"https:\/\/ceiconsultoria.net\/eu\/#\/schema\/logo\/image\/"},"sameAs":["https:\/\/www.facebook.com\/GrupoCei","https:\/\/x.com\/GrupoCei","https:\/\/es.linkedin.com\/company\/consultoria-cei"]}]}},"_links":{"self":[{"href":"https:\/\/ceiconsultoria.net\/eu\/wp-json\/wp\/v2\/pages\/8237","targetHints":{"allow":["GET"]}}],"collection":[{"href":"https:\/\/ceiconsultoria.net\/eu\/wp-json\/wp\/v2\/pages"}],"about":[{"href":"https:\/\/ceiconsultoria.net\/eu\/wp-json\/wp\/v2\/types\/page"}],"author":[{"embeddable":true,"href":"https:\/\/ceiconsultoria.net\/eu\/wp-json\/wp\/v2\/users\/1"}],"replies":[{"embeddable":true,"href":"https:\/\/ceiconsultoria.net\/eu\/wp-json\/wp\/v2\/comments?post=8237"}],"version-history":[{"count":4,"href":"https:\/\/ceiconsultoria.net\/eu\/wp-json\/wp\/v2\/pages\/8237\/revisions"}],"predecessor-version":[{"id":8241,"href":"https:\/\/ceiconsultoria.net\/eu\/wp-json\/wp\/v2\/pages\/8237\/revisions\/8241"}],"up":[{"embeddable":true,"href":"https:\/\/ceiconsultoria.net\/eu\/wp-json\/wp\/v2\/pages\/8224"}],"wp:featuredmedia":[{"embeddable":true,"href":"https:\/\/ceiconsultoria.net\/eu\/wp-json\/wp\/v2\/media\/8173"}],"wp:attachment":[{"href":"https:\/\/ceiconsultoria.net\/eu\/wp-json\/wp\/v2\/media?parent=8237"}],"curies":[{"name":"wp","href":"https:\/\/api.w.org\/{rel}","templated":true}]}}