{"id":8224,"date":"2015-08-07T19:56:55","date_gmt":"2015-08-07T17:56:55","guid":{"rendered":"https:\/\/ceiconsultoria.net\/zerbitzuak\/"},"modified":"2023-12-15T14:25:24","modified_gmt":"2023-12-15T13:25:24","slug":"zerbitzuak","status":"publish","type":"page","link":"https:\/\/ceiconsultoria.net\/eu\/zerbitzuak\/","title":{"rendered":"Zerbitzuak"},"content":{"rendered":"<div class=\"wpb-content-wrapper\"><p>[vc_row][vc_column][vc_empty_space][\/vc_column][\/vc_row][vc_row][vc_column width=&#8221;1\/6&#8243;][\/vc_column][vc_column width=&#8221;2\/3&#8243;][vc_column_text]<\/p>\n<p style=\"text-align: center;\">Ezagutu <strong>Cei Aholkularitzan<\/strong> ditugun zerbitzu guztiak: Ingurumena eta energia; Kudeaketa-sistemak; Estrategia, prozesuen hobekuntza eta eraginkortasun operatiboa; Pertsonak; Eraldaketa digitala: informazio-sistemak eta negozio-adimena; eta Komertzial&amp;Marketing-a.<\/p>\n<p>[\/vc_column_text][\/vc_column][vc_column width=&#8221;1\/6&#8243;][\/vc_column][\/vc_row][vc_row][vc_column][vc_empty_space][\/vc_column][\/vc_row][vc_row][vc_column width=&#8221;1\/2&#8243;][vc_hoverbox image=&#8221;7700&#8243; primary_title=&#8221;&#8221; hover_title=&#8221;&#8221; shape=&#8221;square&#8221; hover_background_color=&#8221;white&#8221; el_width=&#8221;80&#8243; hover_btn_title=&#8221;GEHIAGO&#8221; hover_btn_color=&#8221;white&#8221; hover_btn_size=&#8221;sm&#8221; hover_add_button=&#8221;true&#8221; css=&#8221;.vc_custom_1675941868684{margin-left: 60px !important;}&#8221; hover_btn_link=&#8221;url:https%3A%2F%2Fceiconsultoria.net%2Feu%2Fzerbitzuak%2Feraldaketa-digitala-informazio-sistemak-eta-negozio-adimena%2F|title:Eraldaketa%20digitala%3A%20informazio%20sistemak%20eta%20negozio-adimena|&#8221;]<strong>ERALDAKETA DIGITALA: INFORMAZIO SISTEMAK ETA NEGOZIO-ADIMENA<\/strong>[\/vc_hoverbox][\/vc_column][vc_column width=&#8221;1\/2&#8243;][vc_hoverbox image=&#8221;7699&#8243; primary_title=&#8221;&#8221; hover_title=&#8221;&#8221; shape=&#8221;square&#8221; hover_background_color=&#8221;white&#8221; el_width=&#8221;80&#8243; hover_btn_title=&#8221;GEHIAGO&#8221; hover_btn_color=&#8221;white&#8221; hover_btn_size=&#8221;sm&#8221; hover_add_button=&#8221;true&#8221; css=&#8221;.vc_custom_1675941158052{margin-left: 60px !important;}&#8221; hover_btn_link=&#8221;url:https%3A%2F%2Fceiconsultoria.net%2Feu%2Fzerbitzuak%2Fkudeaketa-sistemak%2F|title:Kudeaketa-sistemak|&#8221;]<strong>KUDEAKETA-SISTEMAK<\/strong>[\/vc_hoverbox][\/vc_column][\/vc_row][vc_row][vc_column][vc_empty_space][\/vc_column][\/vc_row][vc_row][vc_column width=&#8221;1\/2&#8243;][vc_hoverbox image=&#8221;7701&#8243; primary_title=&#8221;&#8221; hover_title=&#8221;&#8221; shape=&#8221;square&#8221; hover_background_color=&#8221;white&#8221; el_width=&#8221;80&#8243; hover_btn_title=&#8221;GEHIAGO&#8221; hover_btn_color=&#8221;white&#8221; hover_btn_size=&#8221;sm&#8221; hover_add_button=&#8221;true&#8221; css=&#8221;.vc_custom_1675941192607{margin-left: 60px !important;}&#8221; hover_btn_link=&#8221;url:https%3A%2F%2Fceiconsultoria.net%2Feu%2Fzerbitzuak%2Festrategia-prozesuen-hobekuntza-eta-eraginkortasun-operatiboa%2F|title:Estrategia%2C%20prozesuen%20hobekuntza%20eta%20eraginkortasun%20operatiboa|&#8221;]<strong>ESTRATEGIA, PROZESUEN HOBEKUNTZA ETA ERAGINKORTASUN OPERATIBOA<\/strong>[\/vc_hoverbox][\/vc_column][vc_column width=&#8221;1\/2&#8243;][vc_hoverbox image=&#8221;7328&#8243; primary_title=&#8221;&#8221; hover_title=&#8221;&#8221; shape=&#8221;square&#8221; hover_background_color=&#8221;white&#8221; el_width=&#8221;80&#8243; hover_btn_title=&#8221;GEHIAGO&#8221; hover_btn_color=&#8221;white&#8221; hover_btn_size=&#8221;sm&#8221; hover_add_button=&#8221;true&#8221; css=&#8221;.vc_custom_1672917764657{margin-left: 60px !important;}&#8221; hover_btn_link=&#8221;url:https%3A%2F%2Fceiconsultoria.net%2Feu%2Fzerbitzuak%2Fpertsonak%2F|title:Pertsonak|&#8221;]<strong>PERTSONAK<\/strong>[\/vc_hoverbox][\/vc_column][\/vc_row][vc_row][vc_column][vc_empty_space][\/vc_column][\/vc_row][vc_row][vc_column][vc_empty_space][\/vc_column][\/vc_row][vc_row][vc_column][vc_column_text]<\/p>\n<h6 style=\"text-align: center;\">CEI AHOLKULARITZA<\/h6>\n<h3 style=\"text-align: center;\">Enpresa-aholkularitza behar al duzu? Jarri gurekin harremanetan!<\/h3>\n<p>[\/vc_column_text][\/vc_column][\/vc_row][vc_row css=&#8221;.vc_custom_1672916911346{margin-left: 60px !important;}&#8221;][vc_column width=&#8221;1\/5&#8243;][\/vc_column][vc_column width=&#8221;3\/5&#8243;]\n<div class=\"wpcf7 no-js\" id=\"wpcf7-f1836-o1\" lang=\"es-ES\" dir=\"ltr\" data-wpcf7-id=\"1836\">\n<div class=\"screen-reader-response\"><p role=\"status\" aria-live=\"polite\" aria-atomic=\"true\"><\/p> <ul><\/ul><\/div>\n<form action=\"\/eu\/wp-json\/wp\/v2\/pages\/8224#wpcf7-f1836-o1\" method=\"post\" class=\"wpcf7-form init\" aria-label=\"Contact form\" novalidate=\"novalidate\" data-status=\"init\">\n<fieldset class=\"hidden-fields-container\"><input type=\"hidden\" name=\"_wpcf7\" value=\"1836\" \/><input type=\"hidden\" name=\"_wpcf7_version\" value=\"6.1.1\" \/><input type=\"hidden\" name=\"_wpcf7_locale\" value=\"es_ES\" \/><input type=\"hidden\" name=\"_wpcf7_unit_tag\" value=\"wpcf7-f1836-o1\" \/><input type=\"hidden\" name=\"_wpcf7_container_post\" value=\"0\" \/><input type=\"hidden\" name=\"_wpcf7_posted_data_hash\" value=\"\" \/><input type=\"hidden\" name=\"_wpcf7_recaptcha_response\" value=\"\" \/>\n<\/fieldset>\n<div class=\"form_row clearfix\">\n\t<p><label for=\"your-name\"><span class=\"hm_field_name\">Nombre<\/span><span class=\"hm_requires_star\">*<\/span><\/label><span class=\"wpcf7-form-control-wrap\" data-name=\"your-name\"><input size=\"40\" maxlength=\"400\" class=\"wpcf7-form-control wpcf7-text wpcf7-validates-as-required\" id=\"your-name\" aria-required=\"true\" aria-invalid=\"false\" value=\"\" type=\"text\" name=\"your-name\" \/><\/span>\n\t<\/p>\n<\/div>\n<div class=\"form_row clearfix\">\n\t<p><label for=\"your-email\"><span class=\"hm_field_name\">Email<\/span><span class=\"hm_requires_star\">*<\/span><\/label><span class=\"wpcf7-form-control-wrap\" data-name=\"your-email\"><input size=\"40\" maxlength=\"400\" class=\"wpcf7-form-control wpcf7-email wpcf7-validates-as-required wpcf7-text wpcf7-validates-as-email\" id=\"your-email\" aria-required=\"true\" aria-invalid=\"false\" value=\"\" type=\"email\" name=\"your-email\" \/><\/span>\n\t<\/p>\n<\/div>\n<div class=\"form_row clearfix\">\n\t<p><label for=\"your-phone\"><span class=\"hm_field_name\">Tel\u00e9fono<\/span><\/label><span class=\"wpcf7-form-control-wrap\" data-name=\"your-phone\"><input class=\"wpcf7-form-control wpcf7-number wpcf7-validates-as-number\" id=\"your-phone\" aria-invalid=\"false\" value=\"\" type=\"number\" name=\"your-phone\" \/><\/span>\n\t<\/p>\n<\/div>\n<div class=\"form_row clearfix\">\n\t<p><label for=\"servicio\"><span class=\"hm_field_name\">Servicio<\/span><\/label><label class=\"orderby_label\"><span class=\"wpcf7-form-control-wrap\" data-name=\"servicio\"><select class=\"wpcf7-form-control wpcf7-select\" id=\"choose-option\" aria-invalid=\"false\" name=\"servicio\"><option value=\"-\">-<\/option><option value=\"Sistemas de gesti\u00f3n\">Sistemas de gesti\u00f3n<\/option><option value=\"Estrategia, mejora de procesos y eficiencia operativa\">Estrategia, mejora de procesos y eficiencia operativa<\/option><option value=\"Personas\">Personas<\/option><option value=\"Transformaci\u00f3n digital: Sistemas de informaci\u00f3n e Inteligencia de negocio\">Transformaci\u00f3n digital: Sistemas de informaci\u00f3n e Inteligencia de negocio<\/option><\/select><\/span><\/label>\n\t<\/p>\n<\/div>\n<div class=\"form_row clearfix\">\n\t<p><label for=\"your-subject\"><span class=\"hm_field_name\">Asunto<\/span><span class=\"hm_requires_star\">*<\/span><\/label><span class=\"wpcf7-form-control-wrap\" data-name=\"your-subject\"><input size=\"40\" maxlength=\"400\" class=\"wpcf7-form-control wpcf7-text wpcf7-validates-as-required\" id=\"your-subject\" aria-required=\"true\" aria-invalid=\"false\" value=\"\" type=\"text\" name=\"your-subject\" \/><\/span>\n\t<\/p>\n<\/div>\n<div class=\"form_row clearfix\">\n\t<p><label for=\"your-message\"><span class=\"hm_field_name\">Mensaje<\/span><span class=\"hm_requires_star\">*<\/span><\/label><span class=\"wpcf7-form-control-wrap\" data-name=\"your-message\"><textarea cols=\"40\" rows=\"10\" maxlength=\"2000\" class=\"wpcf7-form-control wpcf7-textarea wpcf7-validates-as-required\" id=\"your-message\" aria-required=\"true\" aria-invalid=\"false\" name=\"your-message\"><\/textarea><\/span>\n\t<\/p>\n<\/div>\n<div class=\"form_row clearfix\">\n\t<p><label for=\"lopd\"><span class=\"hm_field_name\"> <\/span><\/label><span class=\"wpcf7-form-control-wrap\" data-name=\"lopd\"><span class=\"wpcf7-form-control wpcf7-acceptance\"><span class=\"wpcf7-list-item\"><label><input type=\"checkbox\" name=\"lopd\" value=\"1\" aria-invalid=\"false\" \/><span class=\"wpcf7-list-item-label\">He le\u00eddo y acepto la Pol\u00edtica de Privacidad<\/span><\/label><\/span><\/span><\/span>\n\t<\/p>\n<\/div>\n<div class=\"form_row clearfix\">\n\t<p><button value=\"submit\" class=\"send_button full_button\" type=\"submit\"><i class=\"ico-check3\"><\/i><span>Enviar mensaje<\/span><\/button>\n\t<\/p>\n<\/div><div class=\"wpcf7-response-output\" aria-hidden=\"true\"><\/div>\n<\/form>\n<\/div>\n[\/vc_column][vc_column width=&#8221;1\/5&#8243;][\/vc_column][\/vc_row][vc_row][vc_column][vc_empty_space][\/vc_column][\/vc_row]<\/p>\n<\/div>","protected":false},"excerpt":{"rendered":"<p>[vc_row][vc_column][vc_empty_space][\/vc_column][\/vc_row][vc_row][vc_column width=&#8221;1\/6&#8243;][\/vc_column][vc_column width=&#8221;2\/3&#8243;][vc_column_text] Ezagutu Cei Aholkularitzan ditugun zerbitzu guztiak: Ingurumena eta energia; Kudeaketa-sistemak; Estrategia, prozesuen hobekuntza eta eraginkortasun operatiboa; Pertsonak; Eraldaketa digitala: informazio-sistemak eta negozio-adimena; eta Komertzial&amp;Marketing-a. [\/vc_column_text][\/vc_column][vc_column width=&#8221;1\/6&#8243;][\/vc_column][\/vc_row][vc_row][vc_column][vc_empty_space][\/vc_column][\/vc_row][vc_row][vc_column width=&#8221;1\/2&#8243;][vc_hoverbox image=&#8221;7700&#8243; primary_title=&#8221;&#8221; hover_title=&#8221;&#8221; shape=&#8221;square&#8221; hover_background_color=&#8221;white&#8221; el_width=&#8221;80&#8243; hover_btn_title=&#8221;GEHIAGO&#8221; hover_btn_color=&#8221;white&#8221; hover_btn_size=&#8221;sm&#8221; hover_add_button=&#8221;true&#8221; css=&#8221;.vc_custom_1675941868684{margin-left: 60px !important;}&#8221; hover_btn_link=&#8221;url:https%3A%2F%2Fceiconsultoria.net%2Feu%2Fzerbitzuak%2Feraldaketa-digitala-informazio-sistemak-eta-negozio-adimena%2F|title:Eraldaketa%20digitala%3A%20informazio%20sistemak%20eta%20negozio-adimena|&#8221;]ERALDAKETA DIGITALA: INFORMAZIO SISTEMAK ETA NEGOZIO-ADIMENA[\/vc_hoverbox][\/vc_column][vc_column width=&#8221;1\/2&#8243;][vc_hoverbox image=&#8221;7699&#8243; primary_title=&#8221;&#8221; hover_title=&#8221;&#8221; shape=&#8221;square&#8221; hover_background_color=&#8221;white&#8221; [&hellip;]<\/p>\n","protected":false},"author":1,"featured_media":0,"parent":0,"menu_order":0,"comment_status":"open","ping_status":"closed","template":"","meta":{"footnotes":""},"class_list":["post-8224","page","type-page","status-publish","hentry"],"yoast_head":"<!-- This site is optimized with the Yoast SEO plugin v25.8 - https:\/\/yoast.com\/wordpress\/plugins\/seo\/ -->\n<title>Zerbitzuak | Cei Consultor\u00eda<\/title>\n<meta name=\"description\" content=\"Gure zerbitzuak kudeaketa aurreratuan oinarritzen dira eta enpresen ekoizpen prozesuetan berrikuntzara bideratuak daude.\" \/>\n<meta name=\"robots\" content=\"index, follow, max-snippet:-1, max-image-preview:large, max-video-preview:-1\" \/>\n<link rel=\"canonical\" href=\"https:\/\/ceiconsultoria.net\/eu\/zerbitzuak\/\" \/>\n<meta property=\"og:locale\" content=\"eu_ES\" \/>\n<meta property=\"og:type\" content=\"article\" \/>\n<meta property=\"og:title\" content=\"Zerbitzuak | Cei Consultor\u00eda\" \/>\n<meta property=\"og:description\" content=\"Gure zerbitzuak kudeaketa aurreratuan oinarritzen dira eta enpresen ekoizpen prozesuetan berrikuntzara bideratuak daude.\" \/>\n<meta property=\"og:url\" content=\"https:\/\/ceiconsultoria.net\/eu\/zerbitzuak\/\" \/>\n<meta property=\"og:site_name\" content=\"Cei Consultor\u00eda\" \/>\n<meta property=\"article:publisher\" content=\"https:\/\/www.facebook.com\/GrupoCei\" \/>\n<meta property=\"article:modified_time\" content=\"2023-12-15T13:25:24+00:00\" \/>\n<meta name=\"twitter:card\" content=\"summary_large_image\" \/>\n<meta name=\"twitter:site\" content=\"@GrupoCei\" \/>\n<meta name=\"twitter:label1\" content=\"Est. reading time\" \/>\n\t<meta name=\"twitter:data1\" content=\"1 minute\" \/>\n<script type=\"application\/ld+json\" class=\"yoast-schema-graph\">{\"@context\":\"https:\/\/schema.org\",\"@graph\":[{\"@type\":\"WebPage\",\"@id\":\"https:\/\/ceiconsultoria.net\/eu\/zerbitzuak\/\",\"url\":\"https:\/\/ceiconsultoria.net\/eu\/zerbitzuak\/\",\"name\":\"Zerbitzuak | Cei Consultor\u00eda\",\"isPartOf\":{\"@id\":\"https:\/\/ceiconsultoria.net\/eu\/#website\"},\"datePublished\":\"2015-08-07T17:56:55+00:00\",\"dateModified\":\"2023-12-15T13:25:24+00:00\",\"description\":\"Gure zerbitzuak kudeaketa aurreratuan oinarritzen dira eta enpresen ekoizpen prozesuetan berrikuntzara bideratuak daude.\",\"breadcrumb\":{\"@id\":\"https:\/\/ceiconsultoria.net\/eu\/zerbitzuak\/#breadcrumb\"},\"inLanguage\":\"eu-ES\",\"potentialAction\":[{\"@type\":\"ReadAction\",\"target\":[\"https:\/\/ceiconsultoria.net\/eu\/zerbitzuak\/\"]}]},{\"@type\":\"BreadcrumbList\",\"@id\":\"https:\/\/ceiconsultoria.net\/eu\/zerbitzuak\/#breadcrumb\",\"itemListElement\":[{\"@type\":\"ListItem\",\"position\":1,\"name\":\"Inicio\",\"item\":\"https:\/\/ceiconsultoria.net\/eu\/\"},{\"@type\":\"ListItem\",\"position\":2,\"name\":\"Zerbitzuak\"}]},{\"@type\":\"WebSite\",\"@id\":\"https:\/\/ceiconsultoria.net\/eu\/#website\",\"url\":\"https:\/\/ceiconsultoria.net\/eu\/\",\"name\":\"Cei Consultor\u00eda\",\"description\":\"Asesoramiento en gesti\u00f3n empresarial de innovaci\u00f3n y organizaci\u00f3n para adaptarse a los modelos de negocio que permitan a la empresa competir en la mejor posici\u00f3n.\",\"publisher\":{\"@id\":\"https:\/\/ceiconsultoria.net\/eu\/#organization\"},\"potentialAction\":[{\"@type\":\"SearchAction\",\"target\":{\"@type\":\"EntryPoint\",\"urlTemplate\":\"https:\/\/ceiconsultoria.net\/eu\/?s={search_term_string}\"},\"query-input\":{\"@type\":\"PropertyValueSpecification\",\"valueRequired\":true,\"valueName\":\"search_term_string\"}}],\"inLanguage\":\"eu-ES\"},{\"@type\":\"Organization\",\"@id\":\"https:\/\/ceiconsultoria.net\/eu\/#organization\",\"name\":\"Cei Consultor\u00eda\",\"url\":\"https:\/\/ceiconsultoria.net\/eu\/\",\"logo\":{\"@type\":\"ImageObject\",\"inLanguage\":\"eu-ES\",\"@id\":\"https:\/\/ceiconsultoria.net\/eu\/#\/schema\/logo\/image\/\",\"url\":\"https:\/\/ceiconsultoria.net\/wp-content\/uploads\/2020\/12\/cei-consultoria-l.png\",\"contentUrl\":\"https:\/\/ceiconsultoria.net\/wp-content\/uploads\/2020\/12\/cei-consultoria-l.png\",\"width\":208,\"height\":50,\"caption\":\"Cei Consultor\u00eda\"},\"image\":{\"@id\":\"https:\/\/ceiconsultoria.net\/eu\/#\/schema\/logo\/image\/\"},\"sameAs\":[\"https:\/\/www.facebook.com\/GrupoCei\",\"https:\/\/x.com\/GrupoCei\",\"https:\/\/es.linkedin.com\/company\/consultoria-cei\"]}]}<\/script>\n<!-- \/ Yoast SEO plugin. -->","yoast_head_json":{"title":"Zerbitzuak | Cei Consultor\u00eda","description":"Gure zerbitzuak kudeaketa aurreratuan oinarritzen dira eta enpresen ekoizpen prozesuetan berrikuntzara bideratuak daude.","robots":{"index":"index","follow":"follow","max-snippet":"max-snippet:-1","max-image-preview":"max-image-preview:large","max-video-preview":"max-video-preview:-1"},"canonical":"https:\/\/ceiconsultoria.net\/eu\/zerbitzuak\/","og_locale":"eu_ES","og_type":"article","og_title":"Zerbitzuak | Cei Consultor\u00eda","og_description":"Gure zerbitzuak kudeaketa aurreratuan oinarritzen dira eta enpresen ekoizpen prozesuetan berrikuntzara bideratuak daude.","og_url":"https:\/\/ceiconsultoria.net\/eu\/zerbitzuak\/","og_site_name":"Cei Consultor\u00eda","article_publisher":"https:\/\/www.facebook.com\/GrupoCei","article_modified_time":"2023-12-15T13:25:24+00:00","twitter_card":"summary_large_image","twitter_site":"@GrupoCei","twitter_misc":{"Est. reading time":"1 minute"},"schema":{"@context":"https:\/\/schema.org","@graph":[{"@type":"WebPage","@id":"https:\/\/ceiconsultoria.net\/eu\/zerbitzuak\/","url":"https:\/\/ceiconsultoria.net\/eu\/zerbitzuak\/","name":"Zerbitzuak | Cei Consultor\u00eda","isPartOf":{"@id":"https:\/\/ceiconsultoria.net\/eu\/#website"},"datePublished":"2015-08-07T17:56:55+00:00","dateModified":"2023-12-15T13:25:24+00:00","description":"Gure zerbitzuak kudeaketa aurreratuan oinarritzen dira eta enpresen ekoizpen prozesuetan berrikuntzara bideratuak daude.","breadcrumb":{"@id":"https:\/\/ceiconsultoria.net\/eu\/zerbitzuak\/#breadcrumb"},"inLanguage":"eu-ES","potentialAction":[{"@type":"ReadAction","target":["https:\/\/ceiconsultoria.net\/eu\/zerbitzuak\/"]}]},{"@type":"BreadcrumbList","@id":"https:\/\/ceiconsultoria.net\/eu\/zerbitzuak\/#breadcrumb","itemListElement":[{"@type":"ListItem","position":1,"name":"Inicio","item":"https:\/\/ceiconsultoria.net\/eu\/"},{"@type":"ListItem","position":2,"name":"Zerbitzuak"}]},{"@type":"WebSite","@id":"https:\/\/ceiconsultoria.net\/eu\/#website","url":"https:\/\/ceiconsultoria.net\/eu\/","name":"Cei Consultor\u00eda","description":"Asesoramiento en gesti\u00f3n empresarial de innovaci\u00f3n y organizaci\u00f3n para adaptarse a los modelos de negocio que permitan a la empresa competir en la mejor posici\u00f3n.","publisher":{"@id":"https:\/\/ceiconsultoria.net\/eu\/#organization"},"potentialAction":[{"@type":"SearchAction","target":{"@type":"EntryPoint","urlTemplate":"https:\/\/ceiconsultoria.net\/eu\/?s={search_term_string}"},"query-input":{"@type":"PropertyValueSpecification","valueRequired":true,"valueName":"search_term_string"}}],"inLanguage":"eu-ES"},{"@type":"Organization","@id":"https:\/\/ceiconsultoria.net\/eu\/#organization","name":"Cei Consultor\u00eda","url":"https:\/\/ceiconsultoria.net\/eu\/","logo":{"@type":"ImageObject","inLanguage":"eu-ES","@id":"https:\/\/ceiconsultoria.net\/eu\/#\/schema\/logo\/image\/","url":"https:\/\/ceiconsultoria.net\/wp-content\/uploads\/2020\/12\/cei-consultoria-l.png","contentUrl":"https:\/\/ceiconsultoria.net\/wp-content\/uploads\/2020\/12\/cei-consultoria-l.png","width":208,"height":50,"caption":"Cei Consultor\u00eda"},"image":{"@id":"https:\/\/ceiconsultoria.net\/eu\/#\/schema\/logo\/image\/"},"sameAs":["https:\/\/www.facebook.com\/GrupoCei","https:\/\/x.com\/GrupoCei","https:\/\/es.linkedin.com\/company\/consultoria-cei"]}]}},"_links":{"self":[{"href":"https:\/\/ceiconsultoria.net\/eu\/wp-json\/wp\/v2\/pages\/8224","targetHints":{"allow":["GET"]}}],"collection":[{"href":"https:\/\/ceiconsultoria.net\/eu\/wp-json\/wp\/v2\/pages"}],"about":[{"href":"https:\/\/ceiconsultoria.net\/eu\/wp-json\/wp\/v2\/types\/page"}],"author":[{"embeddable":true,"href":"https:\/\/ceiconsultoria.net\/eu\/wp-json\/wp\/v2\/users\/1"}],"replies":[{"embeddable":true,"href":"https:\/\/ceiconsultoria.net\/eu\/wp-json\/wp\/v2\/comments?post=8224"}],"version-history":[{"count":6,"href":"https:\/\/ceiconsultoria.net\/eu\/wp-json\/wp\/v2\/pages\/8224\/revisions"}],"predecessor-version":[{"id":9091,"href":"https:\/\/ceiconsultoria.net\/eu\/wp-json\/wp\/v2\/pages\/8224\/revisions\/9091"}],"wp:attachment":[{"href":"https:\/\/ceiconsultoria.net\/eu\/wp-json\/wp\/v2\/media?parent=8224"}],"curies":[{"name":"wp","href":"https:\/\/api.w.org\/{rel}","templated":true}]}}