{"id":8212,"date":"2019-09-30T13:08:43","date_gmt":"2019-09-30T11:08:43","guid":{"rendered":"https:\/\/ceiconsultoria.net\/nor-gara\/"},"modified":"2023-03-17T08:39:30","modified_gmt":"2023-03-17T07:39:30","slug":"nor-gara","status":"publish","type":"page","link":"https:\/\/ceiconsultoria.net\/eu\/nor-gara\/","title":{"rendered":"Nor gara"},"content":{"rendered":"<div class=\"wpb-content-wrapper\"><p>[vc_row][vc_column width=&#8221;2\/3&#8243;]<div class=\"content_section\" style=\"border-color:#e4e4e4;border-style: none;border-top-width: 1px;border-right-width: 0px;border-bottom-width: 1px;border-left-width: 0px;\"><div class=\"hm_no_overlay\" style=\"\"><div class=\"container\">[vc_column_text]<\/p>\n<h4>CEI AHOLKULARITZA<\/h4>\n<p>Cei aholkularitzan berrikuntzaren eta antolakuntzaren inguruan enpresen kudeaketari buruzko aholkularitza eskaintzen dugu, enpresei lehiakortasuna hobetzeko aukera ematen dieten negozio ereduetara egokitzeko.<\/p>\n<p>Gure zerbitzuak kudeaketa aurreratuan oinarritzen dira eta enpresen ekoizpen prozesuetan berrikuntzara bideratuak daude.<\/p>\n<p>Cei Aholkularitza Euskadiko Grupo Cei taldeko enpresaren parte da, eta 30 urte baino gehiago daramatza enpresa-aholkularitza, prestakuntza, diru-laguntzen kudeaketa eta lan-arriskuen prebentzio zerbitzuak eskaintzen.[\/vc_column_text][vc_empty_space height=&#8221;40px&#8221;]<\/div><\/div><\/div>[\/vc_column][vc_column width=&#8221;1\/3&#8243;][vc_empty_space height=&#8221;60px&#8221;][vc_single_image image=&#8221;5610&#8243; img_size=&#8221;full&#8221; alignment=&#8221;center&#8221;][\/vc_column][\/vc_row][vc_row][vc_column]<div class=\"content_section\" style=\"border-color:#e4e4e4;border-style: none;border-top-width: 1px;border-right-width: 0px;border-bottom-width: 1px;border-left-width: 0px;\"><div class=\"hm_no_overlay\" style=\"\"><div class=\"container\">[vc_column_text]<\/p>\n<h4>EZAGUTU GURE MARKAREN BALIOAK:<\/h4>\n<p>Gure balioek gure zerbitzuak enpresaren helburu komunetara bideratzeko dugun helburua markatzen dute. Gure ustez, antolaketa-kultura indartsu eta sendo batekin lan egiteak aukera ematen digu gardenak izateko gure bezero, hornitzaile, laguntzaile eta abarrekin.[\/vc_column_text]<ul class=\"list3 clearfix\"><li>Onestasuna: gardentasuna, zintzotasuna eta argitasuna.<\/li><li>Erantzukizun Soziala: Pertsonen bizi-kalitatea, komunitateari laguntzea eta gizartean eragin positiboa eragitea.<\/li><li>Talde-lana: Tolerantzia, errespetua eta elkartasuna.<\/li><li>Kalitatea: Bezero, hornitzaile eta laguntzaileekin ezarritako parametroak betetzea.<\/li><li>Pasioa: Proiektuetan barne-motibazioa sortzea, mantentzea eta transmititzea.<\/li><\/ul>[vc_empty_space height=&#8221;50px&#8221;]<\/div><\/div><\/div>[\/vc_column][\/vc_row][vc_row css=&#8221;.vc_custom_1673198454949{background-color: #ff6600 !important;}&#8221;][vc_column width=&#8221;1\/6&#8243;][\/vc_column][vc_column width=&#8221;2\/3&#8243;][vc_empty_space height=&#8221;22px&#8221;][vc_column_text]<\/p>\n<h2><span style=\"color: #000000;\">ENPRESA-AHOLKULARITZAREN BILA AL ZABILTZA?<\/span><\/h2>\n<p>[\/vc_column_text][vc_btn title=&#8221;KONTAKTATU&#8221; style=&#8221;flat&#8221; color=&#8221;black&#8221; size=&#8221;xs&#8221; link=&#8221;url:https%3A%2F%2Fceiconsultoria.net%2Feu%2Fkontaktoa%2F|&#8221;][vc_empty_space height=&#8221;40px&#8221;][\/vc_column][vc_column width=&#8221;1\/6&#8243;][\/vc_column][\/vc_row]<\/p>\n<\/div>","protected":false},"excerpt":{"rendered":"<p>[vc_row][vc_column width=&#8221;2\/3&#8243;][\/vc_column][vc_column width=&#8221;1\/3&#8243;][vc_empty_space height=&#8221;60px&#8221;][vc_single_image image=&#8221;5610&#8243; img_size=&#8221;full&#8221; alignment=&#8221;center&#8221;][\/vc_column][\/vc_row][vc_row][vc_column][\/vc_column][\/vc_row][vc_row css=&#8221;.vc_custom_1673198454949{background-color: #ff6600 !important;}&#8221;][vc_column width=&#8221;1\/6&#8243;][\/vc_column][vc_column width=&#8221;2\/3&#8243;][vc_empty_space height=&#8221;22px&#8221;][vc_column_text] ENPRESA-AHOLKULARITZAREN BILA AL ZABILTZA? [\/vc_column_text][vc_btn title=&#8221;KONTAKTATU&#8221; style=&#8221;flat&#8221; color=&#8221;black&#8221; size=&#8221;xs&#8221; link=&#8221;url:https%3A%2F%2Fceiconsultoria.net%2Feu%2Fkontaktoa%2F|&#8221;][vc_empty_space height=&#8221;40px&#8221;][\/vc_column][vc_column width=&#8221;1\/6&#8243;][\/vc_column][\/vc_row]<\/p>\n","protected":false},"author":1,"featured_media":8132,"parent":0,"menu_order":0,"comment_status":"closed","ping_status":"closed","template":"","meta":{"footnotes":""},"class_list":["post-8212","page","type-page","status-publish","has-post-thumbnail","hentry"],"yoast_head":"<!-- This site is optimized with the Yoast SEO plugin v25.8 - https:\/\/yoast.com\/wordpress\/plugins\/seo\/ -->\n<title>Nor gara | Cei Consultor\u00eda<\/title>\n<meta name=\"description\" content=\"Zure enpresaren hobekuntza lehiakorra lortzeko kudeaketan, berrikuntzan eta antolakuntzan aholkularitza eskaintzen dugu.\" \/>\n<meta name=\"robots\" content=\"index, follow, max-snippet:-1, max-image-preview:large, max-video-preview:-1\" \/>\n<link rel=\"canonical\" href=\"https:\/\/ceiconsultoria.net\/eu\/nor-gara\/\" \/>\n<meta property=\"og:locale\" content=\"eu_ES\" \/>\n<meta property=\"og:type\" content=\"article\" \/>\n<meta property=\"og:title\" content=\"Nor gara | Cei Consultor\u00eda\" \/>\n<meta property=\"og:description\" content=\"Zure enpresaren hobekuntza lehiakorra lortzeko kudeaketan, berrikuntzan eta antolakuntzan aholkularitza eskaintzen dugu.\" \/>\n<meta property=\"og:url\" content=\"https:\/\/ceiconsultoria.net\/eu\/nor-gara\/\" \/>\n<meta property=\"og:site_name\" content=\"Cei Consultor\u00eda\" \/>\n<meta property=\"article:publisher\" content=\"https:\/\/www.facebook.com\/GrupoCei\" \/>\n<meta property=\"article:modified_time\" content=\"2023-03-17T07:39:30+00:00\" \/>\n<meta property=\"og:image\" content=\"https:\/\/ceiconsultoria.net\/wp-content\/uploads\/2022\/10\/web-consultoria-quienes-somos.png\" \/>\n\t<meta property=\"og:image:width\" content=\"1920\" \/>\n\t<meta property=\"og:image:height\" content=\"530\" \/>\n\t<meta property=\"og:image:type\" content=\"image\/png\" \/>\n<meta name=\"twitter:card\" content=\"summary_large_image\" \/>\n<meta name=\"twitter:site\" content=\"@GrupoCei\" \/>\n<meta name=\"twitter:label1\" content=\"Est. reading time\" \/>\n\t<meta name=\"twitter:data1\" content=\"1 minute\" \/>\n<script type=\"application\/ld+json\" class=\"yoast-schema-graph\">{\"@context\":\"https:\/\/schema.org\",\"@graph\":[{\"@type\":\"WebPage\",\"@id\":\"https:\/\/ceiconsultoria.net\/eu\/nor-gara\/\",\"url\":\"https:\/\/ceiconsultoria.net\/eu\/nor-gara\/\",\"name\":\"Nor gara | Cei Consultor\u00eda\",\"isPartOf\":{\"@id\":\"https:\/\/ceiconsultoria.net\/eu\/#website\"},\"primaryImageOfPage\":{\"@id\":\"https:\/\/ceiconsultoria.net\/eu\/nor-gara\/#primaryimage\"},\"image\":{\"@id\":\"https:\/\/ceiconsultoria.net\/eu\/nor-gara\/#primaryimage\"},\"thumbnailUrl\":\"https:\/\/ceiconsultoria.net\/wp-content\/uploads\/2022\/10\/web-consultoria-quienes-somos.png\",\"datePublished\":\"2019-09-30T11:08:43+00:00\",\"dateModified\":\"2023-03-17T07:39:30+00:00\",\"description\":\"Zure enpresaren hobekuntza lehiakorra lortzeko kudeaketan, berrikuntzan eta antolakuntzan aholkularitza eskaintzen dugu.\",\"breadcrumb\":{\"@id\":\"https:\/\/ceiconsultoria.net\/eu\/nor-gara\/#breadcrumb\"},\"inLanguage\":\"eu-ES\",\"potentialAction\":[{\"@type\":\"ReadAction\",\"target\":[\"https:\/\/ceiconsultoria.net\/eu\/nor-gara\/\"]}]},{\"@type\":\"ImageObject\",\"inLanguage\":\"eu-ES\",\"@id\":\"https:\/\/ceiconsultoria.net\/eu\/nor-gara\/#primaryimage\",\"url\":\"https:\/\/ceiconsultoria.net\/wp-content\/uploads\/2022\/10\/web-consultoria-quienes-somos.png\",\"contentUrl\":\"https:\/\/ceiconsultoria.net\/wp-content\/uploads\/2022\/10\/web-consultoria-quienes-somos.png\",\"width\":1920,\"height\":530},{\"@type\":\"BreadcrumbList\",\"@id\":\"https:\/\/ceiconsultoria.net\/eu\/nor-gara\/#breadcrumb\",\"itemListElement\":[{\"@type\":\"ListItem\",\"position\":1,\"name\":\"Inicio\",\"item\":\"https:\/\/ceiconsultoria.net\/eu\/\"},{\"@type\":\"ListItem\",\"position\":2,\"name\":\"Nor gara\"}]},{\"@type\":\"WebSite\",\"@id\":\"https:\/\/ceiconsultoria.net\/eu\/#website\",\"url\":\"https:\/\/ceiconsultoria.net\/eu\/\",\"name\":\"Cei Consultor\u00eda\",\"description\":\"Asesoramiento en gesti\u00f3n empresarial de innovaci\u00f3n y organizaci\u00f3n para adaptarse a los modelos de negocio que permitan a la empresa competir en la mejor posici\u00f3n.\",\"publisher\":{\"@id\":\"https:\/\/ceiconsultoria.net\/eu\/#organization\"},\"potentialAction\":[{\"@type\":\"SearchAction\",\"target\":{\"@type\":\"EntryPoint\",\"urlTemplate\":\"https:\/\/ceiconsultoria.net\/eu\/?s={search_term_string}\"},\"query-input\":{\"@type\":\"PropertyValueSpecification\",\"valueRequired\":true,\"valueName\":\"search_term_string\"}}],\"inLanguage\":\"eu-ES\"},{\"@type\":\"Organization\",\"@id\":\"https:\/\/ceiconsultoria.net\/eu\/#organization\",\"name\":\"Cei Consultor\u00eda\",\"url\":\"https:\/\/ceiconsultoria.net\/eu\/\",\"logo\":{\"@type\":\"ImageObject\",\"inLanguage\":\"eu-ES\",\"@id\":\"https:\/\/ceiconsultoria.net\/eu\/#\/schema\/logo\/image\/\",\"url\":\"https:\/\/ceiconsultoria.net\/wp-content\/uploads\/2020\/12\/cei-consultoria-l.png\",\"contentUrl\":\"https:\/\/ceiconsultoria.net\/wp-content\/uploads\/2020\/12\/cei-consultoria-l.png\",\"width\":208,\"height\":50,\"caption\":\"Cei Consultor\u00eda\"},\"image\":{\"@id\":\"https:\/\/ceiconsultoria.net\/eu\/#\/schema\/logo\/image\/\"},\"sameAs\":[\"https:\/\/www.facebook.com\/GrupoCei\",\"https:\/\/x.com\/GrupoCei\",\"https:\/\/es.linkedin.com\/company\/consultoria-cei\"]}]}<\/script>\n<!-- \/ Yoast SEO plugin. -->","yoast_head_json":{"title":"Nor gara | Cei Consultor\u00eda","description":"Zure enpresaren hobekuntza lehiakorra lortzeko kudeaketan, berrikuntzan eta antolakuntzan aholkularitza eskaintzen dugu.","robots":{"index":"index","follow":"follow","max-snippet":"max-snippet:-1","max-image-preview":"max-image-preview:large","max-video-preview":"max-video-preview:-1"},"canonical":"https:\/\/ceiconsultoria.net\/eu\/nor-gara\/","og_locale":"eu_ES","og_type":"article","og_title":"Nor gara | Cei Consultor\u00eda","og_description":"Zure enpresaren hobekuntza lehiakorra lortzeko kudeaketan, berrikuntzan eta antolakuntzan aholkularitza eskaintzen dugu.","og_url":"https:\/\/ceiconsultoria.net\/eu\/nor-gara\/","og_site_name":"Cei Consultor\u00eda","article_publisher":"https:\/\/www.facebook.com\/GrupoCei","article_modified_time":"2023-03-17T07:39:30+00:00","og_image":[{"width":1920,"height":530,"url":"https:\/\/ceiconsultoria.net\/wp-content\/uploads\/2022\/10\/web-consultoria-quienes-somos.png","type":"image\/png"}],"twitter_card":"summary_large_image","twitter_site":"@GrupoCei","twitter_misc":{"Est. reading time":"1 minute"},"schema":{"@context":"https:\/\/schema.org","@graph":[{"@type":"WebPage","@id":"https:\/\/ceiconsultoria.net\/eu\/nor-gara\/","url":"https:\/\/ceiconsultoria.net\/eu\/nor-gara\/","name":"Nor gara | Cei Consultor\u00eda","isPartOf":{"@id":"https:\/\/ceiconsultoria.net\/eu\/#website"},"primaryImageOfPage":{"@id":"https:\/\/ceiconsultoria.net\/eu\/nor-gara\/#primaryimage"},"image":{"@id":"https:\/\/ceiconsultoria.net\/eu\/nor-gara\/#primaryimage"},"thumbnailUrl":"https:\/\/ceiconsultoria.net\/wp-content\/uploads\/2022\/10\/web-consultoria-quienes-somos.png","datePublished":"2019-09-30T11:08:43+00:00","dateModified":"2023-03-17T07:39:30+00:00","description":"Zure enpresaren hobekuntza lehiakorra lortzeko kudeaketan, berrikuntzan eta antolakuntzan aholkularitza eskaintzen dugu.","breadcrumb":{"@id":"https:\/\/ceiconsultoria.net\/eu\/nor-gara\/#breadcrumb"},"inLanguage":"eu-ES","potentialAction":[{"@type":"ReadAction","target":["https:\/\/ceiconsultoria.net\/eu\/nor-gara\/"]}]},{"@type":"ImageObject","inLanguage":"eu-ES","@id":"https:\/\/ceiconsultoria.net\/eu\/nor-gara\/#primaryimage","url":"https:\/\/ceiconsultoria.net\/wp-content\/uploads\/2022\/10\/web-consultoria-quienes-somos.png","contentUrl":"https:\/\/ceiconsultoria.net\/wp-content\/uploads\/2022\/10\/web-consultoria-quienes-somos.png","width":1920,"height":530},{"@type":"BreadcrumbList","@id":"https:\/\/ceiconsultoria.net\/eu\/nor-gara\/#breadcrumb","itemListElement":[{"@type":"ListItem","position":1,"name":"Inicio","item":"https:\/\/ceiconsultoria.net\/eu\/"},{"@type":"ListItem","position":2,"name":"Nor gara"}]},{"@type":"WebSite","@id":"https:\/\/ceiconsultoria.net\/eu\/#website","url":"https:\/\/ceiconsultoria.net\/eu\/","name":"Cei Consultor\u00eda","description":"Asesoramiento en gesti\u00f3n empresarial de innovaci\u00f3n y organizaci\u00f3n para adaptarse a los modelos de negocio que permitan a la empresa competir en la mejor posici\u00f3n.","publisher":{"@id":"https:\/\/ceiconsultoria.net\/eu\/#organization"},"potentialAction":[{"@type":"SearchAction","target":{"@type":"EntryPoint","urlTemplate":"https:\/\/ceiconsultoria.net\/eu\/?s={search_term_string}"},"query-input":{"@type":"PropertyValueSpecification","valueRequired":true,"valueName":"search_term_string"}}],"inLanguage":"eu-ES"},{"@type":"Organization","@id":"https:\/\/ceiconsultoria.net\/eu\/#organization","name":"Cei Consultor\u00eda","url":"https:\/\/ceiconsultoria.net\/eu\/","logo":{"@type":"ImageObject","inLanguage":"eu-ES","@id":"https:\/\/ceiconsultoria.net\/eu\/#\/schema\/logo\/image\/","url":"https:\/\/ceiconsultoria.net\/wp-content\/uploads\/2020\/12\/cei-consultoria-l.png","contentUrl":"https:\/\/ceiconsultoria.net\/wp-content\/uploads\/2020\/12\/cei-consultoria-l.png","width":208,"height":50,"caption":"Cei Consultor\u00eda"},"image":{"@id":"https:\/\/ceiconsultoria.net\/eu\/#\/schema\/logo\/image\/"},"sameAs":["https:\/\/www.facebook.com\/GrupoCei","https:\/\/x.com\/GrupoCei","https:\/\/es.linkedin.com\/company\/consultoria-cei"]}]}},"_links":{"self":[{"href":"https:\/\/ceiconsultoria.net\/eu\/wp-json\/wp\/v2\/pages\/8212","targetHints":{"allow":["GET"]}}],"collection":[{"href":"https:\/\/ceiconsultoria.net\/eu\/wp-json\/wp\/v2\/pages"}],"about":[{"href":"https:\/\/ceiconsultoria.net\/eu\/wp-json\/wp\/v2\/types\/page"}],"author":[{"embeddable":true,"href":"https:\/\/ceiconsultoria.net\/eu\/wp-json\/wp\/v2\/users\/1"}],"replies":[{"embeddable":true,"href":"https:\/\/ceiconsultoria.net\/eu\/wp-json\/wp\/v2\/comments?post=8212"}],"version-history":[{"count":5,"href":"https:\/\/ceiconsultoria.net\/eu\/wp-json\/wp\/v2\/pages\/8212\/revisions"}],"predecessor-version":[{"id":8222,"href":"https:\/\/ceiconsultoria.net\/eu\/wp-json\/wp\/v2\/pages\/8212\/revisions\/8222"}],"wp:featuredmedia":[{"embeddable":true,"href":"https:\/\/ceiconsultoria.net\/eu\/wp-json\/wp\/v2\/media\/8132"}],"wp:attachment":[{"href":"https:\/\/ceiconsultoria.net\/eu\/wp-json\/wp\/v2\/media?parent=8212"}],"curies":[{"name":"wp","href":"https:\/\/api.w.org\/{rel}","templated":true}]}}