{"id":8208,"date":"2020-03-05T10:53:00","date_gmt":"2020-03-05T09:53:00","guid":{"rendered":"https:\/\/ceiconsultoria.net\/kontaktoa\/eskerrik-asko\/"},"modified":"2023-03-17T08:21:09","modified_gmt":"2023-03-17T07:21:09","slug":"eskerrik-asko","status":"publish","type":"page","link":"https:\/\/ceiconsultoria.net\/eu\/kontaktua\/eskerrik-asko\/","title":{"rendered":"Eskerrik asko"},"content":{"rendered":"<div class=\"wpb-content-wrapper\"><p>[vc_row][vc_column]<div class=\"main_title centered main_title65\">\n\t\t\t\t<h2 style=\"text-transform: capitalize;\"><span class=\"line\"><\/span>\u00a1Gracias por contactarnos!<\/h2>\n\t\t\t<\/div><style>.main_title65:not(.has_bg) .line:before {\n\t\t\t\t\t\t\tbackground: #fd6315;\n\t\t\t\t\t\t}<\/style>[vc_single_image image=&#8221;5429&#8243; img_size=&#8221;medium&#8221; alignment=&#8221;center&#8221;][vc_column_text]<\/p>\n<p style=\"text-align: center; font-size: 16px;\">Zure kontsulta jaso dugu eta ahalik eta azkarren jarriko gara zurekin harremanetan.<\/p>\n<p>&nbsp;<\/p>\n<div style=\"text-align: center;\"><div class=\"social_links_widget default_socials simple_socials clearfix\"><a href=\"https:\/\/www.facebook.com\/GrupoCei\" target=\"_blank\" class=\"facebook\"><i class=\"ico-facebook4\"><\/i><\/a><a href=\"https:\/\/twitter.com\/GrupoCei\" target=\"_blank\" class=\"twitter\"><i class=\"ico-twitter4\"><\/i><\/a><a href=\"https:\/\/es.linkedin.com\/company\/consultoria-cei\" target=\"_blank\" class=\"linkedin\"><i class=\"ico-linkedin3\"><\/i><\/a><\/div><\/div>\n<p>[\/vc_column_text][\/vc_column][\/vc_row][vc_row][vc_column][vc_column_text]<\/p>\n<p>[\/vc_column_text][\/vc_column][\/vc_row]<\/p>\n<\/div>","protected":false},"excerpt":{"rendered":"<p>[vc_row][vc_column][vc_single_image image=&#8221;5429&#8243; img_size=&#8221;medium&#8221; alignment=&#8221;center&#8221;][vc_column_text] Zure kontsulta jaso dugu eta ahalik eta azkarren jarriko gara zurekin harremanetan. &nbsp; [\/vc_column_text][\/vc_column][\/vc_row][vc_row][vc_column][vc_column_text] [\/vc_column_text][\/vc_column][\/vc_row]<\/p>\n","protected":false},"author":1,"featured_media":8001,"parent":8183,"menu_order":0,"comment_status":"closed","ping_status":"closed","template":"","meta":{"footnotes":""},"class_list":["post-8208","page","type-page","status-publish","has-post-thumbnail","hentry"],"yoast_head":"<!-- This site is optimized with the Yoast SEO plugin v25.8 - https:\/\/yoast.com\/wordpress\/plugins\/seo\/ -->\n<title>Eskerrik asko | Cei Consultor\u00eda<\/title>\n<meta name=\"description\" content=\"Mila esker Cei-rekin kontaktatu izanagatik. Zure kontsulta jaso dugu eta ahalik eta azkarren jarriko gara zurekin harremanetan.\" \/>\n<meta name=\"robots\" content=\"index, follow, max-snippet:-1, max-image-preview:large, max-video-preview:-1\" \/>\n<link rel=\"canonical\" href=\"https:\/\/ceiconsultoria.net\/eu\/kontaktua\/eskerrik-asko\/\" \/>\n<meta property=\"og:locale\" content=\"eu_ES\" \/>\n<meta property=\"og:type\" content=\"article\" \/>\n<meta property=\"og:title\" content=\"Eskerrik asko | Cei Consultor\u00eda\" \/>\n<meta property=\"og:description\" content=\"Mila esker Cei-rekin kontaktatu izanagatik. Zure kontsulta jaso dugu eta ahalik eta azkarren jarriko gara zurekin harremanetan.\" \/>\n<meta property=\"og:url\" content=\"https:\/\/ceiconsultoria.net\/eu\/kontaktua\/eskerrik-asko\/\" \/>\n<meta property=\"og:site_name\" content=\"Cei Consultor\u00eda\" \/>\n<meta property=\"article:publisher\" content=\"https:\/\/www.facebook.com\/GrupoCei\" \/>\n<meta property=\"article:modified_time\" content=\"2023-03-17T07:21:09+00:00\" \/>\n<meta property=\"og:image\" content=\"https:\/\/ceiconsultoria.net\/wp-content\/uploads\/2020\/03\/gracias.jpg\" \/>\n\t<meta property=\"og:image:width\" content=\"500\" \/>\n\t<meta property=\"og:image:height\" content=\"497\" \/>\n\t<meta property=\"og:image:type\" content=\"image\/jpeg\" \/>\n<meta name=\"twitter:card\" content=\"summary_large_image\" \/>\n<meta name=\"twitter:site\" content=\"@GrupoCei\" \/>\n<meta name=\"twitter:label1\" content=\"Est. reading time\" \/>\n\t<meta name=\"twitter:data1\" content=\"1 minute\" \/>\n<script type=\"application\/ld+json\" class=\"yoast-schema-graph\">{\"@context\":\"https:\/\/schema.org\",\"@graph\":[{\"@type\":\"WebPage\",\"@id\":\"https:\/\/ceiconsultoria.net\/eu\/kontaktua\/eskerrik-asko\/\",\"url\":\"https:\/\/ceiconsultoria.net\/eu\/kontaktua\/eskerrik-asko\/\",\"name\":\"Eskerrik asko | Cei Consultor\u00eda\",\"isPartOf\":{\"@id\":\"https:\/\/ceiconsultoria.net\/eu\/#website\"},\"primaryImageOfPage\":{\"@id\":\"https:\/\/ceiconsultoria.net\/eu\/kontaktua\/eskerrik-asko\/#primaryimage\"},\"image\":{\"@id\":\"https:\/\/ceiconsultoria.net\/eu\/kontaktua\/eskerrik-asko\/#primaryimage\"},\"thumbnailUrl\":\"https:\/\/ceiconsultoria.net\/wp-content\/uploads\/2020\/03\/gracias.jpg\",\"datePublished\":\"2020-03-05T09:53:00+00:00\",\"dateModified\":\"2023-03-17T07:21:09+00:00\",\"description\":\"Mila esker Cei-rekin kontaktatu izanagatik. Zure kontsulta jaso dugu eta ahalik eta azkarren jarriko gara zurekin harremanetan.\",\"breadcrumb\":{\"@id\":\"https:\/\/ceiconsultoria.net\/eu\/kontaktua\/eskerrik-asko\/#breadcrumb\"},\"inLanguage\":\"eu-ES\",\"potentialAction\":[{\"@type\":\"ReadAction\",\"target\":[\"https:\/\/ceiconsultoria.net\/eu\/kontaktua\/eskerrik-asko\/\"]}]},{\"@type\":\"ImageObject\",\"inLanguage\":\"eu-ES\",\"@id\":\"https:\/\/ceiconsultoria.net\/eu\/kontaktua\/eskerrik-asko\/#primaryimage\",\"url\":\"https:\/\/ceiconsultoria.net\/wp-content\/uploads\/2020\/03\/gracias.jpg\",\"contentUrl\":\"https:\/\/ceiconsultoria.net\/wp-content\/uploads\/2020\/03\/gracias.jpg\",\"width\":500,\"height\":497},{\"@type\":\"BreadcrumbList\",\"@id\":\"https:\/\/ceiconsultoria.net\/eu\/kontaktua\/eskerrik-asko\/#breadcrumb\",\"itemListElement\":[{\"@type\":\"ListItem\",\"position\":1,\"name\":\"Inicio\",\"item\":\"https:\/\/ceiconsultoria.net\/eu\/\"},{\"@type\":\"ListItem\",\"position\":2,\"name\":\"Kontaktua\",\"item\":\"https:\/\/ceiconsultoria.net\/eu\/kontaktua\/\"},{\"@type\":\"ListItem\",\"position\":3,\"name\":\"Eskerrik asko\"}]},{\"@type\":\"WebSite\",\"@id\":\"https:\/\/ceiconsultoria.net\/eu\/#website\",\"url\":\"https:\/\/ceiconsultoria.net\/eu\/\",\"name\":\"Cei Consultor\u00eda\",\"description\":\"Asesoramiento en gesti\u00f3n empresarial de innovaci\u00f3n y organizaci\u00f3n para adaptarse a los modelos de negocio que permitan a la empresa competir en la mejor posici\u00f3n.\",\"publisher\":{\"@id\":\"https:\/\/ceiconsultoria.net\/eu\/#organization\"},\"potentialAction\":[{\"@type\":\"SearchAction\",\"target\":{\"@type\":\"EntryPoint\",\"urlTemplate\":\"https:\/\/ceiconsultoria.net\/eu\/?s={search_term_string}\"},\"query-input\":{\"@type\":\"PropertyValueSpecification\",\"valueRequired\":true,\"valueName\":\"search_term_string\"}}],\"inLanguage\":\"eu-ES\"},{\"@type\":\"Organization\",\"@id\":\"https:\/\/ceiconsultoria.net\/eu\/#organization\",\"name\":\"Cei Consultor\u00eda\",\"url\":\"https:\/\/ceiconsultoria.net\/eu\/\",\"logo\":{\"@type\":\"ImageObject\",\"inLanguage\":\"eu-ES\",\"@id\":\"https:\/\/ceiconsultoria.net\/eu\/#\/schema\/logo\/image\/\",\"url\":\"https:\/\/ceiconsultoria.net\/wp-content\/uploads\/2020\/12\/cei-consultoria-l.png\",\"contentUrl\":\"https:\/\/ceiconsultoria.net\/wp-content\/uploads\/2020\/12\/cei-consultoria-l.png\",\"width\":208,\"height\":50,\"caption\":\"Cei Consultor\u00eda\"},\"image\":{\"@id\":\"https:\/\/ceiconsultoria.net\/eu\/#\/schema\/logo\/image\/\"},\"sameAs\":[\"https:\/\/www.facebook.com\/GrupoCei\",\"https:\/\/x.com\/GrupoCei\",\"https:\/\/es.linkedin.com\/company\/consultoria-cei\"]}]}<\/script>\n<!-- \/ Yoast SEO plugin. -->","yoast_head_json":{"title":"Eskerrik asko | Cei Consultor\u00eda","description":"Mila esker Cei-rekin kontaktatu izanagatik. Zure kontsulta jaso dugu eta ahalik eta azkarren jarriko gara zurekin harremanetan.","robots":{"index":"index","follow":"follow","max-snippet":"max-snippet:-1","max-image-preview":"max-image-preview:large","max-video-preview":"max-video-preview:-1"},"canonical":"https:\/\/ceiconsultoria.net\/eu\/kontaktua\/eskerrik-asko\/","og_locale":"eu_ES","og_type":"article","og_title":"Eskerrik asko | Cei Consultor\u00eda","og_description":"Mila esker Cei-rekin kontaktatu izanagatik. Zure kontsulta jaso dugu eta ahalik eta azkarren jarriko gara zurekin harremanetan.","og_url":"https:\/\/ceiconsultoria.net\/eu\/kontaktua\/eskerrik-asko\/","og_site_name":"Cei Consultor\u00eda","article_publisher":"https:\/\/www.facebook.com\/GrupoCei","article_modified_time":"2023-03-17T07:21:09+00:00","og_image":[{"width":500,"height":497,"url":"https:\/\/ceiconsultoria.net\/wp-content\/uploads\/2020\/03\/gracias.jpg","type":"image\/jpeg"}],"twitter_card":"summary_large_image","twitter_site":"@GrupoCei","twitter_misc":{"Est. reading time":"1 minute"},"schema":{"@context":"https:\/\/schema.org","@graph":[{"@type":"WebPage","@id":"https:\/\/ceiconsultoria.net\/eu\/kontaktua\/eskerrik-asko\/","url":"https:\/\/ceiconsultoria.net\/eu\/kontaktua\/eskerrik-asko\/","name":"Eskerrik asko | Cei Consultor\u00eda","isPartOf":{"@id":"https:\/\/ceiconsultoria.net\/eu\/#website"},"primaryImageOfPage":{"@id":"https:\/\/ceiconsultoria.net\/eu\/kontaktua\/eskerrik-asko\/#primaryimage"},"image":{"@id":"https:\/\/ceiconsultoria.net\/eu\/kontaktua\/eskerrik-asko\/#primaryimage"},"thumbnailUrl":"https:\/\/ceiconsultoria.net\/wp-content\/uploads\/2020\/03\/gracias.jpg","datePublished":"2020-03-05T09:53:00+00:00","dateModified":"2023-03-17T07:21:09+00:00","description":"Mila esker Cei-rekin kontaktatu izanagatik. Zure kontsulta jaso dugu eta ahalik eta azkarren jarriko gara zurekin harremanetan.","breadcrumb":{"@id":"https:\/\/ceiconsultoria.net\/eu\/kontaktua\/eskerrik-asko\/#breadcrumb"},"inLanguage":"eu-ES","potentialAction":[{"@type":"ReadAction","target":["https:\/\/ceiconsultoria.net\/eu\/kontaktua\/eskerrik-asko\/"]}]},{"@type":"ImageObject","inLanguage":"eu-ES","@id":"https:\/\/ceiconsultoria.net\/eu\/kontaktua\/eskerrik-asko\/#primaryimage","url":"https:\/\/ceiconsultoria.net\/wp-content\/uploads\/2020\/03\/gracias.jpg","contentUrl":"https:\/\/ceiconsultoria.net\/wp-content\/uploads\/2020\/03\/gracias.jpg","width":500,"height":497},{"@type":"BreadcrumbList","@id":"https:\/\/ceiconsultoria.net\/eu\/kontaktua\/eskerrik-asko\/#breadcrumb","itemListElement":[{"@type":"ListItem","position":1,"name":"Inicio","item":"https:\/\/ceiconsultoria.net\/eu\/"},{"@type":"ListItem","position":2,"name":"Kontaktua","item":"https:\/\/ceiconsultoria.net\/eu\/kontaktua\/"},{"@type":"ListItem","position":3,"name":"Eskerrik asko"}]},{"@type":"WebSite","@id":"https:\/\/ceiconsultoria.net\/eu\/#website","url":"https:\/\/ceiconsultoria.net\/eu\/","name":"Cei Consultor\u00eda","description":"Asesoramiento en gesti\u00f3n empresarial de innovaci\u00f3n y organizaci\u00f3n para adaptarse a los modelos de negocio que permitan a la empresa competir en la mejor posici\u00f3n.","publisher":{"@id":"https:\/\/ceiconsultoria.net\/eu\/#organization"},"potentialAction":[{"@type":"SearchAction","target":{"@type":"EntryPoint","urlTemplate":"https:\/\/ceiconsultoria.net\/eu\/?s={search_term_string}"},"query-input":{"@type":"PropertyValueSpecification","valueRequired":true,"valueName":"search_term_string"}}],"inLanguage":"eu-ES"},{"@type":"Organization","@id":"https:\/\/ceiconsultoria.net\/eu\/#organization","name":"Cei Consultor\u00eda","url":"https:\/\/ceiconsultoria.net\/eu\/","logo":{"@type":"ImageObject","inLanguage":"eu-ES","@id":"https:\/\/ceiconsultoria.net\/eu\/#\/schema\/logo\/image\/","url":"https:\/\/ceiconsultoria.net\/wp-content\/uploads\/2020\/12\/cei-consultoria-l.png","contentUrl":"https:\/\/ceiconsultoria.net\/wp-content\/uploads\/2020\/12\/cei-consultoria-l.png","width":208,"height":50,"caption":"Cei Consultor\u00eda"},"image":{"@id":"https:\/\/ceiconsultoria.net\/eu\/#\/schema\/logo\/image\/"},"sameAs":["https:\/\/www.facebook.com\/GrupoCei","https:\/\/x.com\/GrupoCei","https:\/\/es.linkedin.com\/company\/consultoria-cei"]}]}},"_links":{"self":[{"href":"https:\/\/ceiconsultoria.net\/eu\/wp-json\/wp\/v2\/pages\/8208","targetHints":{"allow":["GET"]}}],"collection":[{"href":"https:\/\/ceiconsultoria.net\/eu\/wp-json\/wp\/v2\/pages"}],"about":[{"href":"https:\/\/ceiconsultoria.net\/eu\/wp-json\/wp\/v2\/types\/page"}],"author":[{"embeddable":true,"href":"https:\/\/ceiconsultoria.net\/eu\/wp-json\/wp\/v2\/users\/1"}],"replies":[{"embeddable":true,"href":"https:\/\/ceiconsultoria.net\/eu\/wp-json\/wp\/v2\/comments?post=8208"}],"version-history":[{"count":2,"href":"https:\/\/ceiconsultoria.net\/eu\/wp-json\/wp\/v2\/pages\/8208\/revisions"}],"predecessor-version":[{"id":8210,"href":"https:\/\/ceiconsultoria.net\/eu\/wp-json\/wp\/v2\/pages\/8208\/revisions\/8210"}],"up":[{"embeddable":true,"href":"https:\/\/ceiconsultoria.net\/eu\/wp-json\/wp\/v2\/pages\/8183"}],"wp:featuredmedia":[{"embeddable":true,"href":"https:\/\/ceiconsultoria.net\/eu\/wp-json\/wp\/v2\/media\/8001"}],"wp:attachment":[{"href":"https:\/\/ceiconsultoria.net\/eu\/wp-json\/wp\/v2\/media?parent=8208"}],"curies":[{"name":"wp","href":"https:\/\/api.w.org\/{rel}","templated":true}]}}