{"id":8183,"date":"2015-08-07T19:57:09","date_gmt":"2015-08-07T17:57:09","guid":{"rendered":"https:\/\/ceiconsultoria.net\/kontaktoa\/"},"modified":"2023-03-17T08:42:47","modified_gmt":"2023-03-17T07:42:47","slug":"kontaktua","status":"publish","type":"page","link":"https:\/\/ceiconsultoria.net\/eu\/kontaktua\/","title":{"rendered":"Kontaktua"},"content":{"rendered":"<div class=\"wpb-content-wrapper\"><div class=\"content_section\" style=\"\"><div class=\"hm_no_overlay\" style=\"padding-top:70px;padding-bottom:70px;\"><div class=\"container\"><div class=\"rows_container clearfix \"><div class=\"col-md-6\" style=\"\"><h2 class=\"title1\" style=\"text-transform: none;\"><i class=\"ico-pencil5\" style=\"\"><\/i>Harremanetarako informazioa<\/h2><div class=\"contact_details_row clearfix\"><span class=\"icon\" style=\"background-color:#3b3239\"><i class=\"ico-location5\"><\/i><\/span><div class=\"c_con\"><span class=\"c_title\">Helbidea<\/span><span class=\"c_detail\"><span class=\"c_name\"><\/span><span class=\"c_desc\">Rekalde 1, 1\u00aa Planta Local 41B<\/span><\/span><span class=\"c_detail\"><span class=\"c_name\"><\/span><span class=\"c_desc\">20160 Lasarte-Oria (Gipuzkoa)<\/span><\/span><\/div><\/div><div class=\"contact_details_row clearfix\"><span class=\"icon\" style=\"background-color:#3b3239\"><i class=\"ico-phone4\"><\/i><\/span><div class=\"c_con\"><span class=\"c_title\">Telefonoa<\/span><span class=\"c_detail\"><span class=\"c_name\">Tel :<\/span><span class=\"c_desc\">943 21 53 64<\/span><\/span><span class=\"c_detail\"><span class=\"c_name\">Fax :<\/span><span class=\"c_desc\">943 21 47 17<\/span><\/span><\/div><\/div><div class=\"contact_details_row clearfix\"><span class=\"icon\" style=\"background-color:#3b3239\"><i class=\"ico-paperplane\"><\/i><\/span><div class=\"c_con\"><span class=\"c_title\">Posta elektronikoa<\/span><span class=\"c_detail\"><span class=\"c_name\"><\/span><span class=\"c_desc\">cei@grupocei.net<\/span><\/span><\/div><\/div><div class=\"contact_details_row clearfix\"><span class=\"icon\" style=\"background-color:#3b3239\"><i class=\"ico-streetsign\"><\/i><\/span><div class=\"c_con\"><span class=\"c_title\">Kokalekua<\/span><span class=\"c_detail\"><span class=\"c_name\">Google Maps :<\/span><a href=\"https:\/\/www.google.es\/maps\/place\/Grupo+Cei\/@43.277531,-2.0131317,17z\/data=!3m1!4b1!4m5!3m4!1s0xd51b04bdae2058d:0x6e0f811430a7dc57!8m2!3d43.277531!4d-2.010943\"><span class=\"c_desc\">Ikusi<\/span><\/a><\/span><span class=\"c_detail\"><span class=\"c_name\">Nola iritsi:<\/span><a href=\"http:\/\/www.grupocei.net\/descargas\/Grupo\/GrupoCei_aREKALDE.pdf\"><span class=\"c_desc\">Ikusi<\/span><\/a><\/span><\/div><\/div><\/div><div class=\"col-md-6\" style=\"\"><h2 class=\"title1 align_left\" style=\"text-transform: none;\"><i class=\"ico-envelope3\" style=\"\"><\/i>Jarri gurekin harremanetan<\/h2>\n<div class=\"wpcf7 no-js\" id=\"wpcf7-f1836-o1\" lang=\"es-ES\" dir=\"ltr\" data-wpcf7-id=\"1836\">\n<div class=\"screen-reader-response\"><p role=\"status\" aria-live=\"polite\" aria-atomic=\"true\"><\/p> <ul><\/ul><\/div>\n<form action=\"\/eu\/wp-json\/wp\/v2\/pages\/8183#wpcf7-f1836-o1\" method=\"post\" class=\"wpcf7-form init\" aria-label=\"Contact form\" novalidate=\"novalidate\" data-status=\"init\">\n<fieldset class=\"hidden-fields-container\"><input type=\"hidden\" name=\"_wpcf7\" value=\"1836\" \/><input type=\"hidden\" name=\"_wpcf7_version\" value=\"6.1.1\" \/><input type=\"hidden\" name=\"_wpcf7_locale\" value=\"es_ES\" \/><input type=\"hidden\" name=\"_wpcf7_unit_tag\" value=\"wpcf7-f1836-o1\" \/><input type=\"hidden\" name=\"_wpcf7_container_post\" value=\"0\" \/><input type=\"hidden\" name=\"_wpcf7_posted_data_hash\" value=\"\" \/><input type=\"hidden\" name=\"_wpcf7_recaptcha_response\" value=\"\" \/>\n<\/fieldset>\n<div class=\"form_row clearfix\">\n\t<p><label for=\"your-name\"><span class=\"hm_field_name\">Nombre<\/span><span class=\"hm_requires_star\">*<\/span><\/label><span class=\"wpcf7-form-control-wrap\" data-name=\"your-name\"><input size=\"40\" maxlength=\"400\" class=\"wpcf7-form-control wpcf7-text wpcf7-validates-as-required\" id=\"your-name\" aria-required=\"true\" aria-invalid=\"false\" value=\"\" type=\"text\" name=\"your-name\" \/><\/span>\n\t<\/p>\n<\/div>\n<div class=\"form_row clearfix\">\n\t<p><label for=\"your-email\"><span class=\"hm_field_name\">Email<\/span><span class=\"hm_requires_star\">*<\/span><\/label><span class=\"wpcf7-form-control-wrap\" data-name=\"your-email\"><input size=\"40\" maxlength=\"400\" class=\"wpcf7-form-control wpcf7-email wpcf7-validates-as-required wpcf7-text wpcf7-validates-as-email\" id=\"your-email\" aria-required=\"true\" aria-invalid=\"false\" value=\"\" type=\"email\" name=\"your-email\" \/><\/span>\n\t<\/p>\n<\/div>\n<div class=\"form_row clearfix\">\n\t<p><label for=\"your-phone\"><span class=\"hm_field_name\">Tel\u00e9fono<\/span><\/label><span class=\"wpcf7-form-control-wrap\" data-name=\"your-phone\"><input class=\"wpcf7-form-control wpcf7-number wpcf7-validates-as-number\" id=\"your-phone\" aria-invalid=\"false\" value=\"\" type=\"number\" name=\"your-phone\" \/><\/span>\n\t<\/p>\n<\/div>\n<div class=\"form_row clearfix\">\n\t<p><label for=\"servicio\"><span class=\"hm_field_name\">Servicio<\/span><\/label><label class=\"orderby_label\"><span class=\"wpcf7-form-control-wrap\" data-name=\"servicio\"><select class=\"wpcf7-form-control wpcf7-select\" id=\"choose-option\" aria-invalid=\"false\" name=\"servicio\"><option value=\"-\">-<\/option><option value=\"Sistemas de gesti\u00f3n\">Sistemas de gesti\u00f3n<\/option><option value=\"Estrategia, mejora de procesos y eficiencia operativa\">Estrategia, mejora de procesos y eficiencia operativa<\/option><option value=\"Personas\">Personas<\/option><option value=\"Transformaci\u00f3n digital: Sistemas de informaci\u00f3n e Inteligencia de negocio\">Transformaci\u00f3n digital: Sistemas de informaci\u00f3n e Inteligencia de negocio<\/option><\/select><\/span><\/label>\n\t<\/p>\n<\/div>\n<div class=\"form_row clearfix\">\n\t<p><label for=\"your-subject\"><span class=\"hm_field_name\">Asunto<\/span><span class=\"hm_requires_star\">*<\/span><\/label><span class=\"wpcf7-form-control-wrap\" data-name=\"your-subject\"><input size=\"40\" maxlength=\"400\" class=\"wpcf7-form-control wpcf7-text wpcf7-validates-as-required\" id=\"your-subject\" aria-required=\"true\" aria-invalid=\"false\" value=\"\" type=\"text\" name=\"your-subject\" \/><\/span>\n\t<\/p>\n<\/div>\n<div class=\"form_row clearfix\">\n\t<p><label for=\"your-message\"><span class=\"hm_field_name\">Mensaje<\/span><span class=\"hm_requires_star\">*<\/span><\/label><span class=\"wpcf7-form-control-wrap\" data-name=\"your-message\"><textarea cols=\"40\" rows=\"10\" maxlength=\"2000\" class=\"wpcf7-form-control wpcf7-textarea wpcf7-validates-as-required\" id=\"your-message\" aria-required=\"true\" aria-invalid=\"false\" name=\"your-message\"><\/textarea><\/span>\n\t<\/p>\n<\/div>\n<div class=\"form_row clearfix\">\n\t<p><label for=\"lopd\"><span class=\"hm_field_name\"> <\/span><\/label><span class=\"wpcf7-form-control-wrap\" data-name=\"lopd\"><span class=\"wpcf7-form-control wpcf7-acceptance\"><span class=\"wpcf7-list-item\"><label><input type=\"checkbox\" name=\"lopd\" value=\"1\" aria-invalid=\"false\" \/><span class=\"wpcf7-list-item-label\">He le\u00eddo y acepto la Pol\u00edtica de Privacidad<\/span><\/label><\/span><\/span><\/span>\n\t<\/p>\n<\/div>\n<div class=\"form_row clearfix\">\n\t<p><button value=\"submit\" class=\"send_button full_button\" type=\"submit\"><i class=\"ico-check3\"><\/i><span>Enviar mensaje<\/span><\/button>\n\t<\/p>\n<\/div><div class=\"wpcf7-response-output\" aria-hidden=\"true\"><\/div>\n<\/form>\n<\/div>\n<\/div><\/div><\/div><\/div><\/div>[vc_row][vc_column][\/vc_column][\/vc_row]<\/p>\n<\/div>","protected":false},"excerpt":{"rendered":"<p>[vc_row][vc_column][\/vc_column][\/vc_row]<\/p>\n","protected":false},"author":1,"featured_media":8131,"parent":0,"menu_order":0,"comment_status":"open","ping_status":"closed","template":"","meta":{"footnotes":""},"class_list":["post-8183","page","type-page","status-publish","has-post-thumbnail","hentry"],"yoast_head":"<!-- This site is optimized with the Yoast SEO plugin v25.8 - https:\/\/yoast.com\/wordpress\/plugins\/seo\/ -->\n<title>Kontaktua | Cei Consultor\u00eda<\/title>\n<meta name=\"description\" content=\"Cei Consultor\u00eda, berrikuntza eta antolakuntzaren enpresen kudeaketari buruzko aholkularitza. Jar zaitez gurekin harremanetan, pozik lagunduko dizuegu!\" \/>\n<meta name=\"robots\" content=\"index, follow, max-snippet:-1, max-image-preview:large, max-video-preview:-1\" \/>\n<link rel=\"canonical\" href=\"https:\/\/ceiconsultoria.net\/eu\/kontaktua\/\" \/>\n<meta property=\"og:locale\" content=\"eu_ES\" \/>\n<meta property=\"og:type\" content=\"article\" \/>\n<meta property=\"og:title\" content=\"Kontaktua | Cei Consultor\u00eda\" \/>\n<meta property=\"og:description\" content=\"Cei Consultor\u00eda, berrikuntza eta antolakuntzaren enpresen kudeaketari buruzko aholkularitza. Jar zaitez gurekin harremanetan, pozik lagunduko dizuegu!\" \/>\n<meta property=\"og:url\" content=\"https:\/\/ceiconsultoria.net\/eu\/kontaktua\/\" \/>\n<meta property=\"og:site_name\" content=\"Cei Consultor\u00eda\" \/>\n<meta property=\"article:publisher\" content=\"https:\/\/www.facebook.com\/GrupoCei\" \/>\n<meta property=\"article:modified_time\" content=\"2023-03-17T07:42:47+00:00\" \/>\n<meta property=\"og:image\" content=\"https:\/\/ceiconsultoria.net\/wp-content\/uploads\/2022\/10\/web-consultoria-contacto.png\" \/>\n\t<meta property=\"og:image:width\" content=\"1920\" \/>\n\t<meta property=\"og:image:height\" content=\"530\" \/>\n\t<meta property=\"og:image:type\" content=\"image\/png\" \/>\n<meta name=\"twitter:card\" content=\"summary_large_image\" \/>\n<meta name=\"twitter:site\" content=\"@GrupoCei\" \/>\n<meta name=\"twitter:label1\" content=\"Est. reading time\" \/>\n\t<meta name=\"twitter:data1\" content=\"1 minute\" \/>\n<script type=\"application\/ld+json\" class=\"yoast-schema-graph\">{\"@context\":\"https:\/\/schema.org\",\"@graph\":[{\"@type\":\"WebPage\",\"@id\":\"https:\/\/ceiconsultoria.net\/eu\/kontaktua\/\",\"url\":\"https:\/\/ceiconsultoria.net\/eu\/kontaktua\/\",\"name\":\"Kontaktua | Cei Consultor\u00eda\",\"isPartOf\":{\"@id\":\"https:\/\/ceiconsultoria.net\/eu\/#website\"},\"primaryImageOfPage\":{\"@id\":\"https:\/\/ceiconsultoria.net\/eu\/kontaktua\/#primaryimage\"},\"image\":{\"@id\":\"https:\/\/ceiconsultoria.net\/eu\/kontaktua\/#primaryimage\"},\"thumbnailUrl\":\"https:\/\/ceiconsultoria.net\/wp-content\/uploads\/2022\/10\/web-consultoria-contacto.png\",\"datePublished\":\"2015-08-07T17:57:09+00:00\",\"dateModified\":\"2023-03-17T07:42:47+00:00\",\"description\":\"Cei Consultor\u00eda, berrikuntza eta antolakuntzaren enpresen kudeaketari buruzko aholkularitza. Jar zaitez gurekin harremanetan, pozik lagunduko dizuegu!\",\"breadcrumb\":{\"@id\":\"https:\/\/ceiconsultoria.net\/eu\/kontaktua\/#breadcrumb\"},\"inLanguage\":\"eu-ES\",\"potentialAction\":[{\"@type\":\"ReadAction\",\"target\":[\"https:\/\/ceiconsultoria.net\/eu\/kontaktua\/\"]}]},{\"@type\":\"ImageObject\",\"inLanguage\":\"eu-ES\",\"@id\":\"https:\/\/ceiconsultoria.net\/eu\/kontaktua\/#primaryimage\",\"url\":\"https:\/\/ceiconsultoria.net\/wp-content\/uploads\/2022\/10\/web-consultoria-contacto.png\",\"contentUrl\":\"https:\/\/ceiconsultoria.net\/wp-content\/uploads\/2022\/10\/web-consultoria-contacto.png\",\"width\":1920,\"height\":530},{\"@type\":\"BreadcrumbList\",\"@id\":\"https:\/\/ceiconsultoria.net\/eu\/kontaktua\/#breadcrumb\",\"itemListElement\":[{\"@type\":\"ListItem\",\"position\":1,\"name\":\"Inicio\",\"item\":\"https:\/\/ceiconsultoria.net\/eu\/\"},{\"@type\":\"ListItem\",\"position\":2,\"name\":\"Kontaktua\"}]},{\"@type\":\"WebSite\",\"@id\":\"https:\/\/ceiconsultoria.net\/eu\/#website\",\"url\":\"https:\/\/ceiconsultoria.net\/eu\/\",\"name\":\"Cei Consultor\u00eda\",\"description\":\"Asesoramiento en gesti\u00f3n empresarial de innovaci\u00f3n y organizaci\u00f3n para adaptarse a los modelos de negocio que permitan a la empresa competir en la mejor posici\u00f3n.\",\"publisher\":{\"@id\":\"https:\/\/ceiconsultoria.net\/eu\/#organization\"},\"potentialAction\":[{\"@type\":\"SearchAction\",\"target\":{\"@type\":\"EntryPoint\",\"urlTemplate\":\"https:\/\/ceiconsultoria.net\/eu\/?s={search_term_string}\"},\"query-input\":{\"@type\":\"PropertyValueSpecification\",\"valueRequired\":true,\"valueName\":\"search_term_string\"}}],\"inLanguage\":\"eu-ES\"},{\"@type\":\"Organization\",\"@id\":\"https:\/\/ceiconsultoria.net\/eu\/#organization\",\"name\":\"Cei Consultor\u00eda\",\"url\":\"https:\/\/ceiconsultoria.net\/eu\/\",\"logo\":{\"@type\":\"ImageObject\",\"inLanguage\":\"eu-ES\",\"@id\":\"https:\/\/ceiconsultoria.net\/eu\/#\/schema\/logo\/image\/\",\"url\":\"https:\/\/ceiconsultoria.net\/wp-content\/uploads\/2020\/12\/cei-consultoria-l.png\",\"contentUrl\":\"https:\/\/ceiconsultoria.net\/wp-content\/uploads\/2020\/12\/cei-consultoria-l.png\",\"width\":208,\"height\":50,\"caption\":\"Cei Consultor\u00eda\"},\"image\":{\"@id\":\"https:\/\/ceiconsultoria.net\/eu\/#\/schema\/logo\/image\/\"},\"sameAs\":[\"https:\/\/www.facebook.com\/GrupoCei\",\"https:\/\/x.com\/GrupoCei\",\"https:\/\/es.linkedin.com\/company\/consultoria-cei\"]}]}<\/script>\n<!-- \/ Yoast SEO plugin. -->","yoast_head_json":{"title":"Kontaktua | Cei Consultor\u00eda","description":"Cei Consultor\u00eda, berrikuntza eta antolakuntzaren enpresen kudeaketari buruzko aholkularitza. Jar zaitez gurekin harremanetan, pozik lagunduko dizuegu!","robots":{"index":"index","follow":"follow","max-snippet":"max-snippet:-1","max-image-preview":"max-image-preview:large","max-video-preview":"max-video-preview:-1"},"canonical":"https:\/\/ceiconsultoria.net\/eu\/kontaktua\/","og_locale":"eu_ES","og_type":"article","og_title":"Kontaktua | Cei Consultor\u00eda","og_description":"Cei Consultor\u00eda, berrikuntza eta antolakuntzaren enpresen kudeaketari buruzko aholkularitza. Jar zaitez gurekin harremanetan, pozik lagunduko dizuegu!","og_url":"https:\/\/ceiconsultoria.net\/eu\/kontaktua\/","og_site_name":"Cei Consultor\u00eda","article_publisher":"https:\/\/www.facebook.com\/GrupoCei","article_modified_time":"2023-03-17T07:42:47+00:00","og_image":[{"width":1920,"height":530,"url":"https:\/\/ceiconsultoria.net\/wp-content\/uploads\/2022\/10\/web-consultoria-contacto.png","type":"image\/png"}],"twitter_card":"summary_large_image","twitter_site":"@GrupoCei","twitter_misc":{"Est. reading time":"1 minute"},"schema":{"@context":"https:\/\/schema.org","@graph":[{"@type":"WebPage","@id":"https:\/\/ceiconsultoria.net\/eu\/kontaktua\/","url":"https:\/\/ceiconsultoria.net\/eu\/kontaktua\/","name":"Kontaktua | Cei Consultor\u00eda","isPartOf":{"@id":"https:\/\/ceiconsultoria.net\/eu\/#website"},"primaryImageOfPage":{"@id":"https:\/\/ceiconsultoria.net\/eu\/kontaktua\/#primaryimage"},"image":{"@id":"https:\/\/ceiconsultoria.net\/eu\/kontaktua\/#primaryimage"},"thumbnailUrl":"https:\/\/ceiconsultoria.net\/wp-content\/uploads\/2022\/10\/web-consultoria-contacto.png","datePublished":"2015-08-07T17:57:09+00:00","dateModified":"2023-03-17T07:42:47+00:00","description":"Cei Consultor\u00eda, berrikuntza eta antolakuntzaren enpresen kudeaketari buruzko aholkularitza. Jar zaitez gurekin harremanetan, pozik lagunduko dizuegu!","breadcrumb":{"@id":"https:\/\/ceiconsultoria.net\/eu\/kontaktua\/#breadcrumb"},"inLanguage":"eu-ES","potentialAction":[{"@type":"ReadAction","target":["https:\/\/ceiconsultoria.net\/eu\/kontaktua\/"]}]},{"@type":"ImageObject","inLanguage":"eu-ES","@id":"https:\/\/ceiconsultoria.net\/eu\/kontaktua\/#primaryimage","url":"https:\/\/ceiconsultoria.net\/wp-content\/uploads\/2022\/10\/web-consultoria-contacto.png","contentUrl":"https:\/\/ceiconsultoria.net\/wp-content\/uploads\/2022\/10\/web-consultoria-contacto.png","width":1920,"height":530},{"@type":"BreadcrumbList","@id":"https:\/\/ceiconsultoria.net\/eu\/kontaktua\/#breadcrumb","itemListElement":[{"@type":"ListItem","position":1,"name":"Inicio","item":"https:\/\/ceiconsultoria.net\/eu\/"},{"@type":"ListItem","position":2,"name":"Kontaktua"}]},{"@type":"WebSite","@id":"https:\/\/ceiconsultoria.net\/eu\/#website","url":"https:\/\/ceiconsultoria.net\/eu\/","name":"Cei Consultor\u00eda","description":"Asesoramiento en gesti\u00f3n empresarial de innovaci\u00f3n y organizaci\u00f3n para adaptarse a los modelos de negocio que permitan a la empresa competir en la mejor posici\u00f3n.","publisher":{"@id":"https:\/\/ceiconsultoria.net\/eu\/#organization"},"potentialAction":[{"@type":"SearchAction","target":{"@type":"EntryPoint","urlTemplate":"https:\/\/ceiconsultoria.net\/eu\/?s={search_term_string}"},"query-input":{"@type":"PropertyValueSpecification","valueRequired":true,"valueName":"search_term_string"}}],"inLanguage":"eu-ES"},{"@type":"Organization","@id":"https:\/\/ceiconsultoria.net\/eu\/#organization","name":"Cei Consultor\u00eda","url":"https:\/\/ceiconsultoria.net\/eu\/","logo":{"@type":"ImageObject","inLanguage":"eu-ES","@id":"https:\/\/ceiconsultoria.net\/eu\/#\/schema\/logo\/image\/","url":"https:\/\/ceiconsultoria.net\/wp-content\/uploads\/2020\/12\/cei-consultoria-l.png","contentUrl":"https:\/\/ceiconsultoria.net\/wp-content\/uploads\/2020\/12\/cei-consultoria-l.png","width":208,"height":50,"caption":"Cei Consultor\u00eda"},"image":{"@id":"https:\/\/ceiconsultoria.net\/eu\/#\/schema\/logo\/image\/"},"sameAs":["https:\/\/www.facebook.com\/GrupoCei","https:\/\/x.com\/GrupoCei","https:\/\/es.linkedin.com\/company\/consultoria-cei"]}]}},"_links":{"self":[{"href":"https:\/\/ceiconsultoria.net\/eu\/wp-json\/wp\/v2\/pages\/8183","targetHints":{"allow":["GET"]}}],"collection":[{"href":"https:\/\/ceiconsultoria.net\/eu\/wp-json\/wp\/v2\/pages"}],"about":[{"href":"https:\/\/ceiconsultoria.net\/eu\/wp-json\/wp\/v2\/types\/page"}],"author":[{"embeddable":true,"href":"https:\/\/ceiconsultoria.net\/eu\/wp-json\/wp\/v2\/users\/1"}],"replies":[{"embeddable":true,"href":"https:\/\/ceiconsultoria.net\/eu\/wp-json\/wp\/v2\/comments?post=8183"}],"version-history":[{"count":10,"href":"https:\/\/ceiconsultoria.net\/eu\/wp-json\/wp\/v2\/pages\/8183\/revisions"}],"predecessor-version":[{"id":8223,"href":"https:\/\/ceiconsultoria.net\/eu\/wp-json\/wp\/v2\/pages\/8183\/revisions\/8223"}],"wp:featuredmedia":[{"embeddable":true,"href":"https:\/\/ceiconsultoria.net\/eu\/wp-json\/wp\/v2\/media\/8131"}],"wp:attachment":[{"href":"https:\/\/ceiconsultoria.net\/eu\/wp-json\/wp\/v2\/media?parent=8183"}],"curies":[{"name":"wp","href":"https:\/\/api.w.org\/{rel}","templated":true}]}}